{"id":456,"date":"2025-11-06T14:19:29","date_gmt":"2025-11-06T14:19:29","guid":{"rendered":"https:\/\/www.munkacsyhotel.hu\/?page_id=456"},"modified":"2025-11-06T15:04:40","modified_gmt":"2025-11-06T15:04:40","slug":"pachet-vanatori","status":"publish","type":"page","link":"https:\/\/www.munkacsyhotel.hu\/ro\/pachete-speciale\/pachet-vanatori\/","title":{"rendered":"Pachet V\u00e2n\u0103tori"},"content":{"rendered":"<p><strong>Pachetul include:<\/strong><\/p>\n<ul>\n<li>Cazare 2 nop\u0163i \/ 3 zile \u00een camere \/ apartamente elegante, nefum\u0103toare, aercondi\u0163ionate, stil minimalist<\/li>\n<li>Mic dejun bogat \u015fi variat tip bufet suedez cu specialit\u0103\u0163i locale<\/li>\n<li>Folosirea gratuit\u0103 a s\u0103lii mici de conferin\u021be<\/li>\n<li>Acces gratuit \u015fi folosirea nelimitat\u0103 a Oazei Wellness (Facilit\u0103\u0163i: jacuzzi intern \u015fi \u00een curte, salin\u0103, cabin\u0103 cu aburi, saun\u0103 finlandez\u0103 cu uleiuri aromaterapie, saun\u0103 cu infraro\u015fu, piscin\u0103 pentru copii cu tobogan, piscin\u0103 adul\u0163i)<\/li>\n<li>Folosirea nelimitat\u0103 a s\u0103lii de fitnes<\/li>\n<li>Wi-Fi gratuit<\/li>\n<li>Halat de baie, papuci &#8211; preg\u0103tire \u00een camer\u0103<\/li>\n<li>O ap\u0103 mineral\u0103 \u015fi o ap\u0103 plat\u0103 &#8211; preg\u0103tire \u00een camer\u0103<\/li>\n<li>Seif de camer\u0103 gratuit<\/li>\n<li>Parcare gratuit\u0103 supravegheat\u0103 cu camere video \u00een fa\u0163a hotelului<\/li>\n<\/ul>\n<p style=\"text-align: center;\">Pentru oferte unice v\u0103 rug\u0103m s\u0103 contacta\u021bi colegii no\u0219tri la urm\u0103toarele date de contact:<br \/>\n<a href=\"mailto:info@munkacsyhotel.hu\">info@munkacsyhotel.hu<\/a> sau la nr. de telefon <a href=\"tel:+3666322376\">+36 66 322 376<\/a><\/p>\n<p style=\"text-align: center;\">Oferta este valabil\u0103 de la minim 6 sau mai multe persoane!<br \/>\nTaxa turistic\u0103: 400 HUF \/ persoan\u0103 \/ noapte (se pl\u0103te\u0219te peste 18 ani)<br \/>\nAnimal de companie: 5000 HUF \/ noapte \/ animal<br \/>\nPrelungire: 10% reducere din pre\u021burile zilnice<br \/>\nPre\u021buri valabile pentru 2025<\/p>\n","protected":false},"excerpt":{"rendered":"<p>Pachetul include: Cazare 2 nop\u0163i \/ 3 zile \u00een camere \/ apartamente elegante, nefum\u0103toare, aercondi\u0163ionate, stil minimalist Mic dejun bogat \u015fi variat tip bufet suedez cu specialit\u0103\u0163i locale Folosirea gratuit\u0103 a s\u0103lii mici de conferin\u021be Acces gratuit \u015fi folosirea nelimitat\u0103 a Oazei Wellness (Facilit\u0103\u0163i: jacuzzi intern \u015fi \u00een curte, salin\u0103, cabin\u0103 cu aburi, saun\u0103 finlandez\u0103 [&hellip;]<\/p>\n","protected":false},"author":199,"featured_media":0,"parent":454,"menu_order":0,"comment_status":"closed","ping_status":"closed","template":"","meta":{"footnotes":""},"yoast_head":"<!-- This site is optimized with the Yoast SEO plugin v22.3 - https:\/\/yoast.com\/wordpress\/plugins\/seo\/ -->\n<title>Pachet V\u00e2n\u0103tori &#8211; Munk\u00e1csy Hotel<\/title>\n<meta name=\"description\" content=\"Pachetul include:   Cazare 2 nop\u0163i \/ 3 zile \u00een camere \/ apartamente elegante, nefum\u0103toare, aercondi\u0163ionate, stil minimalist  Mic dejun bogat \u015fi variat tip bufet suedez cu specialit\u0103\u0163i locale  Folosirea gratuit\u0103 a s\u0103lii mici de conferin\u021be  Acces gratuit \u015fi folosirea nelimitat\u0103 a Oazei Wellness (Facilit\u0103\u0163i: jacuzzi intern \u015fi \u00een curte, salin\u0103, cabin\u0103 cu aburi, saun\u0103 finlandez\u0103 cu uleiuri aromaterapie, saun\u0103 cu infraro\u015fu, piscin\u0103 pentru copii cu tobogan, piscin\u0103 adul\u0163i)  Folosirea nelimitat\u0103 a s\u0103lii de fitnes  Wi-Fi gratuit  Halat de baie, papuci - preg\u0103tire \u00een camer\u0103  O ap\u0103 mineral\u0103 \u015fi o ap\u0103 plat\u0103 - preg\u0103tire \u00een camer\u0103  Seif de camer\u0103 gratuit  Parcare gratuit\u0103 supravegheat\u0103 cu camere video \u00een fa\u0163a hotelului  Pentru oferte unice v\u0103 rug\u0103m s\u0103 contacta\u021bi colegii no\u0219tri la urm\u0103toarele date de contact: info@munkacsyhotel.hu sau la nr. de telefon +36 66 322 376 Oferta este valabil\u0103 de la minim 6 sau mai multe persoane! Taxa turistic\u0103: 400 HUF \/ persoan\u0103 \/ noapte (se pl\u0103te\u0219te peste 18 ani) Animal de companie: 5000 HUF \/ noapte \/ animal Prelungire: 10% reducere din pre\u021burile zilnice Pre\u021buri valabile pentru 2025\" \/>\n<meta name=\"robots\" content=\"index, follow, max-snippet:-1, max-image-preview:large, max-video-preview:-1\" \/>\n<link rel=\"canonical\" href=\"https:\/\/www.munkacsyhotel.hu\/ro\/pachete-speciale\/pachet-vanatori\/\" \/>\n<meta property=\"og:locale\" content=\"ro_RO\" \/>\n<meta property=\"og:type\" content=\"article\" \/>\n<meta property=\"og:title\" content=\"Pachet V\u00e2n\u0103tori &#8211; Munk\u00e1csy Hotel\" \/>\n<meta property=\"og:description\" content=\"Pachetul include:   Cazare 2 nop\u0163i \/ 3 zile \u00een camere \/ apartamente elegante, nefum\u0103toare, aercondi\u0163ionate, stil minimalist  Mic dejun bogat \u015fi variat tip bufet suedez cu specialit\u0103\u0163i locale  Folosirea gratuit\u0103 a s\u0103lii mici de conferin\u021be  Acces gratuit \u015fi folosirea nelimitat\u0103 a Oazei Wellness (Facilit\u0103\u0163i: jacuzzi intern \u015fi \u00een curte, salin\u0103, cabin\u0103 cu aburi, saun\u0103 finlandez\u0103 cu uleiuri aromaterapie, saun\u0103 cu infraro\u015fu, piscin\u0103 pentru copii cu tobogan, piscin\u0103 adul\u0163i)  Folosirea nelimitat\u0103 a s\u0103lii de fitnes  Wi-Fi gratuit  Halat de baie, papuci - preg\u0103tire \u00een camer\u0103  O ap\u0103 mineral\u0103 \u015fi o ap\u0103 plat\u0103 - preg\u0103tire \u00een camer\u0103  Seif de camer\u0103 gratuit  Parcare gratuit\u0103 supravegheat\u0103 cu camere video \u00een fa\u0163a hotelului  Pentru oferte unice v\u0103 rug\u0103m s\u0103 contacta\u021bi colegii no\u0219tri la urm\u0103toarele date de contact: info@munkacsyhotel.hu sau la nr. de telefon +36 66 322 376 Oferta este valabil\u0103 de la minim 6 sau mai multe persoane! Taxa turistic\u0103: 400 HUF \/ persoan\u0103 \/ noapte (se pl\u0103te\u0219te peste 18 ani) Animal de companie: 5000 HUF \/ noapte \/ animal Prelungire: 10% reducere din pre\u021burile zilnice Pre\u021buri valabile pentru 2025\" \/>\n<meta property=\"og:url\" content=\"https:\/\/www.munkacsyhotel.hu\/ro\/pachete-speciale\/pachet-vanatori\/\" \/>\n<meta property=\"og:site_name\" content=\"Munk\u00e1csy Hotel\" \/>\n<meta property=\"article:publisher\" content=\"https:\/\/www.facebook.com\/munkacsyhotel\" \/>\n<meta property=\"article:modified_time\" content=\"2025-11-06T15:04:40+00:00\" \/>\n<meta property=\"og:image\" content=\"https:\/\/www.munkacsyhotel.hu\/wp-content\/uploads\/sites\/155\/2024\/06\/terasz_munkacsy_hotel.jpg\" \/>\n\t<meta property=\"og:image:width\" content=\"1200\" \/>\n\t<meta property=\"og:image:height\" content=\"355\" \/>\n\t<meta property=\"og:image:type\" content=\"image\/jpeg\" \/>\n<meta name=\"twitter:card\" content=\"summary_large_image\" \/>\n<meta name=\"twitter:site\" content=\"@Munkacsy_Hotel\" \/>\n<meta name=\"twitter:label1\" content=\"Timp estimat pentru citire\" \/>\n\t<meta name=\"twitter:data1\" content=\"1 minut\" \/>\n<script type=\"application\/ld+json\" class=\"yoast-schema-graph\">{\"@context\":\"https:\/\/schema.org\",\"@graph\":[{\"@type\":\"WebPage\",\"@id\":\"https:\/\/www.munkacsyhotel.hu\/ro\/pachete-speciale\/pachet-vanatori\/\",\"url\":\"https:\/\/www.munkacsyhotel.hu\/ro\/pachete-speciale\/pachet-vanatori\/\",\"name\":\"Pachet V\u00e2n\u0103tori &#8211; Munk\u00e1csy Hotel\",\"isPartOf\":{\"@id\":\"https:\/\/www.munkacsyhotel.hu\/ro\/#website\"},\"datePublished\":\"2025-11-06T14:19:29+00:00\",\"dateModified\":\"2025-11-06T15:04:40+00:00\",\"description\":\"Pachetul include: \u2022 Cazare 2 nop\u0163i \/ 3 zile \u00een camere \/ apartamente elegante, nefum\u0103toare, aercondi\u0163ionate, stil minimalist \u2022 Mic dejun bogat \u015fi variat tip bufet suedez cu specialit\u0103\u0163i locale \u2022 Folosirea gratuit\u0103 a s\u0103lii mici de conferin\u021be \u2022 Acces gratuit \u015fi folosirea nelimitat\u0103 a Oazei Wellness (Facilit\u0103\u0163i: jacuzzi intern \u015fi \u00een curte, salin\u0103, cabin\u0103 cu aburi, saun\u0103 finlandez\u0103 cu uleiuri aromaterapie, saun\u0103 cu infraro\u015fu, piscin\u0103 pentru copii cu tobogan, piscin\u0103 adul\u0163i) \u2022 Folosirea nelimitat\u0103 a s\u0103lii de fitnes \u2022 Wi-Fi gratuit \u2022 Halat de baie, papuci - preg\u0103tire \u00een camer\u0103 \u2022 O ap\u0103 mineral\u0103 \u015fi o ap\u0103 plat\u0103 - preg\u0103tire \u00een camer\u0103 \u2022 Seif de camer\u0103 gratuit \u2022 Parcare gratuit\u0103 supravegheat\u0103 cu camere video \u00een fa\u0163a hotelului Pentru oferte unice v\u0103 rug\u0103m s\u0103 contacta\u021bi colegii no\u0219tri la urm\u0103toarele date de contact: info@munkacsyhotel.hu sau la nr. de telefon +36 66 322 376 Oferta este valabil\u0103 de la minim 6 sau mai multe persoane! Taxa turistic\u0103: 400 HUF \/ persoan\u0103 \/ noapte (se pl\u0103te\u0219te peste 18 ani) Animal de companie: 5000 HUF \/ noapte \/ animal Prelungire: 10% reducere din pre\u021burile zilnice Pre\u021buri valabile pentru 2025\",\"breadcrumb\":{\"@id\":\"https:\/\/www.munkacsyhotel.hu\/ro\/pachete-speciale\/pachet-vanatori\/#breadcrumb\"},\"inLanguage\":\"ro-RO\",\"potentialAction\":[{\"@type\":\"ReadAction\",\"target\":[\"https:\/\/www.munkacsyhotel.hu\/ro\/pachete-speciale\/pachet-vanatori\/\"]}]},{\"@type\":\"BreadcrumbList\",\"@id\":\"https:\/\/www.munkacsyhotel.hu\/ro\/pachete-speciale\/pachet-vanatori\/#breadcrumb\",\"itemListElement\":[{\"@type\":\"ListItem\",\"position\":1,\"name\":\"Home\",\"item\":\"https:\/\/www.munkacsyhotel.hu\/ro\/\"},{\"@type\":\"ListItem\",\"position\":2,\"name\":\"Pachete speciale\",\"item\":\"https:\/\/www.munkacsyhotel.hu\/ro\/pachete-speciale\/\"},{\"@type\":\"ListItem\",\"position\":3,\"name\":\"Pachet V\u00e2n\u0103tori\"}]},{\"@type\":\"WebSite\",\"@id\":\"https:\/\/www.munkacsyhotel.hu\/ro\/#website\",\"url\":\"https:\/\/www.munkacsyhotel.hu\/ro\/\",\"name\":\"Munk\u00e1csy Hotel\",\"description\":\"Wellness \u00e9s Konferencia Bekescsaba\",\"publisher\":{\"@id\":\"https:\/\/www.munkacsyhotel.hu\/ro\/#organization\"},\"alternateName\":\"Munk\u00e1csy Hotel\",\"potentialAction\":[{\"@type\":\"SearchAction\",\"target\":{\"@type\":\"EntryPoint\",\"urlTemplate\":\"https:\/\/www.munkacsyhotel.hu\/ro\/?s={search_term_string}\"},\"query-input\":\"required name=search_term_string\"}],\"inLanguage\":\"ro-RO\"},{\"@type\":\"Organization\",\"@id\":\"https:\/\/www.munkacsyhotel.hu\/ro\/#organization\",\"name\":\"Munk\u00e1csy Hotel\",\"alternateName\":\"Munkacsy Hotel\u2605\u2605\u2605\u2605\",\"url\":\"https:\/\/www.munkacsyhotel.hu\/ro\/\",\"logo\":{\"@type\":\"ImageObject\",\"inLanguage\":\"ro-RO\",\"@id\":\"https:\/\/www.munkacsyhotel.hu\/ro\/#\/schema\/logo\/image\/\",\"url\":\"https:\/\/www.munkacsyhotel.hu\/wp-content\/uploads\/sites\/155\/2024\/06\/munkacsy_hotel_bekescsaba.png\",\"contentUrl\":\"https:\/\/www.munkacsyhotel.hu\/wp-content\/uploads\/sites\/155\/2024\/06\/munkacsy_hotel_bekescsaba.png\",\"width\":300,\"height\":119,\"caption\":\"Munk\u00e1csy Hotel\"},\"image\":{\"@id\":\"https:\/\/www.munkacsyhotel.hu\/ro\/#\/schema\/logo\/image\/\"},\"sameAs\":[\"https:\/\/www.facebook.com\/munkacsyhotel\",\"https:\/\/twitter.com\/Munkacsy_Hotel\"]}]}<\/script>\n<!-- \/ Yoast SEO plugin. -->","yoast_head_json":{"title":"Pachet V\u00e2n\u0103tori &#8211; Munk\u00e1csy Hotel","description":"Pachetul include:   Cazare 2 nop\u0163i \/ 3 zile \u00een camere \/ apartamente elegante, nefum\u0103toare, aercondi\u0163ionate, stil minimalist  Mic dejun bogat \u015fi variat tip bufet suedez cu specialit\u0103\u0163i locale  Folosirea gratuit\u0103 a s\u0103lii mici de conferin\u021be  Acces gratuit \u015fi folosirea nelimitat\u0103 a Oazei Wellness (Facilit\u0103\u0163i: jacuzzi intern \u015fi \u00een curte, salin\u0103, cabin\u0103 cu aburi, saun\u0103 finlandez\u0103 cu uleiuri aromaterapie, saun\u0103 cu infraro\u015fu, piscin\u0103 pentru copii cu tobogan, piscin\u0103 adul\u0163i)  Folosirea nelimitat\u0103 a s\u0103lii de fitnes  Wi-Fi gratuit  Halat de baie, papuci - preg\u0103tire \u00een camer\u0103  O ap\u0103 mineral\u0103 \u015fi o ap\u0103 plat\u0103 - preg\u0103tire \u00een camer\u0103  Seif de camer\u0103 gratuit  Parcare gratuit\u0103 supravegheat\u0103 cu camere video \u00een fa\u0163a hotelului  Pentru oferte unice v\u0103 rug\u0103m s\u0103 contacta\u021bi colegii no\u0219tri la urm\u0103toarele date de contact: info@munkacsyhotel.hu sau la nr. de telefon +36 66 322 376 Oferta este valabil\u0103 de la minim 6 sau mai multe persoane! Taxa turistic\u0103: 400 HUF \/ persoan\u0103 \/ noapte (se pl\u0103te\u0219te peste 18 ani) Animal de companie: 5000 HUF \/ noapte \/ animal Prelungire: 10% reducere din pre\u021burile zilnice Pre\u021buri valabile pentru 2025","robots":{"index":"index","follow":"follow","max-snippet":"max-snippet:-1","max-image-preview":"max-image-preview:large","max-video-preview":"max-video-preview:-1"},"canonical":"https:\/\/www.munkacsyhotel.hu\/ro\/pachete-speciale\/pachet-vanatori\/","og_locale":"ro_RO","og_type":"article","og_title":"Pachet V\u00e2n\u0103tori &#8211; Munk\u00e1csy Hotel","og_description":"Pachetul include:   Cazare 2 nop\u0163i \/ 3 zile \u00een camere \/ apartamente elegante, nefum\u0103toare, aercondi\u0163ionate, stil minimalist  Mic dejun bogat \u015fi variat tip bufet suedez cu specialit\u0103\u0163i locale  Folosirea gratuit\u0103 a s\u0103lii mici de conferin\u021be  Acces gratuit \u015fi folosirea nelimitat\u0103 a Oazei Wellness (Facilit\u0103\u0163i: jacuzzi intern \u015fi \u00een curte, salin\u0103, cabin\u0103 cu aburi, saun\u0103 finlandez\u0103 cu uleiuri aromaterapie, saun\u0103 cu infraro\u015fu, piscin\u0103 pentru copii cu tobogan, piscin\u0103 adul\u0163i)  Folosirea nelimitat\u0103 a s\u0103lii de fitnes  Wi-Fi gratuit  Halat de baie, papuci - preg\u0103tire \u00een camer\u0103  O ap\u0103 mineral\u0103 \u015fi o ap\u0103 plat\u0103 - preg\u0103tire \u00een camer\u0103  Seif de camer\u0103 gratuit  Parcare gratuit\u0103 supravegheat\u0103 cu camere video \u00een fa\u0163a hotelului  Pentru oferte unice v\u0103 rug\u0103m s\u0103 contacta\u021bi colegii no\u0219tri la urm\u0103toarele date de contact: info@munkacsyhotel.hu sau la nr. de telefon +36 66 322 376 Oferta este valabil\u0103 de la minim 6 sau mai multe persoane! Taxa turistic\u0103: 400 HUF \/ persoan\u0103 \/ noapte (se pl\u0103te\u0219te peste 18 ani) Animal de companie: 5000 HUF \/ noapte \/ animal Prelungire: 10% reducere din pre\u021burile zilnice Pre\u021buri valabile pentru 2025","og_url":"https:\/\/www.munkacsyhotel.hu\/ro\/pachete-speciale\/pachet-vanatori\/","og_site_name":"Munk\u00e1csy Hotel","article_publisher":"https:\/\/www.facebook.com\/munkacsyhotel","article_modified_time":"2025-11-06T15:04:40+00:00","og_image":[{"width":1200,"height":355,"url":"https:\/\/www.munkacsyhotel.hu\/wp-content\/uploads\/sites\/155\/2024\/06\/terasz_munkacsy_hotel.jpg","type":"image\/jpeg"}],"twitter_card":"summary_large_image","twitter_site":"@Munkacsy_Hotel","twitter_misc":{"Timp estimat pentru citire":"1 minut"},"schema":{"@context":"https:\/\/schema.org","@graph":[{"@type":"WebPage","@id":"https:\/\/www.munkacsyhotel.hu\/ro\/pachete-speciale\/pachet-vanatori\/","url":"https:\/\/www.munkacsyhotel.hu\/ro\/pachete-speciale\/pachet-vanatori\/","name":"Pachet V\u00e2n\u0103tori &#8211; Munk\u00e1csy Hotel","isPartOf":{"@id":"https:\/\/www.munkacsyhotel.hu\/ro\/#website"},"datePublished":"2025-11-06T14:19:29+00:00","dateModified":"2025-11-06T15:04:40+00:00","description":"Pachetul include: \u2022 Cazare 2 nop\u0163i \/ 3 zile \u00een camere \/ apartamente elegante, nefum\u0103toare, aercondi\u0163ionate, stil minimalist \u2022 Mic dejun bogat \u015fi variat tip bufet suedez cu specialit\u0103\u0163i locale \u2022 Folosirea gratuit\u0103 a s\u0103lii mici de conferin\u021be \u2022 Acces gratuit \u015fi folosirea nelimitat\u0103 a Oazei Wellness (Facilit\u0103\u0163i: jacuzzi intern \u015fi \u00een curte, salin\u0103, cabin\u0103 cu aburi, saun\u0103 finlandez\u0103 cu uleiuri aromaterapie, saun\u0103 cu infraro\u015fu, piscin\u0103 pentru copii cu tobogan, piscin\u0103 adul\u0163i) \u2022 Folosirea nelimitat\u0103 a s\u0103lii de fitnes \u2022 Wi-Fi gratuit \u2022 Halat de baie, papuci - preg\u0103tire \u00een camer\u0103 \u2022 O ap\u0103 mineral\u0103 \u015fi o ap\u0103 plat\u0103 - preg\u0103tire \u00een camer\u0103 \u2022 Seif de camer\u0103 gratuit \u2022 Parcare gratuit\u0103 supravegheat\u0103 cu camere video \u00een fa\u0163a hotelului Pentru oferte unice v\u0103 rug\u0103m s\u0103 contacta\u021bi colegii no\u0219tri la urm\u0103toarele date de contact: info@munkacsyhotel.hu sau la nr. de telefon +36 66 322 376 Oferta este valabil\u0103 de la minim 6 sau mai multe persoane! Taxa turistic\u0103: 400 HUF \/ persoan\u0103 \/ noapte (se pl\u0103te\u0219te peste 18 ani) Animal de companie: 5000 HUF \/ noapte \/ animal Prelungire: 10% reducere din pre\u021burile zilnice Pre\u021buri valabile pentru 2025","breadcrumb":{"@id":"https:\/\/www.munkacsyhotel.hu\/ro\/pachete-speciale\/pachet-vanatori\/#breadcrumb"},"inLanguage":"ro-RO","potentialAction":[{"@type":"ReadAction","target":["https:\/\/www.munkacsyhotel.hu\/ro\/pachete-speciale\/pachet-vanatori\/"]}]},{"@type":"BreadcrumbList","@id":"https:\/\/www.munkacsyhotel.hu\/ro\/pachete-speciale\/pachet-vanatori\/#breadcrumb","itemListElement":[{"@type":"ListItem","position":1,"name":"Home","item":"https:\/\/www.munkacsyhotel.hu\/ro\/"},{"@type":"ListItem","position":2,"name":"Pachete speciale","item":"https:\/\/www.munkacsyhotel.hu\/ro\/pachete-speciale\/"},{"@type":"ListItem","position":3,"name":"Pachet V\u00e2n\u0103tori"}]},{"@type":"WebSite","@id":"https:\/\/www.munkacsyhotel.hu\/ro\/#website","url":"https:\/\/www.munkacsyhotel.hu\/ro\/","name":"Munk\u00e1csy Hotel","description":"Wellness \u00e9s Konferencia Bekescsaba","publisher":{"@id":"https:\/\/www.munkacsyhotel.hu\/ro\/#organization"},"alternateName":"Munk\u00e1csy Hotel","potentialAction":[{"@type":"SearchAction","target":{"@type":"EntryPoint","urlTemplate":"https:\/\/www.munkacsyhotel.hu\/ro\/?s={search_term_string}"},"query-input":"required name=search_term_string"}],"inLanguage":"ro-RO"},{"@type":"Organization","@id":"https:\/\/www.munkacsyhotel.hu\/ro\/#organization","name":"Munk\u00e1csy Hotel","alternateName":"Munkacsy Hotel\u2605\u2605\u2605\u2605","url":"https:\/\/www.munkacsyhotel.hu\/ro\/","logo":{"@type":"ImageObject","inLanguage":"ro-RO","@id":"https:\/\/www.munkacsyhotel.hu\/ro\/#\/schema\/logo\/image\/","url":"https:\/\/www.munkacsyhotel.hu\/wp-content\/uploads\/sites\/155\/2024\/06\/munkacsy_hotel_bekescsaba.png","contentUrl":"https:\/\/www.munkacsyhotel.hu\/wp-content\/uploads\/sites\/155\/2024\/06\/munkacsy_hotel_bekescsaba.png","width":300,"height":119,"caption":"Munk\u00e1csy Hotel"},"image":{"@id":"https:\/\/www.munkacsyhotel.hu\/ro\/#\/schema\/logo\/image\/"},"sameAs":["https:\/\/www.facebook.com\/munkacsyhotel","https:\/\/twitter.com\/Munkacsy_Hotel"]}]}},"acf":[],"_links":{"self":[{"href":"https:\/\/www.munkacsyhotel.hu\/ro\/wp-json\/wp\/v2\/pages\/456"}],"collection":[{"href":"https:\/\/www.munkacsyhotel.hu\/ro\/wp-json\/wp\/v2\/pages"}],"about":[{"href":"https:\/\/www.munkacsyhotel.hu\/ro\/wp-json\/wp\/v2\/types\/page"}],"author":[{"embeddable":true,"href":"https:\/\/www.munkacsyhotel.hu\/ro\/wp-json\/wp\/v2\/users\/199"}],"replies":[{"embeddable":true,"href":"https:\/\/www.munkacsyhotel.hu\/ro\/wp-json\/wp\/v2\/comments?post=456"}],"version-history":[{"count":0,"href":"https:\/\/www.munkacsyhotel.hu\/ro\/wp-json\/wp\/v2\/pages\/456\/revisions"}],"up":[{"embeddable":true,"href":"https:\/\/www.munkacsyhotel.hu\/ro\/wp-json\/wp\/v2\/pages\/454"}],"wp:attachment":[{"href":"https:\/\/www.munkacsyhotel.hu\/ro\/wp-json\/wp\/v2\/media?parent=456"}],"curies":[{"name":"wp","href":"https:\/\/api.w.org\/{rel}","templated":true}]}}