{"id":336,"date":"2024-06-28T13:58:19","date_gmt":"2024-06-28T13:58:19","guid":{"rendered":"https:\/\/munkacsy-hotel.ms2.decms.eu\/wellness-oazis\/"},"modified":"2024-08-26T08:32:13","modified_gmt":"2024-08-26T08:32:13","slug":"oaza-de-wellness","status":"publish","type":"page","link":"https:\/\/www.munkacsyhotel.hu\/ro\/oaza-de-wellness\/","title":{"rendered":"Oaza de Wellness"},"content":{"rendered":"<p>Zona de wellness a hotelului ofer\u0103 oaspe\u021bilor armonia completitudinii, permi\u021b\u00e2ndu-le s\u0103 se cufunde \u00eentr-o adev\u0103rat\u0103 experien\u021b\u0103 de lux \u0219i s\u0103 beneficieze at\u00e2t de re\u00eentinerire fizic\u0103, c\u00e2t \u0219i mental\u0103.<\/p>\n<p>\u0218tiai c\u0103?<\/p>\n<p>Wellness este un concept de tendin\u021b\u0103 care \u0219i-a \u00eenceput c\u0103l\u0103toria global\u0103 \u00een anii 1950 \u00een America \u0219i este asociat cu Dr. Halbert L. Dunn, un medic. Termenul este o combina\u021bie \u00eentre \u201ewell-being\u201d (stare de bine) \u0219i \u201efitness\u201d (condi\u021bie fizic\u0103 bun\u0103). \u00cen maghiar\u0103, wellness \u00eenseamn\u0103: \u201eSimte-te bine!\u201d<\/p>\n","protected":false},"excerpt":{"rendered":"<p>Zona de wellness a hotelului ofer\u0103 oaspe\u021bilor armonia completitudinii, permi\u021b\u00e2ndu-le s\u0103 se cufunde \u00eentr-o adev\u0103rat\u0103 experien\u021b\u0103 de lux \u0219i s\u0103 beneficieze at\u00e2t de re\u00eentinerire fizic\u0103, c\u00e2t \u0219i mental\u0103. \u0218tiai c\u0103? Wellness este un concept de tendin\u021b\u0103 care \u0219i-a \u00eenceput c\u0103l\u0103toria global\u0103 \u00een anii 1950 \u00een America \u0219i este asociat cu Dr. Halbert L. Dunn, un [&hellip;]<\/p>\n","protected":false},"author":12,"featured_media":0,"parent":0,"menu_order":50,"comment_status":"closed","ping_status":"closed","template":"template-spa.php","meta":{"footnotes":""},"yoast_head":"<!-- This site is optimized with the Yoast SEO plugin v22.3 - https:\/\/yoast.com\/wordpress\/plugins\/seo\/ -->\n<title>Oaza de Wellness &#8211; Munk\u00e1csy Hotel<\/title>\n<meta name=\"description\" content=\"Zona de wellness a hotelului ofer\u0103 oaspe\u021bilor armonia completitudinii, permi\u021b\u00e2ndu-le s\u0103 se cufunde \u00eentr-o adev\u0103rat\u0103 experien\u021b\u0103 de lux \u0219i s\u0103 beneficieze at\u00e2t de re\u00eentinerire fizic\u0103, c\u00e2t \u0219i mental\u0103.  \u0218tiai c\u0103?  Wellness este un concept de tendin\u021b\u0103 care \u0219i-a \u00eenceput c\u0103l\u0103toria global\u0103 \u00een anii 1950 \u00een America \u0219i este asociat cu Dr. Halbert L\" \/>\n<meta name=\"robots\" content=\"index, follow, max-snippet:-1, max-image-preview:large, max-video-preview:-1\" \/>\n<link rel=\"canonical\" href=\"https:\/\/www.munkacsyhotel.hu\/ro\/oaza-de-wellness\/\" \/>\n<meta property=\"og:locale\" content=\"ro_RO\" \/>\n<meta property=\"og:type\" content=\"article\" \/>\n<meta property=\"og:title\" content=\"Oaza de Wellness &#8211; Munk\u00e1csy Hotel\" \/>\n<meta property=\"og:description\" content=\"Zona de wellness a hotelului ofer\u0103 oaspe\u021bilor armonia completitudinii, permi\u021b\u00e2ndu-le s\u0103 se cufunde \u00eentr-o adev\u0103rat\u0103 experien\u021b\u0103 de lux \u0219i s\u0103 beneficieze at\u00e2t de re\u00eentinerire fizic\u0103, c\u00e2t \u0219i mental\u0103.  \u0218tiai c\u0103?  Wellness este un concept de tendin\u021b\u0103 care \u0219i-a \u00eenceput c\u0103l\u0103toria global\u0103 \u00een anii 1950 \u00een America \u0219i este asociat cu Dr. Halbert L\" \/>\n<meta property=\"og:url\" content=\"https:\/\/www.munkacsyhotel.hu\/ro\/oaza-de-wellness\/\" \/>\n<meta property=\"og:site_name\" content=\"Munk\u00e1csy Hotel\" \/>\n<meta property=\"article:publisher\" content=\"https:\/\/www.facebook.com\/munkacsyhotel\" \/>\n<meta property=\"article:modified_time\" content=\"2024-08-26T08:32:13+00:00\" \/>\n<meta property=\"og:image\" content=\"https:\/\/www.munkacsyhotel.hu\/wp-content\/uploads\/sites\/155\/2024\/06\/terasz_munkacsy_hotel.jpg\" \/>\n\t<meta property=\"og:image:width\" content=\"1200\" \/>\n\t<meta property=\"og:image:height\" content=\"355\" \/>\n\t<meta property=\"og:image:type\" content=\"image\/jpeg\" \/>\n<meta name=\"twitter:card\" content=\"summary_large_image\" \/>\n<meta name=\"twitter:site\" content=\"@Munkacsy_Hotel\" \/>\n<meta name=\"twitter:label1\" content=\"Timp estimat pentru citire\" \/>\n\t<meta name=\"twitter:data1\" content=\"1 minut\" \/>\n<script type=\"application\/ld+json\" class=\"yoast-schema-graph\">{\"@context\":\"https:\/\/schema.org\",\"@graph\":[{\"@type\":\"WebPage\",\"@id\":\"https:\/\/www.munkacsyhotel.hu\/ro\/oaza-de-wellness\/\",\"url\":\"https:\/\/www.munkacsyhotel.hu\/ro\/oaza-de-wellness\/\",\"name\":\"Oaza de Wellness &#8211; Munk\u00e1csy Hotel\",\"isPartOf\":{\"@id\":\"https:\/\/www.munkacsyhotel.hu\/ro\/#website\"},\"datePublished\":\"2024-06-28T13:58:19+00:00\",\"dateModified\":\"2024-08-26T08:32:13+00:00\",\"description\":\"Zona de wellness a hotelului ofer\u0103 oaspe\u021bilor armonia completitudinii, permi\u021b\u00e2ndu-le s\u0103 se cufunde \u00eentr-o adev\u0103rat\u0103 experien\u021b\u0103 de lux \u0219i s\u0103 beneficieze at\u00e2t de re\u00eentinerire fizic\u0103, c\u00e2t \u0219i mental\u0103. \u0218tiai c\u0103? Wellness este un concept de tendin\u021b\u0103 care \u0219i-a \u00eenceput c\u0103l\u0103toria global\u0103 \u00een anii 1950 \u00een America \u0219i este asociat cu Dr. Halbert L\",\"breadcrumb\":{\"@id\":\"https:\/\/www.munkacsyhotel.hu\/ro\/oaza-de-wellness\/#breadcrumb\"},\"inLanguage\":\"ro-RO\",\"potentialAction\":[{\"@type\":\"ReadAction\",\"target\":[\"https:\/\/www.munkacsyhotel.hu\/ro\/oaza-de-wellness\/\"]}]},{\"@type\":\"BreadcrumbList\",\"@id\":\"https:\/\/www.munkacsyhotel.hu\/ro\/oaza-de-wellness\/#breadcrumb\",\"itemListElement\":[{\"@type\":\"ListItem\",\"position\":1,\"name\":\"Home\",\"item\":\"https:\/\/www.munkacsyhotel.hu\/ro\/\"},{\"@type\":\"ListItem\",\"position\":2,\"name\":\"Oaza de Wellness\"}]},{\"@type\":\"WebSite\",\"@id\":\"https:\/\/www.munkacsyhotel.hu\/ro\/#website\",\"url\":\"https:\/\/www.munkacsyhotel.hu\/ro\/\",\"name\":\"Munk\u00e1csy Hotel\",\"description\":\"Wellness \u00e9s Konferencia Bekescsaba\",\"publisher\":{\"@id\":\"https:\/\/www.munkacsyhotel.hu\/ro\/#organization\"},\"alternateName\":\"Munk\u00e1csy Hotel\",\"potentialAction\":[{\"@type\":\"SearchAction\",\"target\":{\"@type\":\"EntryPoint\",\"urlTemplate\":\"https:\/\/www.munkacsyhotel.hu\/ro\/?s={search_term_string}\"},\"query-input\":\"required name=search_term_string\"}],\"inLanguage\":\"ro-RO\"},{\"@type\":\"Organization\",\"@id\":\"https:\/\/www.munkacsyhotel.hu\/ro\/#organization\",\"name\":\"Munk\u00e1csy Hotel\",\"alternateName\":\"Munkacsy Hotel\u2605\u2605\u2605\u2605\",\"url\":\"https:\/\/www.munkacsyhotel.hu\/ro\/\",\"logo\":{\"@type\":\"ImageObject\",\"inLanguage\":\"ro-RO\",\"@id\":\"https:\/\/www.munkacsyhotel.hu\/ro\/#\/schema\/logo\/image\/\",\"url\":\"https:\/\/www.munkacsyhotel.hu\/wp-content\/uploads\/sites\/155\/2024\/06\/munkacsy_hotel_bekescsaba.png\",\"contentUrl\":\"https:\/\/www.munkacsyhotel.hu\/wp-content\/uploads\/sites\/155\/2024\/06\/munkacsy_hotel_bekescsaba.png\",\"width\":300,\"height\":119,\"caption\":\"Munk\u00e1csy Hotel\"},\"image\":{\"@id\":\"https:\/\/www.munkacsyhotel.hu\/ro\/#\/schema\/logo\/image\/\"},\"sameAs\":[\"https:\/\/www.facebook.com\/munkacsyhotel\",\"https:\/\/twitter.com\/Munkacsy_Hotel\"]}]}<\/script>\n<!-- \/ Yoast SEO plugin. -->","yoast_head_json":{"title":"Oaza de Wellness &#8211; Munk\u00e1csy Hotel","description":"Zona de wellness a hotelului ofer\u0103 oaspe\u021bilor armonia completitudinii, permi\u021b\u00e2ndu-le s\u0103 se cufunde \u00eentr-o adev\u0103rat\u0103 experien\u021b\u0103 de lux \u0219i s\u0103 beneficieze at\u00e2t de re\u00eentinerire fizic\u0103, c\u00e2t \u0219i mental\u0103.  \u0218tiai c\u0103?  Wellness este un concept de tendin\u021b\u0103 care \u0219i-a \u00eenceput c\u0103l\u0103toria global\u0103 \u00een anii 1950 \u00een America \u0219i este asociat cu Dr. Halbert L","robots":{"index":"index","follow":"follow","max-snippet":"max-snippet:-1","max-image-preview":"max-image-preview:large","max-video-preview":"max-video-preview:-1"},"canonical":"https:\/\/www.munkacsyhotel.hu\/ro\/oaza-de-wellness\/","og_locale":"ro_RO","og_type":"article","og_title":"Oaza de Wellness &#8211; Munk\u00e1csy Hotel","og_description":"Zona de wellness a hotelului ofer\u0103 oaspe\u021bilor armonia completitudinii, permi\u021b\u00e2ndu-le s\u0103 se cufunde \u00eentr-o adev\u0103rat\u0103 experien\u021b\u0103 de lux \u0219i s\u0103 beneficieze at\u00e2t de re\u00eentinerire fizic\u0103, c\u00e2t \u0219i mental\u0103.  \u0218tiai c\u0103?  Wellness este un concept de tendin\u021b\u0103 care \u0219i-a \u00eenceput c\u0103l\u0103toria global\u0103 \u00een anii 1950 \u00een America \u0219i este asociat cu Dr. Halbert L","og_url":"https:\/\/www.munkacsyhotel.hu\/ro\/oaza-de-wellness\/","og_site_name":"Munk\u00e1csy Hotel","article_publisher":"https:\/\/www.facebook.com\/munkacsyhotel","article_modified_time":"2024-08-26T08:32:13+00:00","og_image":[{"width":1200,"height":355,"url":"https:\/\/www.munkacsyhotel.hu\/wp-content\/uploads\/sites\/155\/2024\/06\/terasz_munkacsy_hotel.jpg","type":"image\/jpeg"}],"twitter_card":"summary_large_image","twitter_site":"@Munkacsy_Hotel","twitter_misc":{"Timp estimat pentru citire":"1 minut"},"schema":{"@context":"https:\/\/schema.org","@graph":[{"@type":"WebPage","@id":"https:\/\/www.munkacsyhotel.hu\/ro\/oaza-de-wellness\/","url":"https:\/\/www.munkacsyhotel.hu\/ro\/oaza-de-wellness\/","name":"Oaza de Wellness &#8211; Munk\u00e1csy Hotel","isPartOf":{"@id":"https:\/\/www.munkacsyhotel.hu\/ro\/#website"},"datePublished":"2024-06-28T13:58:19+00:00","dateModified":"2024-08-26T08:32:13+00:00","description":"Zona de wellness a hotelului ofer\u0103 oaspe\u021bilor armonia completitudinii, permi\u021b\u00e2ndu-le s\u0103 se cufunde \u00eentr-o adev\u0103rat\u0103 experien\u021b\u0103 de lux \u0219i s\u0103 beneficieze at\u00e2t de re\u00eentinerire fizic\u0103, c\u00e2t \u0219i mental\u0103. \u0218tiai c\u0103? Wellness este un concept de tendin\u021b\u0103 care \u0219i-a \u00eenceput c\u0103l\u0103toria global\u0103 \u00een anii 1950 \u00een America \u0219i este asociat cu Dr. Halbert L","breadcrumb":{"@id":"https:\/\/www.munkacsyhotel.hu\/ro\/oaza-de-wellness\/#breadcrumb"},"inLanguage":"ro-RO","potentialAction":[{"@type":"ReadAction","target":["https:\/\/www.munkacsyhotel.hu\/ro\/oaza-de-wellness\/"]}]},{"@type":"BreadcrumbList","@id":"https:\/\/www.munkacsyhotel.hu\/ro\/oaza-de-wellness\/#breadcrumb","itemListElement":[{"@type":"ListItem","position":1,"name":"Home","item":"https:\/\/www.munkacsyhotel.hu\/ro\/"},{"@type":"ListItem","position":2,"name":"Oaza de Wellness"}]},{"@type":"WebSite","@id":"https:\/\/www.munkacsyhotel.hu\/ro\/#website","url":"https:\/\/www.munkacsyhotel.hu\/ro\/","name":"Munk\u00e1csy Hotel","description":"Wellness \u00e9s Konferencia Bekescsaba","publisher":{"@id":"https:\/\/www.munkacsyhotel.hu\/ro\/#organization"},"alternateName":"Munk\u00e1csy Hotel","potentialAction":[{"@type":"SearchAction","target":{"@type":"EntryPoint","urlTemplate":"https:\/\/www.munkacsyhotel.hu\/ro\/?s={search_term_string}"},"query-input":"required name=search_term_string"}],"inLanguage":"ro-RO"},{"@type":"Organization","@id":"https:\/\/www.munkacsyhotel.hu\/ro\/#organization","name":"Munk\u00e1csy Hotel","alternateName":"Munkacsy Hotel\u2605\u2605\u2605\u2605","url":"https:\/\/www.munkacsyhotel.hu\/ro\/","logo":{"@type":"ImageObject","inLanguage":"ro-RO","@id":"https:\/\/www.munkacsyhotel.hu\/ro\/#\/schema\/logo\/image\/","url":"https:\/\/www.munkacsyhotel.hu\/wp-content\/uploads\/sites\/155\/2024\/06\/munkacsy_hotel_bekescsaba.png","contentUrl":"https:\/\/www.munkacsyhotel.hu\/wp-content\/uploads\/sites\/155\/2024\/06\/munkacsy_hotel_bekescsaba.png","width":300,"height":119,"caption":"Munk\u00e1csy Hotel"},"image":{"@id":"https:\/\/www.munkacsyhotel.hu\/ro\/#\/schema\/logo\/image\/"},"sameAs":["https:\/\/www.facebook.com\/munkacsyhotel","https:\/\/twitter.com\/Munkacsy_Hotel"]}]}},"acf":[],"_links":{"self":[{"href":"https:\/\/www.munkacsyhotel.hu\/ro\/wp-json\/wp\/v2\/pages\/336"}],"collection":[{"href":"https:\/\/www.munkacsyhotel.hu\/ro\/wp-json\/wp\/v2\/pages"}],"about":[{"href":"https:\/\/www.munkacsyhotel.hu\/ro\/wp-json\/wp\/v2\/types\/page"}],"author":[{"embeddable":true,"href":"https:\/\/www.munkacsyhotel.hu\/ro\/wp-json\/wp\/v2\/users\/12"}],"replies":[{"embeddable":true,"href":"https:\/\/www.munkacsyhotel.hu\/ro\/wp-json\/wp\/v2\/comments?post=336"}],"version-history":[{"count":0,"href":"https:\/\/www.munkacsyhotel.hu\/ro\/wp-json\/wp\/v2\/pages\/336\/revisions"}],"wp:attachment":[{"href":"https:\/\/www.munkacsyhotel.hu\/ro\/wp-json\/wp\/v2\/media?parent=336"}],"curies":[{"name":"wp","href":"https:\/\/api.w.org\/{rel}","templated":true}]}}