{"id":212,"date":"2024-07-04T08:21:58","date_gmt":"2024-07-04T08:21:58","guid":{"rendered":"https:\/\/munkacsy-hotel.ms2.decms.eu\/az-uj-szarny\/"},"modified":"2024-08-23T09:07:53","modified_gmt":"2024-08-23T09:07:53","slug":"noua-aripa","status":"publish","type":"page","link":"https:\/\/www.munkacsyhotel.hu\/ro\/noua-aripa\/","title":{"rendered":"Noua arip\u0103"},"content":{"rendered":"<p>a hotelului a fost construit\u0103 \u00een leg\u0103tur\u0103 cu vechea cl\u0103dire.<br \/>\nAici se g\u0103sesc:<\/p>\n<ul>\n<li>8 camere Superioare cu pat matrimonial,<\/li>\n<li>2 apartamente Deluxe, cu dou\u0103 camere<\/li>\n<\/ul>\n<p>A f\u00f6ldszinten az Aranyecset \u00e9tterem \u00e9s b\u00e1r, az alagsorban Wellness O\u00e1zisunk tal\u00e1lhat\u00f3.<\/p>\n<p><strong>Ebben az \u00e9p\u00fclet r\u00e9szben minden szint lifttel is el\u00e9rhet\u0151.<\/strong><\/p>\n<p><span style=\"font-weight: 400;\">A sz\u00e1rnyban fellelhet\u0151 Superior szob\u00e1k egyike akad\u00e1lymentes\u00edtett, melynek foglal\u00e1sa eset\u00e9n ugyanolyan \u00e9rt\u00e9kes\u00edt\u00e9si besorol\u00e1s al\u00e1 ker\u00fcl, mint a t\u00f6bbi, nem akad\u00e1lymentes\u00edtett Superior szoba.<\/span><\/p>\n<p>&nbsp;<\/p>\n","protected":false},"excerpt":{"rendered":"<p>a hotelului a fost construit\u0103 \u00een leg\u0103tur\u0103 cu vechea cl\u0103dire. Aici se g\u0103sesc: 8 camere Superioare cu pat matrimonial, 2 apartamente Deluxe, cu dou\u0103 camere A f\u00f6ldszinten az Aranyecset \u00e9tterem \u00e9s b\u00e1r, az alagsorban Wellness O\u00e1zisunk tal\u00e1lhat\u00f3. Ebben az \u00e9p\u00fclet r\u00e9szben minden szint lifttel is el\u00e9rhet\u0151. A sz\u00e1rnyban fellelhet\u0151 Superior szob\u00e1k egyike akad\u00e1lymentes\u00edtett, melynek foglal\u00e1sa [&hellip;]<\/p>\n","protected":false},"author":12,"featured_media":0,"parent":0,"menu_order":905,"comment_status":"closed","ping_status":"closed","template":"","meta":{"footnotes":""},"yoast_head":"<!-- This site is optimized with the Yoast SEO plugin v22.3 - https:\/\/yoast.com\/wordpress\/plugins\/seo\/ -->\n<title>Noua arip\u0103 &#8211; Munk\u00e1csy Hotel<\/title>\n<meta name=\"description\" content=\"a hotelului a fost construit\u0103 \u00een leg\u0103tur\u0103 cu vechea cl\u0103dire. Aici se g\u0103sesc:   8 camere Superioare cu pat matrimonial,  2 apartamente Deluxe, cu dou\u0103 camere  A f\u00f6ldszinten az Aranyecset \u00e9tterem \u00e9s b\u00e1r, az alagsorban Wellness O\u00e1zisunk tal\u00e1lhat\u00f3.  Ebben az \u00e9p\u00fclet r\u00e9szben minden szint lifttel is el\u00e9rhet\u0151.  A sz\u00e1rnyban fellelhet\u0151 Superior szob\u00e1k egyike akad\u00e1lymentes\u00edtett, melynek foglal\u00e1sa eset\u00e9n ugyanolyan \u00e9rt\u00e9kes\u00edt\u00e9si besorol\u00e1s al\u00e1 ker\u00fcl, mint a t\u00f6bbi, nem akad\u00e1lymentes\u00edtett Superior szoba.  &nbsp;.\" \/>\n<meta name=\"robots\" content=\"index, follow, max-snippet:-1, max-image-preview:large, max-video-preview:-1\" \/>\n<link rel=\"canonical\" href=\"https:\/\/www.munkacsyhotel.hu\/ro\/noua-aripa\/\" \/>\n<meta property=\"og:locale\" content=\"ro_RO\" \/>\n<meta property=\"og:type\" content=\"article\" \/>\n<meta property=\"og:title\" content=\"Noua arip\u0103 &#8211; Munk\u00e1csy Hotel\" \/>\n<meta property=\"og:description\" content=\"a hotelului a fost construit\u0103 \u00een leg\u0103tur\u0103 cu vechea cl\u0103dire. Aici se g\u0103sesc:   8 camere Superioare cu pat matrimonial,  2 apartamente Deluxe, cu dou\u0103 camere  A f\u00f6ldszinten az Aranyecset \u00e9tterem \u00e9s b\u00e1r, az alagsorban Wellness O\u00e1zisunk tal\u00e1lhat\u00f3.  Ebben az \u00e9p\u00fclet r\u00e9szben minden szint lifttel is el\u00e9rhet\u0151.  A sz\u00e1rnyban fellelhet\u0151 Superior szob\u00e1k egyike akad\u00e1lymentes\u00edtett, melynek foglal\u00e1sa eset\u00e9n ugyanolyan \u00e9rt\u00e9kes\u00edt\u00e9si besorol\u00e1s al\u00e1 ker\u00fcl, mint a t\u00f6bbi, nem akad\u00e1lymentes\u00edtett Superior szoba.  &nbsp;.\" \/>\n<meta property=\"og:url\" content=\"https:\/\/www.munkacsyhotel.hu\/ro\/noua-aripa\/\" \/>\n<meta property=\"og:site_name\" content=\"Munk\u00e1csy Hotel\" \/>\n<meta property=\"article:publisher\" content=\"https:\/\/www.facebook.com\/munkacsyhotel\" \/>\n<meta property=\"article:modified_time\" content=\"2024-08-23T09:07:53+00:00\" \/>\n<meta property=\"og:image\" content=\"https:\/\/www.munkacsyhotel.hu\/wp-content\/uploads\/sites\/155\/2024\/06\/terasz_munkacsy_hotel.jpg\" \/>\n\t<meta property=\"og:image:width\" content=\"1200\" \/>\n\t<meta property=\"og:image:height\" content=\"355\" \/>\n\t<meta property=\"og:image:type\" content=\"image\/jpeg\" \/>\n<meta name=\"twitter:card\" content=\"summary_large_image\" \/>\n<meta name=\"twitter:site\" content=\"@Munkacsy_Hotel\" \/>\n<meta name=\"twitter:label1\" content=\"Timp estimat pentru citire\" \/>\n\t<meta name=\"twitter:data1\" content=\"1 minut\" \/>\n<script type=\"application\/ld+json\" class=\"yoast-schema-graph\">{\"@context\":\"https:\/\/schema.org\",\"@graph\":[{\"@type\":\"WebPage\",\"@id\":\"https:\/\/www.munkacsyhotel.hu\/ro\/noua-aripa\/\",\"url\":\"https:\/\/www.munkacsyhotel.hu\/ro\/noua-aripa\/\",\"name\":\"Noua arip\u0103 &#8211; Munk\u00e1csy Hotel\",\"isPartOf\":{\"@id\":\"https:\/\/www.munkacsyhotel.hu\/ro\/#website\"},\"datePublished\":\"2024-07-04T08:21:58+00:00\",\"dateModified\":\"2024-08-23T09:07:53+00:00\",\"description\":\"a hotelului a fost construit\u0103 \u00een leg\u0103tur\u0103 cu vechea cl\u0103dire. Aici se g\u0103sesc: \u2022 8 camere Superioare cu pat matrimonial, \u2022 2 apartamente Deluxe, cu dou\u0103 camere A f\u00f6ldszinten az Aranyecset \u00e9tterem \u00e9s b\u00e1r, az alagsorban Wellness O\u00e1zisunk tal\u00e1lhat\u00f3. Ebben az \u00e9p\u00fclet r\u00e9szben minden szint lifttel is el\u00e9rhet\u0151. A sz\u00e1rnyban fellelhet\u0151 Superior szob\u00e1k egyike akad\u00e1lymentes\u00edtett, melynek foglal\u00e1sa eset\u00e9n ugyanolyan \u00e9rt\u00e9kes\u00edt\u00e9si besorol\u00e1s al\u00e1 ker\u00fcl, mint a t\u00f6bbi, nem akad\u00e1lymentes\u00edtett Superior szoba. &nbsp;.\",\"breadcrumb\":{\"@id\":\"https:\/\/www.munkacsyhotel.hu\/ro\/noua-aripa\/#breadcrumb\"},\"inLanguage\":\"ro-RO\",\"potentialAction\":[{\"@type\":\"ReadAction\",\"target\":[\"https:\/\/www.munkacsyhotel.hu\/ro\/noua-aripa\/\"]}]},{\"@type\":\"BreadcrumbList\",\"@id\":\"https:\/\/www.munkacsyhotel.hu\/ro\/noua-aripa\/#breadcrumb\",\"itemListElement\":[{\"@type\":\"ListItem\",\"position\":1,\"name\":\"Home\",\"item\":\"https:\/\/www.munkacsyhotel.hu\/ro\/\"},{\"@type\":\"ListItem\",\"position\":2,\"name\":\"Noua arip\u0103\"}]},{\"@type\":\"WebSite\",\"@id\":\"https:\/\/www.munkacsyhotel.hu\/ro\/#website\",\"url\":\"https:\/\/www.munkacsyhotel.hu\/ro\/\",\"name\":\"Munk\u00e1csy Hotel\",\"description\":\"Wellness \u00e9s Konferencia Bekescsaba\",\"publisher\":{\"@id\":\"https:\/\/www.munkacsyhotel.hu\/ro\/#organization\"},\"alternateName\":\"Munk\u00e1csy Hotel\",\"potentialAction\":[{\"@type\":\"SearchAction\",\"target\":{\"@type\":\"EntryPoint\",\"urlTemplate\":\"https:\/\/www.munkacsyhotel.hu\/ro\/?s={search_term_string}\"},\"query-input\":\"required name=search_term_string\"}],\"inLanguage\":\"ro-RO\"},{\"@type\":\"Organization\",\"@id\":\"https:\/\/www.munkacsyhotel.hu\/ro\/#organization\",\"name\":\"Munk\u00e1csy Hotel\",\"alternateName\":\"Munkacsy Hotel\u2605\u2605\u2605\u2605\",\"url\":\"https:\/\/www.munkacsyhotel.hu\/ro\/\",\"logo\":{\"@type\":\"ImageObject\",\"inLanguage\":\"ro-RO\",\"@id\":\"https:\/\/www.munkacsyhotel.hu\/ro\/#\/schema\/logo\/image\/\",\"url\":\"https:\/\/www.munkacsyhotel.hu\/wp-content\/uploads\/sites\/155\/2024\/06\/munkacsy_hotel_bekescsaba.png\",\"contentUrl\":\"https:\/\/www.munkacsyhotel.hu\/wp-content\/uploads\/sites\/155\/2024\/06\/munkacsy_hotel_bekescsaba.png\",\"width\":300,\"height\":119,\"caption\":\"Munk\u00e1csy Hotel\"},\"image\":{\"@id\":\"https:\/\/www.munkacsyhotel.hu\/ro\/#\/schema\/logo\/image\/\"},\"sameAs\":[\"https:\/\/www.facebook.com\/munkacsyhotel\",\"https:\/\/twitter.com\/Munkacsy_Hotel\"]}]}<\/script>\n<!-- \/ Yoast SEO plugin. -->","yoast_head_json":{"title":"Noua arip\u0103 &#8211; Munk\u00e1csy Hotel","description":"a hotelului a fost construit\u0103 \u00een leg\u0103tur\u0103 cu vechea cl\u0103dire. Aici se g\u0103sesc:   8 camere Superioare cu pat matrimonial,  2 apartamente Deluxe, cu dou\u0103 camere  A f\u00f6ldszinten az Aranyecset \u00e9tterem \u00e9s b\u00e1r, az alagsorban Wellness O\u00e1zisunk tal\u00e1lhat\u00f3.  Ebben az \u00e9p\u00fclet r\u00e9szben minden szint lifttel is el\u00e9rhet\u0151.  A sz\u00e1rnyban fellelhet\u0151 Superior szob\u00e1k egyike akad\u00e1lymentes\u00edtett, melynek foglal\u00e1sa eset\u00e9n ugyanolyan \u00e9rt\u00e9kes\u00edt\u00e9si besorol\u00e1s al\u00e1 ker\u00fcl, mint a t\u00f6bbi, nem akad\u00e1lymentes\u00edtett Superior szoba.  &nbsp;.","robots":{"index":"index","follow":"follow","max-snippet":"max-snippet:-1","max-image-preview":"max-image-preview:large","max-video-preview":"max-video-preview:-1"},"canonical":"https:\/\/www.munkacsyhotel.hu\/ro\/noua-aripa\/","og_locale":"ro_RO","og_type":"article","og_title":"Noua arip\u0103 &#8211; Munk\u00e1csy Hotel","og_description":"a hotelului a fost construit\u0103 \u00een leg\u0103tur\u0103 cu vechea cl\u0103dire. Aici se g\u0103sesc:   8 camere Superioare cu pat matrimonial,  2 apartamente Deluxe, cu dou\u0103 camere  A f\u00f6ldszinten az Aranyecset \u00e9tterem \u00e9s b\u00e1r, az alagsorban Wellness O\u00e1zisunk tal\u00e1lhat\u00f3.  Ebben az \u00e9p\u00fclet r\u00e9szben minden szint lifttel is el\u00e9rhet\u0151.  A sz\u00e1rnyban fellelhet\u0151 Superior szob\u00e1k egyike akad\u00e1lymentes\u00edtett, melynek foglal\u00e1sa eset\u00e9n ugyanolyan \u00e9rt\u00e9kes\u00edt\u00e9si besorol\u00e1s al\u00e1 ker\u00fcl, mint a t\u00f6bbi, nem akad\u00e1lymentes\u00edtett Superior szoba.  &nbsp;.","og_url":"https:\/\/www.munkacsyhotel.hu\/ro\/noua-aripa\/","og_site_name":"Munk\u00e1csy Hotel","article_publisher":"https:\/\/www.facebook.com\/munkacsyhotel","article_modified_time":"2024-08-23T09:07:53+00:00","og_image":[{"width":1200,"height":355,"url":"https:\/\/www.munkacsyhotel.hu\/wp-content\/uploads\/sites\/155\/2024\/06\/terasz_munkacsy_hotel.jpg","type":"image\/jpeg"}],"twitter_card":"summary_large_image","twitter_site":"@Munkacsy_Hotel","twitter_misc":{"Timp estimat pentru citire":"1 minut"},"schema":{"@context":"https:\/\/schema.org","@graph":[{"@type":"WebPage","@id":"https:\/\/www.munkacsyhotel.hu\/ro\/noua-aripa\/","url":"https:\/\/www.munkacsyhotel.hu\/ro\/noua-aripa\/","name":"Noua arip\u0103 &#8211; Munk\u00e1csy Hotel","isPartOf":{"@id":"https:\/\/www.munkacsyhotel.hu\/ro\/#website"},"datePublished":"2024-07-04T08:21:58+00:00","dateModified":"2024-08-23T09:07:53+00:00","description":"a hotelului a fost construit\u0103 \u00een leg\u0103tur\u0103 cu vechea cl\u0103dire. Aici se g\u0103sesc: \u2022 8 camere Superioare cu pat matrimonial, \u2022 2 apartamente Deluxe, cu dou\u0103 camere A f\u00f6ldszinten az Aranyecset \u00e9tterem \u00e9s b\u00e1r, az alagsorban Wellness O\u00e1zisunk tal\u00e1lhat\u00f3. Ebben az \u00e9p\u00fclet r\u00e9szben minden szint lifttel is el\u00e9rhet\u0151. A sz\u00e1rnyban fellelhet\u0151 Superior szob\u00e1k egyike akad\u00e1lymentes\u00edtett, melynek foglal\u00e1sa eset\u00e9n ugyanolyan \u00e9rt\u00e9kes\u00edt\u00e9si besorol\u00e1s al\u00e1 ker\u00fcl, mint a t\u00f6bbi, nem akad\u00e1lymentes\u00edtett Superior szoba. &nbsp;.","breadcrumb":{"@id":"https:\/\/www.munkacsyhotel.hu\/ro\/noua-aripa\/#breadcrumb"},"inLanguage":"ro-RO","potentialAction":[{"@type":"ReadAction","target":["https:\/\/www.munkacsyhotel.hu\/ro\/noua-aripa\/"]}]},{"@type":"BreadcrumbList","@id":"https:\/\/www.munkacsyhotel.hu\/ro\/noua-aripa\/#breadcrumb","itemListElement":[{"@type":"ListItem","position":1,"name":"Home","item":"https:\/\/www.munkacsyhotel.hu\/ro\/"},{"@type":"ListItem","position":2,"name":"Noua arip\u0103"}]},{"@type":"WebSite","@id":"https:\/\/www.munkacsyhotel.hu\/ro\/#website","url":"https:\/\/www.munkacsyhotel.hu\/ro\/","name":"Munk\u00e1csy Hotel","description":"Wellness \u00e9s Konferencia Bekescsaba","publisher":{"@id":"https:\/\/www.munkacsyhotel.hu\/ro\/#organization"},"alternateName":"Munk\u00e1csy Hotel","potentialAction":[{"@type":"SearchAction","target":{"@type":"EntryPoint","urlTemplate":"https:\/\/www.munkacsyhotel.hu\/ro\/?s={search_term_string}"},"query-input":"required name=search_term_string"}],"inLanguage":"ro-RO"},{"@type":"Organization","@id":"https:\/\/www.munkacsyhotel.hu\/ro\/#organization","name":"Munk\u00e1csy Hotel","alternateName":"Munkacsy Hotel\u2605\u2605\u2605\u2605","url":"https:\/\/www.munkacsyhotel.hu\/ro\/","logo":{"@type":"ImageObject","inLanguage":"ro-RO","@id":"https:\/\/www.munkacsyhotel.hu\/ro\/#\/schema\/logo\/image\/","url":"https:\/\/www.munkacsyhotel.hu\/wp-content\/uploads\/sites\/155\/2024\/06\/munkacsy_hotel_bekescsaba.png","contentUrl":"https:\/\/www.munkacsyhotel.hu\/wp-content\/uploads\/sites\/155\/2024\/06\/munkacsy_hotel_bekescsaba.png","width":300,"height":119,"caption":"Munk\u00e1csy Hotel"},"image":{"@id":"https:\/\/www.munkacsyhotel.hu\/ro\/#\/schema\/logo\/image\/"},"sameAs":["https:\/\/www.facebook.com\/munkacsyhotel","https:\/\/twitter.com\/Munkacsy_Hotel"]}]}},"acf":[],"_links":{"self":[{"href":"https:\/\/www.munkacsyhotel.hu\/ro\/wp-json\/wp\/v2\/pages\/212"}],"collection":[{"href":"https:\/\/www.munkacsyhotel.hu\/ro\/wp-json\/wp\/v2\/pages"}],"about":[{"href":"https:\/\/www.munkacsyhotel.hu\/ro\/wp-json\/wp\/v2\/types\/page"}],"author":[{"embeddable":true,"href":"https:\/\/www.munkacsyhotel.hu\/ro\/wp-json\/wp\/v2\/users\/12"}],"replies":[{"embeddable":true,"href":"https:\/\/www.munkacsyhotel.hu\/ro\/wp-json\/wp\/v2\/comments?post=212"}],"version-history":[{"count":0,"href":"https:\/\/www.munkacsyhotel.hu\/ro\/wp-json\/wp\/v2\/pages\/212\/revisions"}],"wp:attachment":[{"href":"https:\/\/www.munkacsyhotel.hu\/ro\/wp-json\/wp\/v2\/media?parent=212"}],"curies":[{"name":"wp","href":"https:\/\/api.w.org\/{rel}","templated":true}]}}