{"id":208,"date":"2024-07-04T15:37:17","date_gmt":"2024-07-04T15:37:17","guid":{"rendered":"https:\/\/munkacsy-hotel.ms2.decms.eu\/kuldetesunk\/"},"modified":"2024-08-05T10:30:56","modified_gmt":"2024-08-05T10:30:56","slug":"misiunea-noastra","status":"publish","type":"page","link":"https:\/\/www.munkacsyhotel.hu\/ro\/misiunea-noastra\/","title":{"rendered":"Misiunea Noastr\u0103"},"content":{"rendered":"<p>Hotelul nostru se str\u0103duie\u0219te s\u0103 introduc\u0103 o atmosfer\u0103 special\u0103 \u00een via\u021ba oaspe\u021bilor no\u0219tri \u00eentr-un mediu exclusiv, combin\u00e2nd luxul \u0219i excelen\u021ba.<\/p>\n<p>Pe l\u00e2ng\u0103 atmosfera unic\u0103 \u00eens\u0103 este indispensabil\u0103 \u0219i latura uman\u0103, pe care o consider\u0103m cea mai important\u0103 misiune a noastr\u0103. Oferindu-v\u0103 experien\u021ba perfect\u0103 de la sosire p\u00e2n\u0103 la plecare &#8211; aceasta este ceea ce ne str\u0103duim s\u0103 facem cu colegii no\u0219tri califica\u021bi.<\/p>\n","protected":false},"excerpt":{"rendered":"<p>Hotelul nostru se str\u0103duie\u0219te s\u0103 introduc\u0103 o atmosfer\u0103 special\u0103 \u00een via\u021ba oaspe\u021bilor no\u0219tri \u00eentr-un mediu exclusiv, combin\u00e2nd luxul \u0219i excelen\u021ba. Pe l\u00e2ng\u0103 atmosfera unic\u0103 \u00eens\u0103 este indispensabil\u0103 \u0219i latura uman\u0103, pe care o consider\u0103m cea mai important\u0103 misiune a noastr\u0103. Oferindu-v\u0103 experien\u021ba perfect\u0103 de la sosire p\u00e2n\u0103 la plecare &#8211; aceasta este ceea ce ne [&hellip;]<\/p>\n","protected":false},"author":12,"featured_media":0,"parent":0,"menu_order":65,"comment_status":"closed","ping_status":"closed","template":"template-services.php","meta":{"footnotes":""},"class_list":["post-208","page","type-page","status-publish","hentry"],"yoast_head":"<!-- This site is optimized with the Yoast SEO plugin v27.3 - https:\/\/yoast.com\/product\/yoast-seo-wordpress\/ -->\n<title>Misiunea Noastr\u0103 &#8211; Munk\u00e1csy Hotel<\/title>\n<meta name=\"description\" content=\"Hotelul nostru se str\u0103duie\u0219te s\u0103 introduc\u0103 o atmosfer\u0103 special\u0103 \u00een via\u021ba oaspe\u021bilor no\u0219tri \u00eentr-un mediu exclusiv, combin\u00e2nd luxul \u0219i excelen\u021ba.  Pe l\u00e2ng\u0103 atmosfera unic\u0103 \u00eens\u0103 este indispensabil\u0103 \u0219i latura uman\u0103, pe care o consider\u0103m cea mai important\u0103 misiune a noastr\u0103. Oferindu-v\u0103 experien\u021ba perfect\u0103 de la sosire p\u00e2n\u0103 la plecare - aceasta este ceea ce ne str\u0103duim s\u0103 facem cu colegii no\u0219tri califica\u021bi.\" \/>\n<meta name=\"robots\" content=\"index, follow, max-snippet:-1, max-image-preview:large, max-video-preview:-1\" \/>\n<link rel=\"canonical\" href=\"https:\/\/www.munkacsyhotel.hu\/ro\/misiunea-noastra\/\" \/>\n<meta property=\"og:locale\" content=\"ro_RO\" \/>\n<meta property=\"og:type\" content=\"article\" \/>\n<meta property=\"og:title\" content=\"Misiunea Noastr\u0103 &#8211; Munk\u00e1csy Hotel\" \/>\n<meta property=\"og:description\" content=\"Hotelul nostru se str\u0103duie\u0219te s\u0103 introduc\u0103 o atmosfer\u0103 special\u0103 \u00een via\u021ba oaspe\u021bilor no\u0219tri \u00eentr-un mediu exclusiv, combin\u00e2nd luxul \u0219i excelen\u021ba.  Pe l\u00e2ng\u0103 atmosfera unic\u0103 \u00eens\u0103 este indispensabil\u0103 \u0219i latura uman\u0103, pe care o consider\u0103m cea mai important\u0103 misiune a noastr\u0103. Oferindu-v\u0103 experien\u021ba perfect\u0103 de la sosire p\u00e2n\u0103 la plecare - aceasta este ceea ce ne str\u0103duim s\u0103 facem cu colegii no\u0219tri califica\u021bi.\" \/>\n<meta property=\"og:url\" content=\"https:\/\/www.munkacsyhotel.hu\/ro\/misiunea-noastra\/\" \/>\n<meta property=\"og:site_name\" content=\"Munk\u00e1csy Hotel\" \/>\n<meta property=\"article:publisher\" content=\"https:\/\/www.facebook.com\/munkacsyhotel\" \/>\n<meta property=\"article:modified_time\" content=\"2024-08-05T10:30:56+00:00\" \/>\n<meta property=\"og:image\" content=\"https:\/\/www.munkacsyhotel.hu\/wp-content\/uploads\/sites\/155\/2024\/06\/terasz_munkacsy_hotel.jpg\" \/>\n\t<meta property=\"og:image:width\" content=\"1200\" \/>\n\t<meta property=\"og:image:height\" content=\"355\" \/>\n\t<meta property=\"og:image:type\" content=\"image\/jpeg\" \/>\n<meta name=\"twitter:card\" content=\"summary_large_image\" \/>\n<meta name=\"twitter:site\" content=\"@Munkacsy_Hotel\" \/>\n<meta name=\"twitter:label1\" content=\"Timp estimat pentru citire\" \/>\n\t<meta name=\"twitter:data1\" content=\"1 minut\" \/>\n<script type=\"application\/ld+json\" class=\"yoast-schema-graph\">{\"@context\":\"https:\\\/\\\/schema.org\",\"@graph\":[{\"@type\":\"WebPage\",\"@id\":\"https:\\\/\\\/www.munkacsyhotel.hu\\\/ro\\\/misiunea-noastra\\\/\",\"url\":\"https:\\\/\\\/www.munkacsyhotel.hu\\\/ro\\\/misiunea-noastra\\\/\",\"name\":\"Misiunea Noastr\u0103 &#8211; Munk\u00e1csy Hotel\",\"isPartOf\":{\"@id\":\"https:\\\/\\\/www.munkacsyhotel.hu\\\/ro\\\/#website\"},\"datePublished\":\"2024-07-04T15:37:17+00:00\",\"dateModified\":\"2024-08-05T10:30:56+00:00\",\"description\":\"Hotelul nostru se str\u0103duie\u0219te s\u0103 introduc\u0103 o atmosfer\u0103 special\u0103 \u00een via\u021ba oaspe\u021bilor no\u0219tri \u00eentr-un mediu exclusiv, combin\u00e2nd luxul \u0219i excelen\u021ba. Pe l\u00e2ng\u0103 atmosfera unic\u0103 \u00eens\u0103 este indispensabil\u0103 \u0219i latura uman\u0103, pe care o consider\u0103m cea mai important\u0103 misiune a noastr\u0103. Oferindu-v\u0103 experien\u021ba perfect\u0103 de la sosire p\u00e2n\u0103 la plecare - aceasta este ceea ce ne str\u0103duim s\u0103 facem cu colegii no\u0219tri califica\u021bi.\",\"breadcrumb\":{\"@id\":\"https:\\\/\\\/www.munkacsyhotel.hu\\\/ro\\\/misiunea-noastra\\\/#breadcrumb\"},\"inLanguage\":\"ro-RO\",\"potentialAction\":[{\"@type\":\"ReadAction\",\"target\":[\"https:\\\/\\\/www.munkacsyhotel.hu\\\/ro\\\/misiunea-noastra\\\/\"]}]},{\"@type\":\"BreadcrumbList\",\"@id\":\"https:\\\/\\\/www.munkacsyhotel.hu\\\/ro\\\/misiunea-noastra\\\/#breadcrumb\",\"itemListElement\":[{\"@type\":\"ListItem\",\"position\":1,\"name\":\"Home\",\"item\":\"https:\\\/\\\/www.munkacsyhotel.hu\\\/ro\\\/\"},{\"@type\":\"ListItem\",\"position\":2,\"name\":\"Misiunea Noastr\u0103\"}]},{\"@type\":\"WebSite\",\"@id\":\"https:\\\/\\\/www.munkacsyhotel.hu\\\/ro\\\/#website\",\"url\":\"https:\\\/\\\/www.munkacsyhotel.hu\\\/ro\\\/\",\"name\":\"Munk\u00e1csy Hotel\",\"description\":\"Wellness \u00e9s Konferencia Bekescsaba\",\"publisher\":{\"@id\":\"https:\\\/\\\/www.munkacsyhotel.hu\\\/ro\\\/#organization\"},\"alternateName\":\"Munk\u00e1csy Hotel\",\"potentialAction\":[{\"@type\":\"SearchAction\",\"target\":{\"@type\":\"EntryPoint\",\"urlTemplate\":\"https:\\\/\\\/www.munkacsyhotel.hu\\\/ro\\\/?s={search_term_string}\"},\"query-input\":{\"@type\":\"PropertyValueSpecification\",\"valueRequired\":true,\"valueName\":\"search_term_string\"}}],\"inLanguage\":\"ro-RO\"},{\"@type\":\"Organization\",\"@id\":\"https:\\\/\\\/www.munkacsyhotel.hu\\\/ro\\\/#organization\",\"name\":\"Munk\u00e1csy Hotel\",\"alternateName\":\"Munkacsy Hotel\u2605\u2605\u2605\u2605\",\"url\":\"https:\\\/\\\/www.munkacsyhotel.hu\\\/ro\\\/\",\"logo\":{\"@type\":\"ImageObject\",\"inLanguage\":\"ro-RO\",\"@id\":\"https:\\\/\\\/www.munkacsyhotel.hu\\\/ro\\\/#\\\/schema\\\/logo\\\/image\\\/\",\"url\":\"https:\\\/\\\/www.munkacsyhotel.hu\\\/wp-content\\\/uploads\\\/sites\\\/155\\\/2024\\\/06\\\/munkacsy_hotel_bekescsaba.png\",\"contentUrl\":\"https:\\\/\\\/www.munkacsyhotel.hu\\\/wp-content\\\/uploads\\\/sites\\\/155\\\/2024\\\/06\\\/munkacsy_hotel_bekescsaba.png\",\"width\":300,\"height\":119,\"caption\":\"Munk\u00e1csy Hotel\"},\"image\":{\"@id\":\"https:\\\/\\\/www.munkacsyhotel.hu\\\/ro\\\/#\\\/schema\\\/logo\\\/image\\\/\"},\"sameAs\":[\"https:\\\/\\\/www.facebook.com\\\/munkacsyhotel\",\"https:\\\/\\\/x.com\\\/Munkacsy_Hotel\"]}]}<\/script>\n<!-- \/ Yoast SEO plugin. -->","yoast_head_json":{"title":"Misiunea Noastr\u0103 &#8211; Munk\u00e1csy Hotel","description":"Hotelul nostru se str\u0103duie\u0219te s\u0103 introduc\u0103 o atmosfer\u0103 special\u0103 \u00een via\u021ba oaspe\u021bilor no\u0219tri \u00eentr-un mediu exclusiv, combin\u00e2nd luxul \u0219i excelen\u021ba.  Pe l\u00e2ng\u0103 atmosfera unic\u0103 \u00eens\u0103 este indispensabil\u0103 \u0219i latura uman\u0103, pe care o consider\u0103m cea mai important\u0103 misiune a noastr\u0103. Oferindu-v\u0103 experien\u021ba perfect\u0103 de la sosire p\u00e2n\u0103 la plecare - aceasta este ceea ce ne str\u0103duim s\u0103 facem cu colegii no\u0219tri califica\u021bi.","robots":{"index":"index","follow":"follow","max-snippet":"max-snippet:-1","max-image-preview":"max-image-preview:large","max-video-preview":"max-video-preview:-1"},"canonical":"https:\/\/www.munkacsyhotel.hu\/ro\/misiunea-noastra\/","og_locale":"ro_RO","og_type":"article","og_title":"Misiunea Noastr\u0103 &#8211; Munk\u00e1csy Hotel","og_description":"Hotelul nostru se str\u0103duie\u0219te s\u0103 introduc\u0103 o atmosfer\u0103 special\u0103 \u00een via\u021ba oaspe\u021bilor no\u0219tri \u00eentr-un mediu exclusiv, combin\u00e2nd luxul \u0219i excelen\u021ba.  Pe l\u00e2ng\u0103 atmosfera unic\u0103 \u00eens\u0103 este indispensabil\u0103 \u0219i latura uman\u0103, pe care o consider\u0103m cea mai important\u0103 misiune a noastr\u0103. Oferindu-v\u0103 experien\u021ba perfect\u0103 de la sosire p\u00e2n\u0103 la plecare - aceasta este ceea ce ne str\u0103duim s\u0103 facem cu colegii no\u0219tri califica\u021bi.","og_url":"https:\/\/www.munkacsyhotel.hu\/ro\/misiunea-noastra\/","og_site_name":"Munk\u00e1csy Hotel","article_publisher":"https:\/\/www.facebook.com\/munkacsyhotel","article_modified_time":"2024-08-05T10:30:56+00:00","og_image":[{"width":1200,"height":355,"url":"https:\/\/www.munkacsyhotel.hu\/wp-content\/uploads\/sites\/155\/2024\/06\/terasz_munkacsy_hotel.jpg","type":"image\/jpeg"}],"twitter_card":"summary_large_image","twitter_site":"@Munkacsy_Hotel","twitter_misc":{"Timp estimat pentru citire":"1 minut"},"schema":{"@context":"https:\/\/schema.org","@graph":[{"@type":"WebPage","@id":"https:\/\/www.munkacsyhotel.hu\/ro\/misiunea-noastra\/","url":"https:\/\/www.munkacsyhotel.hu\/ro\/misiunea-noastra\/","name":"Misiunea Noastr\u0103 &#8211; Munk\u00e1csy Hotel","isPartOf":{"@id":"https:\/\/www.munkacsyhotel.hu\/ro\/#website"},"datePublished":"2024-07-04T15:37:17+00:00","dateModified":"2024-08-05T10:30:56+00:00","description":"Hotelul nostru se str\u0103duie\u0219te s\u0103 introduc\u0103 o atmosfer\u0103 special\u0103 \u00een via\u021ba oaspe\u021bilor no\u0219tri \u00eentr-un mediu exclusiv, combin\u00e2nd luxul \u0219i excelen\u021ba. Pe l\u00e2ng\u0103 atmosfera unic\u0103 \u00eens\u0103 este indispensabil\u0103 \u0219i latura uman\u0103, pe care o consider\u0103m cea mai important\u0103 misiune a noastr\u0103. Oferindu-v\u0103 experien\u021ba perfect\u0103 de la sosire p\u00e2n\u0103 la plecare - aceasta este ceea ce ne str\u0103duim s\u0103 facem cu colegii no\u0219tri califica\u021bi.","breadcrumb":{"@id":"https:\/\/www.munkacsyhotel.hu\/ro\/misiunea-noastra\/#breadcrumb"},"inLanguage":"ro-RO","potentialAction":[{"@type":"ReadAction","target":["https:\/\/www.munkacsyhotel.hu\/ro\/misiunea-noastra\/"]}]},{"@type":"BreadcrumbList","@id":"https:\/\/www.munkacsyhotel.hu\/ro\/misiunea-noastra\/#breadcrumb","itemListElement":[{"@type":"ListItem","position":1,"name":"Home","item":"https:\/\/www.munkacsyhotel.hu\/ro\/"},{"@type":"ListItem","position":2,"name":"Misiunea Noastr\u0103"}]},{"@type":"WebSite","@id":"https:\/\/www.munkacsyhotel.hu\/ro\/#website","url":"https:\/\/www.munkacsyhotel.hu\/ro\/","name":"Munk\u00e1csy Hotel","description":"Wellness \u00e9s Konferencia Bekescsaba","publisher":{"@id":"https:\/\/www.munkacsyhotel.hu\/ro\/#organization"},"alternateName":"Munk\u00e1csy Hotel","potentialAction":[{"@type":"SearchAction","target":{"@type":"EntryPoint","urlTemplate":"https:\/\/www.munkacsyhotel.hu\/ro\/?s={search_term_string}"},"query-input":{"@type":"PropertyValueSpecification","valueRequired":true,"valueName":"search_term_string"}}],"inLanguage":"ro-RO"},{"@type":"Organization","@id":"https:\/\/www.munkacsyhotel.hu\/ro\/#organization","name":"Munk\u00e1csy Hotel","alternateName":"Munkacsy Hotel\u2605\u2605\u2605\u2605","url":"https:\/\/www.munkacsyhotel.hu\/ro\/","logo":{"@type":"ImageObject","inLanguage":"ro-RO","@id":"https:\/\/www.munkacsyhotel.hu\/ro\/#\/schema\/logo\/image\/","url":"https:\/\/www.munkacsyhotel.hu\/wp-content\/uploads\/sites\/155\/2024\/06\/munkacsy_hotel_bekescsaba.png","contentUrl":"https:\/\/www.munkacsyhotel.hu\/wp-content\/uploads\/sites\/155\/2024\/06\/munkacsy_hotel_bekescsaba.png","width":300,"height":119,"caption":"Munk\u00e1csy Hotel"},"image":{"@id":"https:\/\/www.munkacsyhotel.hu\/ro\/#\/schema\/logo\/image\/"},"sameAs":["https:\/\/www.facebook.com\/munkacsyhotel","https:\/\/x.com\/Munkacsy_Hotel"]}]}},"acf":[],"_links":{"self":[{"href":"https:\/\/www.munkacsyhotel.hu\/ro\/wp-json\/wp\/v2\/pages\/208","targetHints":{"allow":["GET"]}}],"collection":[{"href":"https:\/\/www.munkacsyhotel.hu\/ro\/wp-json\/wp\/v2\/pages"}],"about":[{"href":"https:\/\/www.munkacsyhotel.hu\/ro\/wp-json\/wp\/v2\/types\/page"}],"author":[{"embeddable":true,"href":"https:\/\/www.munkacsyhotel.hu\/ro\/wp-json\/wp\/v2\/users\/12"}],"replies":[{"embeddable":true,"href":"https:\/\/www.munkacsyhotel.hu\/ro\/wp-json\/wp\/v2\/comments?post=208"}],"version-history":[{"count":0,"href":"https:\/\/www.munkacsyhotel.hu\/ro\/wp-json\/wp\/v2\/pages\/208\/revisions"}],"wp:attachment":[{"href":"https:\/\/www.munkacsyhotel.hu\/ro\/wp-json\/wp\/v2\/media?parent=208"}],"curies":[{"name":"wp","href":"https:\/\/api.w.org\/{rel}","templated":true}]}}