{"id":203,"date":"2024-06-27T12:23:09","date_gmt":"2024-06-27T12:23:09","guid":{"rendered":"https:\/\/munkacsy-hotel.ms2.decms.eu\/sample-page\/"},"modified":"2024-08-05T10:31:25","modified_gmt":"2024-08-05T10:31:25","slug":"sample-page","status":"publish","type":"page","link":"https:\/\/www.munkacsyhotel.hu\/ro\/","title":{"rendered":"Munk\u00e1csy Hotel"},"content":{"rendered":"<p>Unul dintre cele mai frumoase \u0219i impresionante hoteluri de 4 stele din Marea C\u00e2mpie Ungar\u0103 \u0219i al re\u0219edin\u021bei jude\u021bului Bichi\u0219 este Hotelul Munk\u00e1csy **** Hotelul este situat la o plimbare de 5 minute de inima ora\u0219ului, l\u00e2ng\u0103 pitorescul \u0219i lini\u0219titul Parc Sz\u00e9chenyi, cu copaci seculari.<\/p>\n<p>Construit \u00een 2014 Hotelul Munk\u00e1csy**** fiind un hotel de wellness \u015fi conferin\u0163e, \u00ee\u0219i a\u015fteapt\u0103 oaspe\u0163ii cu servicii de business \u015fi un centru de wellness \u015fi fitness.<\/p>\n<p>Vechea arip\u0103, fosta &#8222;Ber\u0103rie&#8221;, care pe vremuri a fost cel mai \u00eensemnat centru al vie\u0163ii sociale din B\u00e9k\u00e9scsaba \u015fi din \u00eemprejurime, a fost renovat\u0103 pentru a contribui \u00een toate privin\u021bele la sejurul Oaspe\u021bilor no\u0219tri.<\/p>\n","protected":false},"excerpt":{"rendered":"<p>Unul dintre cele mai frumoase \u0219i impresionante hoteluri de 4 stele din Marea C\u00e2mpie Ungar\u0103 \u0219i al re\u0219edin\u021bei jude\u021bului Bichi\u0219 este Hotelul Munk\u00e1csy **** Hotelul este situat la o plimbare de 5 minute de inima ora\u0219ului, l\u00e2ng\u0103 pitorescul \u0219i lini\u0219titul Parc Sz\u00e9chenyi, cu copaci seculari. Construit \u00een 2014 Hotelul Munk\u00e1csy**** fiind un hotel de wellness [&hellip;]<\/p>\n","protected":false},"author":160,"featured_media":0,"parent":0,"menu_order":0,"comment_status":"closed","ping_status":"closed","template":"","meta":{"footnotes":""},"yoast_head":"<!-- This site is optimized with the Yoast SEO plugin v22.3 - https:\/\/yoast.com\/wordpress\/plugins\/seo\/ -->\n<title>Munk\u00e1csy Hotel &#8211; Munk\u00e1csy Hotel<\/title>\n<meta name=\"description\" content=\"Unul dintre cele mai frumoase \u0219i impresionante hoteluri de 4 stele din Marea C\u00e2mpie Ungar\u0103 \u0219i al re\u0219edin\u021bei jude\u021bului Bichi\u0219 este Hotelul Munk\u00e1csy **** Hotelul este situat la o plimbare de 5 minute de inima ora\u0219ului, l\u00e2ng\u0103 pitorescul \u0219i lini\u0219titul Parc Sz\u00e9chenyi, cu copaci seculari.  Construit \u00een 2014 Hotelul Munk\u00e1csy**** fiind un hotel de wellness \u015fi conferin\u0163e, \u00ee\u0219i a\u015fteapt\u0103 oaspe\u0163ii cu servicii de business \u015fi un centru de wellness \u015fi fitness.  Vechea arip\u0103, fosta &quot;Ber\u0103rie&quot;, care pe vremuri a fost cel mai \u00eensemnat centru al vie\u0163ii sociale din B\u00e9k\u00e9scsaba \u015fi din \u00eemprejurime, a fost renovat\u0103 pentru a contribui \u00een toate privin\u021bele la sejurul Oaspe\u021bilor no\u0219tri..\" \/>\n<meta name=\"robots\" content=\"index, follow, max-snippet:-1, max-image-preview:large, max-video-preview:-1\" \/>\n<link rel=\"canonical\" href=\"https:\/\/www.munkacsyhotel.hu\/ro\/\" \/>\n<meta property=\"og:locale\" content=\"ro_RO\" \/>\n<meta property=\"og:type\" content=\"article\" \/>\n<meta property=\"og:title\" content=\"Munk\u00e1csy Hotel &#8211; Munk\u00e1csy Hotel\" \/>\n<meta property=\"og:description\" content=\"Unul dintre cele mai frumoase \u0219i impresionante hoteluri de 4 stele din Marea C\u00e2mpie Ungar\u0103 \u0219i al re\u0219edin\u021bei jude\u021bului Bichi\u0219 este Hotelul Munk\u00e1csy **** Hotelul este situat la o plimbare de 5 minute de inima ora\u0219ului, l\u00e2ng\u0103 pitorescul \u0219i lini\u0219titul Parc Sz\u00e9chenyi, cu copaci seculari.  Construit \u00een 2014 Hotelul Munk\u00e1csy**** fiind un hotel de wellness \u015fi conferin\u0163e, \u00ee\u0219i a\u015fteapt\u0103 oaspe\u0163ii cu servicii de business \u015fi un centru de wellness \u015fi fitness.  Vechea arip\u0103, fosta &quot;Ber\u0103rie&quot;, care pe vremuri a fost cel mai \u00eensemnat centru al vie\u0163ii sociale din B\u00e9k\u00e9scsaba \u015fi din \u00eemprejurime, a fost renovat\u0103 pentru a contribui \u00een toate privin\u021bele la sejurul Oaspe\u021bilor no\u0219tri..\" \/>\n<meta property=\"og:url\" content=\"https:\/\/www.munkacsyhotel.hu\/ro\/\" \/>\n<meta property=\"og:site_name\" content=\"Munk\u00e1csy Hotel\" \/>\n<meta property=\"article:publisher\" content=\"https:\/\/www.facebook.com\/munkacsyhotel\" \/>\n<meta property=\"article:modified_time\" content=\"2024-08-05T10:31:25+00:00\" \/>\n<meta property=\"og:image\" content=\"https:\/\/www.munkacsyhotel.hu\/wp-content\/uploads\/sites\/155\/2024\/06\/terasz_munkacsy_hotel.jpg\" \/>\n\t<meta property=\"og:image:width\" content=\"1200\" \/>\n\t<meta property=\"og:image:height\" content=\"355\" \/>\n\t<meta property=\"og:image:type\" content=\"image\/jpeg\" \/>\n<meta name=\"twitter:card\" content=\"summary_large_image\" \/>\n<meta name=\"twitter:site\" content=\"@Munkacsy_Hotel\" \/>\n<meta name=\"twitter:label1\" content=\"Timp estimat pentru citire\" \/>\n\t<meta name=\"twitter:data1\" content=\"1 minut\" \/>\n<script type=\"application\/ld+json\" class=\"yoast-schema-graph\">{\"@context\":\"https:\/\/schema.org\",\"@graph\":[{\"@type\":\"WebPage\",\"@id\":\"https:\/\/www.munkacsyhotel.hu\/ro\/\",\"url\":\"https:\/\/www.munkacsyhotel.hu\/ro\/\",\"name\":\"Munk\u00e1csy Hotel &#8211; Munk\u00e1csy Hotel\",\"isPartOf\":{\"@id\":\"https:\/\/www.munkacsyhotel.hu\/ro\/#website\"},\"datePublished\":\"2024-06-27T12:23:09+00:00\",\"dateModified\":\"2024-08-05T10:31:25+00:00\",\"description\":\"Unul dintre cele mai frumoase \u0219i impresionante hoteluri de 4 stele din Marea C\u00e2mpie Ungar\u0103 \u0219i al re\u0219edin\u021bei jude\u021bului Bichi\u0219 este Hotelul Munk\u00e1csy **** Hotelul este situat la o plimbare de 5 minute de inima ora\u0219ului, l\u00e2ng\u0103 pitorescul \u0219i lini\u0219titul Parc Sz\u00e9chenyi, cu copaci seculari. Construit \u00een 2014 Hotelul Munk\u00e1csy**** fiind un hotel de wellness \u015fi conferin\u0163e, \u00ee\u0219i a\u015fteapt\u0103 oaspe\u0163ii cu servicii de business \u015fi un centru de wellness \u015fi fitness. Vechea arip\u0103, fosta \\\"Ber\u0103rie\\\", care pe vremuri a fost cel mai \u00eensemnat centru al vie\u0163ii sociale din B\u00e9k\u00e9scsaba \u015fi din \u00eemprejurime, a fost renovat\u0103 pentru a contribui \u00een toate privin\u021bele la sejurul Oaspe\u021bilor no\u0219tri..\",\"breadcrumb\":{\"@id\":\"https:\/\/www.munkacsyhotel.hu\/ro\/#breadcrumb\"},\"inLanguage\":\"ro-RO\",\"potentialAction\":[{\"@type\":\"ReadAction\",\"target\":[\"https:\/\/www.munkacsyhotel.hu\/ro\/\"]}]},{\"@type\":\"BreadcrumbList\",\"@id\":\"https:\/\/www.munkacsyhotel.hu\/ro\/#breadcrumb\",\"itemListElement\":[{\"@type\":\"ListItem\",\"position\":1,\"name\":\"Home\",\"item\":\"https:\/\/www.munkacsyhotel.hu\/ro\/\"},{\"@type\":\"ListItem\",\"position\":2,\"name\":\"Munk\u00e1csy Hotel\"}]},{\"@type\":\"WebSite\",\"@id\":\"https:\/\/www.munkacsyhotel.hu\/ro\/#website\",\"url\":\"https:\/\/www.munkacsyhotel.hu\/ro\/\",\"name\":\"Munk\u00e1csy Hotel\",\"description\":\"Wellness \u00e9s Konferencia Bekescsaba\",\"publisher\":{\"@id\":\"https:\/\/www.munkacsyhotel.hu\/ro\/#organization\"},\"alternateName\":\"Munk\u00e1csy Hotel\",\"potentialAction\":[{\"@type\":\"SearchAction\",\"target\":{\"@type\":\"EntryPoint\",\"urlTemplate\":\"https:\/\/www.munkacsyhotel.hu\/ro\/?s={search_term_string}\"},\"query-input\":\"required name=search_term_string\"}],\"inLanguage\":\"ro-RO\"},{\"@type\":\"Organization\",\"@id\":\"https:\/\/www.munkacsyhotel.hu\/ro\/#organization\",\"name\":\"Munk\u00e1csy Hotel\",\"alternateName\":\"Munkacsy Hotel\u2605\u2605\u2605\u2605\",\"url\":\"https:\/\/www.munkacsyhotel.hu\/ro\/\",\"logo\":{\"@type\":\"ImageObject\",\"inLanguage\":\"ro-RO\",\"@id\":\"https:\/\/www.munkacsyhotel.hu\/ro\/#\/schema\/logo\/image\/\",\"url\":\"https:\/\/www.munkacsyhotel.hu\/wp-content\/uploads\/sites\/155\/2024\/06\/munkacsy_hotel_bekescsaba.png\",\"contentUrl\":\"https:\/\/www.munkacsyhotel.hu\/wp-content\/uploads\/sites\/155\/2024\/06\/munkacsy_hotel_bekescsaba.png\",\"width\":300,\"height\":119,\"caption\":\"Munk\u00e1csy Hotel\"},\"image\":{\"@id\":\"https:\/\/www.munkacsyhotel.hu\/ro\/#\/schema\/logo\/image\/\"},\"sameAs\":[\"https:\/\/www.facebook.com\/munkacsyhotel\",\"https:\/\/twitter.com\/Munkacsy_Hotel\"]}]}<\/script>\n<!-- \/ Yoast SEO plugin. -->","yoast_head_json":{"title":"Munk\u00e1csy Hotel &#8211; Munk\u00e1csy Hotel","description":"Unul dintre cele mai frumoase \u0219i impresionante hoteluri de 4 stele din Marea C\u00e2mpie Ungar\u0103 \u0219i al re\u0219edin\u021bei jude\u021bului Bichi\u0219 este Hotelul Munk\u00e1csy **** Hotelul este situat la o plimbare de 5 minute de inima ora\u0219ului, l\u00e2ng\u0103 pitorescul \u0219i lini\u0219titul Parc Sz\u00e9chenyi, cu copaci seculari.  Construit \u00een 2014 Hotelul Munk\u00e1csy**** fiind un hotel de wellness \u015fi conferin\u0163e, \u00ee\u0219i a\u015fteapt\u0103 oaspe\u0163ii cu servicii de business \u015fi un centru de wellness \u015fi fitness.  Vechea arip\u0103, fosta \"Ber\u0103rie\", care pe vremuri a fost cel mai \u00eensemnat centru al vie\u0163ii sociale din B\u00e9k\u00e9scsaba \u015fi din \u00eemprejurime, a fost renovat\u0103 pentru a contribui \u00een toate privin\u021bele la sejurul Oaspe\u021bilor no\u0219tri..","robots":{"index":"index","follow":"follow","max-snippet":"max-snippet:-1","max-image-preview":"max-image-preview:large","max-video-preview":"max-video-preview:-1"},"canonical":"https:\/\/www.munkacsyhotel.hu\/ro\/","og_locale":"ro_RO","og_type":"article","og_title":"Munk\u00e1csy Hotel &#8211; Munk\u00e1csy Hotel","og_description":"Unul dintre cele mai frumoase \u0219i impresionante hoteluri de 4 stele din Marea C\u00e2mpie Ungar\u0103 \u0219i al re\u0219edin\u021bei jude\u021bului Bichi\u0219 este Hotelul Munk\u00e1csy **** Hotelul este situat la o plimbare de 5 minute de inima ora\u0219ului, l\u00e2ng\u0103 pitorescul \u0219i lini\u0219titul Parc Sz\u00e9chenyi, cu copaci seculari.  Construit \u00een 2014 Hotelul Munk\u00e1csy**** fiind un hotel de wellness \u015fi conferin\u0163e, \u00ee\u0219i a\u015fteapt\u0103 oaspe\u0163ii cu servicii de business \u015fi un centru de wellness \u015fi fitness.  Vechea arip\u0103, fosta \"Ber\u0103rie\", care pe vremuri a fost cel mai \u00eensemnat centru al vie\u0163ii sociale din B\u00e9k\u00e9scsaba \u015fi din \u00eemprejurime, a fost renovat\u0103 pentru a contribui \u00een toate privin\u021bele la sejurul Oaspe\u021bilor no\u0219tri..","og_url":"https:\/\/www.munkacsyhotel.hu\/ro\/","og_site_name":"Munk\u00e1csy Hotel","article_publisher":"https:\/\/www.facebook.com\/munkacsyhotel","article_modified_time":"2024-08-05T10:31:25+00:00","og_image":[{"width":1200,"height":355,"url":"https:\/\/www.munkacsyhotel.hu\/wp-content\/uploads\/sites\/155\/2024\/06\/terasz_munkacsy_hotel.jpg","type":"image\/jpeg"}],"twitter_card":"summary_large_image","twitter_site":"@Munkacsy_Hotel","twitter_misc":{"Timp estimat pentru citire":"1 minut"},"schema":{"@context":"https:\/\/schema.org","@graph":[{"@type":"WebPage","@id":"https:\/\/www.munkacsyhotel.hu\/ro\/","url":"https:\/\/www.munkacsyhotel.hu\/ro\/","name":"Munk\u00e1csy Hotel &#8211; Munk\u00e1csy Hotel","isPartOf":{"@id":"https:\/\/www.munkacsyhotel.hu\/ro\/#website"},"datePublished":"2024-06-27T12:23:09+00:00","dateModified":"2024-08-05T10:31:25+00:00","description":"Unul dintre cele mai frumoase \u0219i impresionante hoteluri de 4 stele din Marea C\u00e2mpie Ungar\u0103 \u0219i al re\u0219edin\u021bei jude\u021bului Bichi\u0219 este Hotelul Munk\u00e1csy **** Hotelul este situat la o plimbare de 5 minute de inima ora\u0219ului, l\u00e2ng\u0103 pitorescul \u0219i lini\u0219titul Parc Sz\u00e9chenyi, cu copaci seculari. Construit \u00een 2014 Hotelul Munk\u00e1csy**** fiind un hotel de wellness \u015fi conferin\u0163e, \u00ee\u0219i a\u015fteapt\u0103 oaspe\u0163ii cu servicii de business \u015fi un centru de wellness \u015fi fitness. Vechea arip\u0103, fosta \"Ber\u0103rie\", care pe vremuri a fost cel mai \u00eensemnat centru al vie\u0163ii sociale din B\u00e9k\u00e9scsaba \u015fi din \u00eemprejurime, a fost renovat\u0103 pentru a contribui \u00een toate privin\u021bele la sejurul Oaspe\u021bilor no\u0219tri..","breadcrumb":{"@id":"https:\/\/www.munkacsyhotel.hu\/ro\/#breadcrumb"},"inLanguage":"ro-RO","potentialAction":[{"@type":"ReadAction","target":["https:\/\/www.munkacsyhotel.hu\/ro\/"]}]},{"@type":"BreadcrumbList","@id":"https:\/\/www.munkacsyhotel.hu\/ro\/#breadcrumb","itemListElement":[{"@type":"ListItem","position":1,"name":"Home","item":"https:\/\/www.munkacsyhotel.hu\/ro\/"},{"@type":"ListItem","position":2,"name":"Munk\u00e1csy Hotel"}]},{"@type":"WebSite","@id":"https:\/\/www.munkacsyhotel.hu\/ro\/#website","url":"https:\/\/www.munkacsyhotel.hu\/ro\/","name":"Munk\u00e1csy Hotel","description":"Wellness \u00e9s Konferencia Bekescsaba","publisher":{"@id":"https:\/\/www.munkacsyhotel.hu\/ro\/#organization"},"alternateName":"Munk\u00e1csy Hotel","potentialAction":[{"@type":"SearchAction","target":{"@type":"EntryPoint","urlTemplate":"https:\/\/www.munkacsyhotel.hu\/ro\/?s={search_term_string}"},"query-input":"required name=search_term_string"}],"inLanguage":"ro-RO"},{"@type":"Organization","@id":"https:\/\/www.munkacsyhotel.hu\/ro\/#organization","name":"Munk\u00e1csy Hotel","alternateName":"Munkacsy Hotel\u2605\u2605\u2605\u2605","url":"https:\/\/www.munkacsyhotel.hu\/ro\/","logo":{"@type":"ImageObject","inLanguage":"ro-RO","@id":"https:\/\/www.munkacsyhotel.hu\/ro\/#\/schema\/logo\/image\/","url":"https:\/\/www.munkacsyhotel.hu\/wp-content\/uploads\/sites\/155\/2024\/06\/munkacsy_hotel_bekescsaba.png","contentUrl":"https:\/\/www.munkacsyhotel.hu\/wp-content\/uploads\/sites\/155\/2024\/06\/munkacsy_hotel_bekescsaba.png","width":300,"height":119,"caption":"Munk\u00e1csy Hotel"},"image":{"@id":"https:\/\/www.munkacsyhotel.hu\/ro\/#\/schema\/logo\/image\/"},"sameAs":["https:\/\/www.facebook.com\/munkacsyhotel","https:\/\/twitter.com\/Munkacsy_Hotel"]}]}},"acf":[],"_links":{"self":[{"href":"https:\/\/www.munkacsyhotel.hu\/ro\/wp-json\/wp\/v2\/pages\/203"}],"collection":[{"href":"https:\/\/www.munkacsyhotel.hu\/ro\/wp-json\/wp\/v2\/pages"}],"about":[{"href":"https:\/\/www.munkacsyhotel.hu\/ro\/wp-json\/wp\/v2\/types\/page"}],"author":[{"embeddable":true,"href":"https:\/\/www.munkacsyhotel.hu\/ro\/wp-json\/wp\/v2\/users\/160"}],"replies":[{"embeddable":true,"href":"https:\/\/www.munkacsyhotel.hu\/ro\/wp-json\/wp\/v2\/comments?post=203"}],"version-history":[{"count":0,"href":"https:\/\/www.munkacsyhotel.hu\/ro\/wp-json\/wp\/v2\/pages\/203\/revisions"}],"wp:attachment":[{"href":"https:\/\/www.munkacsyhotel.hu\/ro\/wp-json\/wp\/v2\/media?parent=203"}],"curies":[{"name":"wp","href":"https:\/\/api.w.org\/{rel}","templated":true}]}}