{"id":448,"date":"2025-11-06T14:00:43","date_gmt":"2025-11-06T14:00:43","guid":{"rendered":"https:\/\/www.munkacsyhotel.hu\/?page_id=448"},"modified":"2025-11-06T14:40:33","modified_gmt":"2025-11-06T14:40:33","slug":"team-building-package","status":"publish","type":"page","link":"https:\/\/www.munkacsyhotel.hu\/en\/special-packages\/team-building-package\/","title":{"rendered":"Team building package"},"content":{"rendered":"<p><strong>The package includes:<\/strong><\/p>\n<ul>\n<li>Accommodation in elegant, cozy, minimalist style Classic &#8211; manzard rooms, Superior rooms, Junior or Deluxe Suites<\/li>\n<li>Generous buffet style breakfast<\/li>\n<li>Unlimited use of our Wellness and Sauna Oasis (courtyard jacuzzi, steam cabin, infrared cabin, salt cabin, Finnish sauna with aromatherapy essential oils, whirlpool, swimming pool, children&#8217;s pool)<\/li>\n<li>Unlimited use of our fitness room<\/li>\n<li>Bathrobe and slippers provided<\/li>\n<li>Coffee coupon for each person, for one-time consumption in the Hotel&#8217;s Aranyecset restaurant<\/li>\n<li>Free Wi-Fi throughout the Hotel<\/li>\n<li>Free use of room safe<\/li>\n<li>Free, camera-monitored parking on the street in front of the hotel<\/li>\n<li>One bottle of carbonated and one bottle of still mineral water provided<\/li>\n<\/ul>\n<p><strong>The following programs are available upon request and can be arranged:<\/strong><\/p>\n<ul>\n<li>Wine dinner, p\u00e1linka tasting and whiskey tasting in our hotel bar (not included in the room price)<\/li>\n<li>Next to our Hotel, there are 6 tennis courts providing sports opportunities (not included in the room price)<\/li>\n<\/ul>\n<p><strong>Our optional program offer, in the organization of which our colleagues will help you upon individual request:<\/strong><\/p>\n<ul>\n<li>Paintball in the P\u00f3stelek forest near B\u00e9k\u00e9scsaba<\/li>\n<li>Horse-drawn carriage or Dotto train rental for sightseeing<\/li>\n<li>Canoeing opportunity on the live water canal in the heart of B\u00e9k\u00e9scsaba<\/li>\n<li>Visit the Munk\u00e1csy Memorial House<\/li>\n<li>Visit the Sausage Museum with sausage tasting<\/li>\n<li>P\u00e1linka tasting (Magna P\u00e1linka, \u00c1rp\u00e1d P\u00e1linka)<\/li>\n<li>Nearby castles as excursion options (Alm\u00e1ssy Castle Gyula, Wenckheim Castle Szabadk\u00edgy\u00f3s, Sz\u00e9chenyi-Wenckheim Castle Ruins P\u00f3stelek)<\/li>\n<li>Sightseeing flight over B\u00e9k\u00e9scsaba in groups of 3\u20134<\/li>\n<li>Pig slaughter (in winter)<\/li>\n<li>Ice skating in a cozy atmosphere at the Csaba Event Barn (during the wintertime)<\/li>\n<\/ul>\n<p style=\"text-align: center;\"><strong>For our unique, discounted prices, please contact our colleagues at the following contact details:<\/strong><br \/>\n<strong><a href=\"mailto:info@munkacsyhotel.hu\">info@munkacsyhotel.hu<\/a> or<\/strong><br \/>\n<strong><a href=\"tel:+3666322376\">+36 66 322 376<\/a><\/strong><\/p>\n<p style=\"text-align: center;\">Our discounted offer is valid for bookings of at least 10 people!<br \/>\nTourist tax: 400 HUF \/ person \/ night (payable over 18 years of age)<br \/>\nSmall pet: 5,000 HUF \/ night \/ pet<br \/>\nNight extension: Daily room rate with 10% discount<br \/>\nOur prices are valid for the year 2025!<\/p>\n","protected":false},"excerpt":{"rendered":"<p>The package includes: Accommodation in elegant, cozy, minimalist style Classic &#8211; manzard rooms, Superior rooms, Junior or Deluxe Suites Generous buffet style breakfast Unlimited use of our Wellness and Sauna Oasis (courtyard jacuzzi, steam cabin, infrared cabin, salt cabin, Finnish sauna with aromatherapy essential oils, whirlpool, swimming pool, children&#8217;s pool) Unlimited use of our fitness [&hellip;]<\/p>\n","protected":false},"author":199,"featured_media":0,"parent":446,"menu_order":0,"comment_status":"closed","ping_status":"closed","template":"","meta":{"footnotes":""},"yoast_head":"<!-- This site is optimized with the Yoast SEO plugin v22.3 - https:\/\/yoast.com\/wordpress\/plugins\/seo\/ -->\n<title>Team building package &#8211; Munk\u00e1csy Hotel<\/title>\n<meta name=\"description\" content=\"The package includes:   Accommodation in elegant, cozy, minimalist style Classic - manzard rooms, Superior rooms, Junior or Deluxe Suites  Generous buffet style breakfast  Unlimited use of our Wellness and Sauna Oasis (courtyard jacuzzi, steam cabin, infrared cabin, salt cabin, Finnish sauna with aromatherapy essential oils, whirlpool, swimming pool, children&#039;s pool)  Unlimited use of our fitness room  Bathrobe and slippers provided  Coffee coupon for each person, for one-time consumption in the Hotel&#039;s Aranyecset restaurant  Free Wi-Fi throughout the Hotel  Free use of room safe  Free, camera-monitored parking on the street in front of the hotel  One bottle of carbonated and one bottle of still mineral water provided  The following programs are available upon request and can be arranged:   Wine dinner, p\u00e1linka tasting and whiskey tasting in our hotel bar (not included in the room price)  Next to our Hotel, there are 6 tennis courts providing sports opportunities (not included in the room price)  Our optional program offer, in the organization of which our colleagues will help you upon individual request:   Paintball in the P\u00f3stelek forest near B\u00e9k\u00e9scsaba  Horse-drawn carriage or Dotto train rental for sightseeing  Canoeing opportunity on the live water canal in the heart of B\u00e9k\u00e9scsaba  Visit the Munk\u00e1csy Memorial House  Visit the Sausage Museum with sausage tasting  P\u00e1linka tasting (Magna P\u00e1linka, \u00c1rp\u00e1d P\u00e1linka)  Nearby castles as excursion options (Alm\u00e1ssy Castle Gyula, Wenckheim Castle Szabadk\u00edgy\u00f3s, Sz\u00e9chenyi-Wenckheim Castle Ruins P\u00f3stelek)  Sightseeing flight over B\u00e9k\u00e9scsaba in groups of 3\u20134  Pig slaughter (in winter)  Ice skating in a cozy atmosphere at the Csaba Event Barn (during the wintertime)  For our unique, discounted prices, please contact our colleagues at the following contact details: info@munkacsyhotel.hu or +36 66 322 376 Our discounted offer is valid for bookings of at least 10 people! Tourist tax: 400 HUF \/ person \/ night (payable over 18 years of age) Small pet: 5,000 HUF \/ night \/ pet Night extension: Daily room rate with 10% discount Our prices are valid for the year 2025!.\" \/>\n<meta name=\"robots\" content=\"index, follow, max-snippet:-1, max-image-preview:large, max-video-preview:-1\" \/>\n<link rel=\"canonical\" href=\"https:\/\/www.munkacsyhotel.hu\/en\/special-packages\/team-building-package\/\" \/>\n<meta property=\"og:locale\" content=\"en_US\" \/>\n<meta property=\"og:type\" content=\"article\" \/>\n<meta property=\"og:title\" content=\"Team building package &#8211; Munk\u00e1csy Hotel\" \/>\n<meta property=\"og:description\" content=\"The package includes:   Accommodation in elegant, cozy, minimalist style Classic - manzard rooms, Superior rooms, Junior or Deluxe Suites  Generous buffet style breakfast  Unlimited use of our Wellness and Sauna Oasis (courtyard jacuzzi, steam cabin, infrared cabin, salt cabin, Finnish sauna with aromatherapy essential oils, whirlpool, swimming pool, children&#039;s pool)  Unlimited use of our fitness room  Bathrobe and slippers provided  Coffee coupon for each person, for one-time consumption in the Hotel&#039;s Aranyecset restaurant  Free Wi-Fi throughout the Hotel  Free use of room safe  Free, camera-monitored parking on the street in front of the hotel  One bottle of carbonated and one bottle of still mineral water provided  The following programs are available upon request and can be arranged:   Wine dinner, p\u00e1linka tasting and whiskey tasting in our hotel bar (not included in the room price)  Next to our Hotel, there are 6 tennis courts providing sports opportunities (not included in the room price)  Our optional program offer, in the organization of which our colleagues will help you upon individual request:   Paintball in the P\u00f3stelek forest near B\u00e9k\u00e9scsaba  Horse-drawn carriage or Dotto train rental for sightseeing  Canoeing opportunity on the live water canal in the heart of B\u00e9k\u00e9scsaba  Visit the Munk\u00e1csy Memorial House  Visit the Sausage Museum with sausage tasting  P\u00e1linka tasting (Magna P\u00e1linka, \u00c1rp\u00e1d P\u00e1linka)  Nearby castles as excursion options (Alm\u00e1ssy Castle Gyula, Wenckheim Castle Szabadk\u00edgy\u00f3s, Sz\u00e9chenyi-Wenckheim Castle Ruins P\u00f3stelek)  Sightseeing flight over B\u00e9k\u00e9scsaba in groups of 3\u20134  Pig slaughter (in winter)  Ice skating in a cozy atmosphere at the Csaba Event Barn (during the wintertime)  For our unique, discounted prices, please contact our colleagues at the following contact details: info@munkacsyhotel.hu or +36 66 322 376 Our discounted offer is valid for bookings of at least 10 people! Tourist tax: 400 HUF \/ person \/ night (payable over 18 years of age) Small pet: 5,000 HUF \/ night \/ pet Night extension: Daily room rate with 10% discount Our prices are valid for the year 2025!.\" \/>\n<meta property=\"og:url\" content=\"https:\/\/www.munkacsyhotel.hu\/en\/special-packages\/team-building-package\/\" \/>\n<meta property=\"og:site_name\" content=\"Munk\u00e1csy Hotel\" \/>\n<meta property=\"article:publisher\" content=\"https:\/\/www.facebook.com\/munkacsyhotel\" \/>\n<meta property=\"article:modified_time\" content=\"2025-11-06T14:40:33+00:00\" \/>\n<meta property=\"og:image\" content=\"https:\/\/www.munkacsyhotel.hu\/wp-content\/uploads\/sites\/155\/2024\/06\/terasz_munkacsy_hotel.jpg\" \/>\n\t<meta property=\"og:image:width\" content=\"1200\" \/>\n\t<meta property=\"og:image:height\" content=\"355\" \/>\n\t<meta property=\"og:image:type\" content=\"image\/jpeg\" \/>\n<meta name=\"twitter:card\" content=\"summary_large_image\" \/>\n<meta name=\"twitter:site\" content=\"@Munkacsy_Hotel\" \/>\n<meta name=\"twitter:label1\" content=\"Est. reading time\" \/>\n\t<meta name=\"twitter:data1\" content=\"2 minutes\" \/>\n<script type=\"application\/ld+json\" class=\"yoast-schema-graph\">{\"@context\":\"https:\/\/schema.org\",\"@graph\":[{\"@type\":\"WebPage\",\"@id\":\"https:\/\/www.munkacsyhotel.hu\/en\/special-packages\/team-building-package\/\",\"url\":\"https:\/\/www.munkacsyhotel.hu\/en\/special-packages\/team-building-package\/\",\"name\":\"Team building package &#8211; Munk\u00e1csy Hotel\",\"isPartOf\":{\"@id\":\"https:\/\/www.munkacsyhotel.hu\/en\/#website\"},\"datePublished\":\"2025-11-06T14:00:43+00:00\",\"dateModified\":\"2025-11-06T14:40:33+00:00\",\"description\":\"The package includes: \u2022 Accommodation in elegant, cozy, minimalist style Classic - manzard rooms, Superior rooms, Junior or Deluxe Suites \u2022 Generous buffet style breakfast \u2022 Unlimited use of our Wellness and Sauna Oasis (courtyard jacuzzi, steam cabin, infrared cabin, salt cabin, Finnish sauna with aromatherapy essential oils, whirlpool, swimming pool, children's pool) \u2022 Unlimited use of our fitness room \u2022 Bathrobe and slippers provided \u2022 Coffee coupon for each person, for one-time consumption in the Hotel's Aranyecset restaurant \u2022 Free Wi-Fi throughout the Hotel \u2022 Free use of room safe \u2022 Free, camera-monitored parking on the street in front of the hotel \u2022 One bottle of carbonated and one bottle of still mineral water provided The following programs are available upon request and can be arranged: \u2022 Wine dinner, p\u00e1linka tasting and whiskey tasting in our hotel bar (not included in the room price) \u2022 Next to our Hotel, there are 6 tennis courts providing sports opportunities (not included in the room price) Our optional program offer, in the organization of which our colleagues will help you upon individual request: \u2022 Paintball in the P\u00f3stelek forest near B\u00e9k\u00e9scsaba \u2022 Horse-drawn carriage or Dotto train rental for sightseeing \u2022 Canoeing opportunity on the live water canal in the heart of B\u00e9k\u00e9scsaba \u2022 Visit the Munk\u00e1csy Memorial House \u2022 Visit the Sausage Museum with sausage tasting \u2022 P\u00e1linka tasting (Magna P\u00e1linka, \u00c1rp\u00e1d P\u00e1linka) \u2022 Nearby castles as excursion options (Alm\u00e1ssy Castle Gyula, Wenckheim Castle Szabadk\u00edgy\u00f3s, Sz\u00e9chenyi-Wenckheim Castle Ruins P\u00f3stelek) \u2022 Sightseeing flight over B\u00e9k\u00e9scsaba in groups of 3\u20134 \u2022 Pig slaughter (in winter) \u2022 Ice skating in a cozy atmosphere at the Csaba Event Barn (during the wintertime) For our unique, discounted prices, please contact our colleagues at the following contact details: info@munkacsyhotel.hu or +36 66 322 376 Our discounted offer is valid for bookings of at least 10 people! Tourist tax: 400 HUF \/ person \/ night (payable over 18 years of age) Small pet: 5,000 HUF \/ night \/ pet Night extension: Daily room rate with 10% discount Our prices are valid for the year 2025! .\",\"breadcrumb\":{\"@id\":\"https:\/\/www.munkacsyhotel.hu\/en\/special-packages\/team-building-package\/#breadcrumb\"},\"inLanguage\":\"en-US\",\"potentialAction\":[{\"@type\":\"ReadAction\",\"target\":[\"https:\/\/www.munkacsyhotel.hu\/en\/special-packages\/team-building-package\/\"]}]},{\"@type\":\"BreadcrumbList\",\"@id\":\"https:\/\/www.munkacsyhotel.hu\/en\/special-packages\/team-building-package\/#breadcrumb\",\"itemListElement\":[{\"@type\":\"ListItem\",\"position\":1,\"name\":\"Home\",\"item\":\"https:\/\/www.munkacsyhotel.hu\/en\/\"},{\"@type\":\"ListItem\",\"position\":2,\"name\":\"Special packages\",\"item\":\"https:\/\/www.munkacsyhotel.hu\/en\/special-packages\/\"},{\"@type\":\"ListItem\",\"position\":3,\"name\":\"Team building package\"}]},{\"@type\":\"WebSite\",\"@id\":\"https:\/\/www.munkacsyhotel.hu\/en\/#website\",\"url\":\"https:\/\/www.munkacsyhotel.hu\/en\/\",\"name\":\"Munk\u00e1csy Hotel\",\"description\":\"Wellness \u00e9s Konferencia Bekescsaba\",\"publisher\":{\"@id\":\"https:\/\/www.munkacsyhotel.hu\/en\/#organization\"},\"alternateName\":\"Munk\u00e1csy Hotel\",\"potentialAction\":[{\"@type\":\"SearchAction\",\"target\":{\"@type\":\"EntryPoint\",\"urlTemplate\":\"https:\/\/www.munkacsyhotel.hu\/en\/?s={search_term_string}\"},\"query-input\":\"required name=search_term_string\"}],\"inLanguage\":\"en-US\"},{\"@type\":\"Organization\",\"@id\":\"https:\/\/www.munkacsyhotel.hu\/en\/#organization\",\"name\":\"Munk\u00e1csy Hotel\",\"alternateName\":\"Munkacsy Hotel\u2605\u2605\u2605\u2605\",\"url\":\"https:\/\/www.munkacsyhotel.hu\/en\/\",\"logo\":{\"@type\":\"ImageObject\",\"inLanguage\":\"en-US\",\"@id\":\"https:\/\/www.munkacsyhotel.hu\/en\/#\/schema\/logo\/image\/\",\"url\":\"https:\/\/www.munkacsyhotel.hu\/wp-content\/uploads\/sites\/155\/2024\/06\/munkacsy_hotel_bekescsaba.png\",\"contentUrl\":\"https:\/\/www.munkacsyhotel.hu\/wp-content\/uploads\/sites\/155\/2024\/06\/munkacsy_hotel_bekescsaba.png\",\"width\":300,\"height\":119,\"caption\":\"Munk\u00e1csy Hotel\"},\"image\":{\"@id\":\"https:\/\/www.munkacsyhotel.hu\/en\/#\/schema\/logo\/image\/\"},\"sameAs\":[\"https:\/\/www.facebook.com\/munkacsyhotel\",\"https:\/\/twitter.com\/Munkacsy_Hotel\"]}]}<\/script>\n<!-- \/ Yoast SEO plugin. -->","yoast_head_json":{"title":"Team building package &#8211; Munk\u00e1csy Hotel","description":"The package includes:   Accommodation in elegant, cozy, minimalist style Classic - manzard rooms, Superior rooms, Junior or Deluxe Suites  Generous buffet style breakfast  Unlimited use of our Wellness and Sauna Oasis (courtyard jacuzzi, steam cabin, infrared cabin, salt cabin, Finnish sauna with aromatherapy essential oils, whirlpool, swimming pool, children's pool)  Unlimited use of our fitness room  Bathrobe and slippers provided  Coffee coupon for each person, for one-time consumption in the Hotel's Aranyecset restaurant  Free Wi-Fi throughout the Hotel  Free use of room safe  Free, camera-monitored parking on the street in front of the hotel  One bottle of carbonated and one bottle of still mineral water provided  The following programs are available upon request and can be arranged:   Wine dinner, p\u00e1linka tasting and whiskey tasting in our hotel bar (not included in the room price)  Next to our Hotel, there are 6 tennis courts providing sports opportunities (not included in the room price)  Our optional program offer, in the organization of which our colleagues will help you upon individual request:   Paintball in the P\u00f3stelek forest near B\u00e9k\u00e9scsaba  Horse-drawn carriage or Dotto train rental for sightseeing  Canoeing opportunity on the live water canal in the heart of B\u00e9k\u00e9scsaba  Visit the Munk\u00e1csy Memorial House  Visit the Sausage Museum with sausage tasting  P\u00e1linka tasting (Magna P\u00e1linka, \u00c1rp\u00e1d P\u00e1linka)  Nearby castles as excursion options (Alm\u00e1ssy Castle Gyula, Wenckheim Castle Szabadk\u00edgy\u00f3s, Sz\u00e9chenyi-Wenckheim Castle Ruins P\u00f3stelek)  Sightseeing flight over B\u00e9k\u00e9scsaba in groups of 3\u20134  Pig slaughter (in winter)  Ice skating in a cozy atmosphere at the Csaba Event Barn (during the wintertime)  For our unique, discounted prices, please contact our colleagues at the following contact details: info@munkacsyhotel.hu or +36 66 322 376 Our discounted offer is valid for bookings of at least 10 people! Tourist tax: 400 HUF \/ person \/ night (payable over 18 years of age) Small pet: 5,000 HUF \/ night \/ pet Night extension: Daily room rate with 10% discount Our prices are valid for the year 2025!.","robots":{"index":"index","follow":"follow","max-snippet":"max-snippet:-1","max-image-preview":"max-image-preview:large","max-video-preview":"max-video-preview:-1"},"canonical":"https:\/\/www.munkacsyhotel.hu\/en\/special-packages\/team-building-package\/","og_locale":"en_US","og_type":"article","og_title":"Team building package &#8211; Munk\u00e1csy Hotel","og_description":"The package includes:   Accommodation in elegant, cozy, minimalist style Classic - manzard rooms, Superior rooms, Junior or Deluxe Suites  Generous buffet style breakfast  Unlimited use of our Wellness and Sauna Oasis (courtyard jacuzzi, steam cabin, infrared cabin, salt cabin, Finnish sauna with aromatherapy essential oils, whirlpool, swimming pool, children's pool)  Unlimited use of our fitness room  Bathrobe and slippers provided  Coffee coupon for each person, for one-time consumption in the Hotel's Aranyecset restaurant  Free Wi-Fi throughout the Hotel  Free use of room safe  Free, camera-monitored parking on the street in front of the hotel  One bottle of carbonated and one bottle of still mineral water provided  The following programs are available upon request and can be arranged:   Wine dinner, p\u00e1linka tasting and whiskey tasting in our hotel bar (not included in the room price)  Next to our Hotel, there are 6 tennis courts providing sports opportunities (not included in the room price)  Our optional program offer, in the organization of which our colleagues will help you upon individual request:   Paintball in the P\u00f3stelek forest near B\u00e9k\u00e9scsaba  Horse-drawn carriage or Dotto train rental for sightseeing  Canoeing opportunity on the live water canal in the heart of B\u00e9k\u00e9scsaba  Visit the Munk\u00e1csy Memorial House  Visit the Sausage Museum with sausage tasting  P\u00e1linka tasting (Magna P\u00e1linka, \u00c1rp\u00e1d P\u00e1linka)  Nearby castles as excursion options (Alm\u00e1ssy Castle Gyula, Wenckheim Castle Szabadk\u00edgy\u00f3s, Sz\u00e9chenyi-Wenckheim Castle Ruins P\u00f3stelek)  Sightseeing flight over B\u00e9k\u00e9scsaba in groups of 3\u20134  Pig slaughter (in winter)  Ice skating in a cozy atmosphere at the Csaba Event Barn (during the wintertime)  For our unique, discounted prices, please contact our colleagues at the following contact details: info@munkacsyhotel.hu or +36 66 322 376 Our discounted offer is valid for bookings of at least 10 people! Tourist tax: 400 HUF \/ person \/ night (payable over 18 years of age) Small pet: 5,000 HUF \/ night \/ pet Night extension: Daily room rate with 10% discount Our prices are valid for the year 2025!.","og_url":"https:\/\/www.munkacsyhotel.hu\/en\/special-packages\/team-building-package\/","og_site_name":"Munk\u00e1csy Hotel","article_publisher":"https:\/\/www.facebook.com\/munkacsyhotel","article_modified_time":"2025-11-06T14:40:33+00:00","og_image":[{"width":1200,"height":355,"url":"https:\/\/www.munkacsyhotel.hu\/wp-content\/uploads\/sites\/155\/2024\/06\/terasz_munkacsy_hotel.jpg","type":"image\/jpeg"}],"twitter_card":"summary_large_image","twitter_site":"@Munkacsy_Hotel","twitter_misc":{"Est. reading time":"2 minutes"},"schema":{"@context":"https:\/\/schema.org","@graph":[{"@type":"WebPage","@id":"https:\/\/www.munkacsyhotel.hu\/en\/special-packages\/team-building-package\/","url":"https:\/\/www.munkacsyhotel.hu\/en\/special-packages\/team-building-package\/","name":"Team building package &#8211; Munk\u00e1csy Hotel","isPartOf":{"@id":"https:\/\/www.munkacsyhotel.hu\/en\/#website"},"datePublished":"2025-11-06T14:00:43+00:00","dateModified":"2025-11-06T14:40:33+00:00","description":"The package includes: \u2022 Accommodation in elegant, cozy, minimalist style Classic - manzard rooms, Superior rooms, Junior or Deluxe Suites \u2022 Generous buffet style breakfast \u2022 Unlimited use of our Wellness and Sauna Oasis (courtyard jacuzzi, steam cabin, infrared cabin, salt cabin, Finnish sauna with aromatherapy essential oils, whirlpool, swimming pool, children's pool) \u2022 Unlimited use of our fitness room \u2022 Bathrobe and slippers provided \u2022 Coffee coupon for each person, for one-time consumption in the Hotel's Aranyecset restaurant \u2022 Free Wi-Fi throughout the Hotel \u2022 Free use of room safe \u2022 Free, camera-monitored parking on the street in front of the hotel \u2022 One bottle of carbonated and one bottle of still mineral water provided The following programs are available upon request and can be arranged: \u2022 Wine dinner, p\u00e1linka tasting and whiskey tasting in our hotel bar (not included in the room price) \u2022 Next to our Hotel, there are 6 tennis courts providing sports opportunities (not included in the room price) Our optional program offer, in the organization of which our colleagues will help you upon individual request: \u2022 Paintball in the P\u00f3stelek forest near B\u00e9k\u00e9scsaba \u2022 Horse-drawn carriage or Dotto train rental for sightseeing \u2022 Canoeing opportunity on the live water canal in the heart of B\u00e9k\u00e9scsaba \u2022 Visit the Munk\u00e1csy Memorial House \u2022 Visit the Sausage Museum with sausage tasting \u2022 P\u00e1linka tasting (Magna P\u00e1linka, \u00c1rp\u00e1d P\u00e1linka) \u2022 Nearby castles as excursion options (Alm\u00e1ssy Castle Gyula, Wenckheim Castle Szabadk\u00edgy\u00f3s, Sz\u00e9chenyi-Wenckheim Castle Ruins P\u00f3stelek) \u2022 Sightseeing flight over B\u00e9k\u00e9scsaba in groups of 3\u20134 \u2022 Pig slaughter (in winter) \u2022 Ice skating in a cozy atmosphere at the Csaba Event Barn (during the wintertime) For our unique, discounted prices, please contact our colleagues at the following contact details: info@munkacsyhotel.hu or +36 66 322 376 Our discounted offer is valid for bookings of at least 10 people! Tourist tax: 400 HUF \/ person \/ night (payable over 18 years of age) Small pet: 5,000 HUF \/ night \/ pet Night extension: Daily room rate with 10% discount Our prices are valid for the year 2025! .","breadcrumb":{"@id":"https:\/\/www.munkacsyhotel.hu\/en\/special-packages\/team-building-package\/#breadcrumb"},"inLanguage":"en-US","potentialAction":[{"@type":"ReadAction","target":["https:\/\/www.munkacsyhotel.hu\/en\/special-packages\/team-building-package\/"]}]},{"@type":"BreadcrumbList","@id":"https:\/\/www.munkacsyhotel.hu\/en\/special-packages\/team-building-package\/#breadcrumb","itemListElement":[{"@type":"ListItem","position":1,"name":"Home","item":"https:\/\/www.munkacsyhotel.hu\/en\/"},{"@type":"ListItem","position":2,"name":"Special packages","item":"https:\/\/www.munkacsyhotel.hu\/en\/special-packages\/"},{"@type":"ListItem","position":3,"name":"Team building package"}]},{"@type":"WebSite","@id":"https:\/\/www.munkacsyhotel.hu\/en\/#website","url":"https:\/\/www.munkacsyhotel.hu\/en\/","name":"Munk\u00e1csy Hotel","description":"Wellness \u00e9s Konferencia Bekescsaba","publisher":{"@id":"https:\/\/www.munkacsyhotel.hu\/en\/#organization"},"alternateName":"Munk\u00e1csy Hotel","potentialAction":[{"@type":"SearchAction","target":{"@type":"EntryPoint","urlTemplate":"https:\/\/www.munkacsyhotel.hu\/en\/?s={search_term_string}"},"query-input":"required name=search_term_string"}],"inLanguage":"en-US"},{"@type":"Organization","@id":"https:\/\/www.munkacsyhotel.hu\/en\/#organization","name":"Munk\u00e1csy Hotel","alternateName":"Munkacsy Hotel\u2605\u2605\u2605\u2605","url":"https:\/\/www.munkacsyhotel.hu\/en\/","logo":{"@type":"ImageObject","inLanguage":"en-US","@id":"https:\/\/www.munkacsyhotel.hu\/en\/#\/schema\/logo\/image\/","url":"https:\/\/www.munkacsyhotel.hu\/wp-content\/uploads\/sites\/155\/2024\/06\/munkacsy_hotel_bekescsaba.png","contentUrl":"https:\/\/www.munkacsyhotel.hu\/wp-content\/uploads\/sites\/155\/2024\/06\/munkacsy_hotel_bekescsaba.png","width":300,"height":119,"caption":"Munk\u00e1csy Hotel"},"image":{"@id":"https:\/\/www.munkacsyhotel.hu\/en\/#\/schema\/logo\/image\/"},"sameAs":["https:\/\/www.facebook.com\/munkacsyhotel","https:\/\/twitter.com\/Munkacsy_Hotel"]}]}},"acf":[],"_links":{"self":[{"href":"https:\/\/www.munkacsyhotel.hu\/en\/wp-json\/wp\/v2\/pages\/448"}],"collection":[{"href":"https:\/\/www.munkacsyhotel.hu\/en\/wp-json\/wp\/v2\/pages"}],"about":[{"href":"https:\/\/www.munkacsyhotel.hu\/en\/wp-json\/wp\/v2\/types\/page"}],"author":[{"embeddable":true,"href":"https:\/\/www.munkacsyhotel.hu\/en\/wp-json\/wp\/v2\/users\/199"}],"replies":[{"embeddable":true,"href":"https:\/\/www.munkacsyhotel.hu\/en\/wp-json\/wp\/v2\/comments?post=448"}],"version-history":[{"count":0,"href":"https:\/\/www.munkacsyhotel.hu\/en\/wp-json\/wp\/v2\/pages\/448\/revisions"}],"up":[{"embeddable":true,"href":"https:\/\/www.munkacsyhotel.hu\/en\/wp-json\/wp\/v2\/pages\/446"}],"wp:attachment":[{"href":"https:\/\/www.munkacsyhotel.hu\/en\/wp-json\/wp\/v2\/media?parent=448"}],"curies":[{"name":"wp","href":"https:\/\/api.w.org\/{rel}","templated":true}]}}