{"id":179,"date":"2024-07-05T09:19:03","date_gmt":"2024-07-05T09:19:03","guid":{"rendered":"https:\/\/munkacsy-hotel.ms2.decms.eu\/szabadido\/"},"modified":"2024-10-18T16:42:09","modified_gmt":"2024-10-18T16:42:09","slug":"free-time","status":"publish","type":"page","link":"https:\/\/www.munkacsyhotel.hu\/en\/free-time\/","title":{"rendered":"Free Time"},"content":{"rendered":"<p>The hotel is located a comfortable 5-minute walk from the heart of the city, next to the picturesque and peaceful Sz\u00e9chenyi Garden dotted with ancient trees, which is a great place for those who want to relax.<\/p>\n<p>The visitor center of B\u00e9k\u00e9scsaba, created in its original natural environment, the Sz\u00e9chenyi Garden, is located on the banks of the Living Water Canal that crosses the city.<\/p>\n<p>The entrance to the park is marked by the Sz\u00e9kely-Gate, a gift from the sister city Sz\u00e9kelyudvarhely in 1991.<\/p>\n<p>Its area is about 0.5 km\u00b2. The Living Water Canal Promenade is a nature conservation area of \u200b\u200blocal importance due to its chestnut and oak trees.<\/p>\n","protected":false},"excerpt":{"rendered":"<p>The hotel is located a comfortable 5-minute walk from the heart of the city, next to the picturesque and peaceful Sz\u00e9chenyi Garden dotted with ancient trees, which is a great place for those who want to relax. The visitor center of B\u00e9k\u00e9scsaba, created in its original natural environment, the Sz\u00e9chenyi Garden, is located on the [&hellip;]<\/p>\n","protected":false},"author":12,"featured_media":0,"parent":0,"menu_order":80,"comment_status":"closed","ping_status":"closed","template":"template-surroundings.php","meta":{"footnotes":""},"class_list":["post-179","page","type-page","status-publish","hentry"],"yoast_head":"<!-- This site is optimized with the Yoast SEO plugin v27.3 - https:\/\/yoast.com\/product\/yoast-seo-wordpress\/ -->\n<title>Free Time &#8211; Munk\u00e1csy Hotel<\/title>\n<meta name=\"description\" content=\"The hotel is located a comfortable 5-minute walk from the heart of the city, next to the picturesque and peaceful Sz\u00e9chenyi Garden dotted with ancient trees, which is a great place for those who want to relax.  The visitor center of B\u00e9k\u00e9scsaba, created in its original natural environment, the Sz\u00e9chenyi Garden, is located on the banks of the Living Water Canal that crosses the city.  The entrance to the park is marked by the Sz\u00e9kely-Gate, a gift from the sister city Sz\u00e9kelyudvarhely in 1991.  Its area is about 0.5 km\u00b2. The Living Water Canal Promenade is a nature conservation area of \u200b\u200blocal importance due to its chestnut and oak trees.\" \/>\n<meta name=\"robots\" content=\"index, follow, max-snippet:-1, max-image-preview:large, max-video-preview:-1\" \/>\n<link rel=\"canonical\" href=\"https:\/\/www.munkacsyhotel.hu\/en\/free-time\/\" \/>\n<meta property=\"og:locale\" content=\"en_US\" \/>\n<meta property=\"og:type\" content=\"article\" \/>\n<meta property=\"og:title\" content=\"Free Time &#8211; Munk\u00e1csy Hotel\" \/>\n<meta property=\"og:description\" content=\"The hotel is located a comfortable 5-minute walk from the heart of the city, next to the picturesque and peaceful Sz\u00e9chenyi Garden dotted with ancient trees, which is a great place for those who want to relax.  The visitor center of B\u00e9k\u00e9scsaba, created in its original natural environment, the Sz\u00e9chenyi Garden, is located on the banks of the Living Water Canal that crosses the city.  The entrance to the park is marked by the Sz\u00e9kely-Gate, a gift from the sister city Sz\u00e9kelyudvarhely in 1991.  Its area is about 0.5 km\u00b2. The Living Water Canal Promenade is a nature conservation area of \u200b\u200blocal importance due to its chestnut and oak trees.\" \/>\n<meta property=\"og:url\" content=\"https:\/\/www.munkacsyhotel.hu\/en\/free-time\/\" \/>\n<meta property=\"og:site_name\" content=\"Munk\u00e1csy Hotel\" \/>\n<meta property=\"article:publisher\" content=\"https:\/\/www.facebook.com\/munkacsyhotel\" \/>\n<meta property=\"article:modified_time\" content=\"2024-10-18T16:42:09+00:00\" \/>\n<meta property=\"og:image\" content=\"https:\/\/www.munkacsyhotel.hu\/wp-content\/uploads\/sites\/155\/2024\/06\/terasz_munkacsy_hotel.jpg\" \/>\n\t<meta property=\"og:image:width\" content=\"1200\" \/>\n\t<meta property=\"og:image:height\" content=\"355\" \/>\n\t<meta property=\"og:image:type\" content=\"image\/jpeg\" \/>\n<meta name=\"twitter:card\" content=\"summary_large_image\" \/>\n<meta name=\"twitter:site\" content=\"@Munkacsy_Hotel\" \/>\n<meta name=\"twitter:label1\" content=\"Est. reading time\" \/>\n\t<meta name=\"twitter:data1\" content=\"1 minute\" \/>\n<script type=\"application\/ld+json\" class=\"yoast-schema-graph\">{\"@context\":\"https:\\\/\\\/schema.org\",\"@graph\":[{\"@type\":\"WebPage\",\"@id\":\"https:\\\/\\\/www.munkacsyhotel.hu\\\/en\\\/free-time\\\/\",\"url\":\"https:\\\/\\\/www.munkacsyhotel.hu\\\/en\\\/free-time\\\/\",\"name\":\"Free Time &#8211; Munk\u00e1csy Hotel\",\"isPartOf\":{\"@id\":\"https:\\\/\\\/www.munkacsyhotel.hu\\\/en\\\/#website\"},\"datePublished\":\"2024-07-05T09:19:03+00:00\",\"dateModified\":\"2024-10-18T16:42:09+00:00\",\"description\":\"The hotel is located a comfortable 5-minute walk from the heart of the city, next to the picturesque and peaceful Sz\u00e9chenyi Garden dotted with ancient trees, which is a great place for those who want to relax. The visitor center of B\u00e9k\u00e9scsaba, created in its original natural environment, the Sz\u00e9chenyi Garden, is located on the banks of the Living Water Canal that crosses the city. The entrance to the park is marked by the Sz\u00e9kely-Gate, a gift from the sister city Sz\u00e9kelyudvarhely in 1991. Its area is about 0.5 km\u00b2. The Living Water Canal Promenade is a nature conservation area of \u200b\u200blocal importance due to its chestnut and oak trees.\",\"breadcrumb\":{\"@id\":\"https:\\\/\\\/www.munkacsyhotel.hu\\\/en\\\/free-time\\\/#breadcrumb\"},\"inLanguage\":\"en-US\",\"potentialAction\":[{\"@type\":\"ReadAction\",\"target\":[\"https:\\\/\\\/www.munkacsyhotel.hu\\\/en\\\/free-time\\\/\"]}]},{\"@type\":\"BreadcrumbList\",\"@id\":\"https:\\\/\\\/www.munkacsyhotel.hu\\\/en\\\/free-time\\\/#breadcrumb\",\"itemListElement\":[{\"@type\":\"ListItem\",\"position\":1,\"name\":\"Home\",\"item\":\"https:\\\/\\\/www.munkacsyhotel.hu\\\/en\\\/\"},{\"@type\":\"ListItem\",\"position\":2,\"name\":\"Free Time\"}]},{\"@type\":\"WebSite\",\"@id\":\"https:\\\/\\\/www.munkacsyhotel.hu\\\/en\\\/#website\",\"url\":\"https:\\\/\\\/www.munkacsyhotel.hu\\\/en\\\/\",\"name\":\"Munk\u00e1csy Hotel\",\"description\":\"Wellness \u00e9s Konferencia Bekescsaba\",\"publisher\":{\"@id\":\"https:\\\/\\\/www.munkacsyhotel.hu\\\/en\\\/#organization\"},\"alternateName\":\"Munk\u00e1csy Hotel\",\"potentialAction\":[{\"@type\":\"SearchAction\",\"target\":{\"@type\":\"EntryPoint\",\"urlTemplate\":\"https:\\\/\\\/www.munkacsyhotel.hu\\\/en\\\/?s={search_term_string}\"},\"query-input\":{\"@type\":\"PropertyValueSpecification\",\"valueRequired\":true,\"valueName\":\"search_term_string\"}}],\"inLanguage\":\"en-US\"},{\"@type\":\"Organization\",\"@id\":\"https:\\\/\\\/www.munkacsyhotel.hu\\\/en\\\/#organization\",\"name\":\"Munk\u00e1csy Hotel\",\"alternateName\":\"Munkacsy Hotel\u2605\u2605\u2605\u2605\",\"url\":\"https:\\\/\\\/www.munkacsyhotel.hu\\\/en\\\/\",\"logo\":{\"@type\":\"ImageObject\",\"inLanguage\":\"en-US\",\"@id\":\"https:\\\/\\\/www.munkacsyhotel.hu\\\/en\\\/#\\\/schema\\\/logo\\\/image\\\/\",\"url\":\"https:\\\/\\\/www.munkacsyhotel.hu\\\/wp-content\\\/uploads\\\/sites\\\/155\\\/2024\\\/06\\\/munkacsy_hotel_bekescsaba.png\",\"contentUrl\":\"https:\\\/\\\/www.munkacsyhotel.hu\\\/wp-content\\\/uploads\\\/sites\\\/155\\\/2024\\\/06\\\/munkacsy_hotel_bekescsaba.png\",\"width\":300,\"height\":119,\"caption\":\"Munk\u00e1csy Hotel\"},\"image\":{\"@id\":\"https:\\\/\\\/www.munkacsyhotel.hu\\\/en\\\/#\\\/schema\\\/logo\\\/image\\\/\"},\"sameAs\":[\"https:\\\/\\\/www.facebook.com\\\/munkacsyhotel\",\"https:\\\/\\\/x.com\\\/Munkacsy_Hotel\"]}]}<\/script>\n<!-- \/ Yoast SEO plugin. -->","yoast_head_json":{"title":"Free Time &#8211; Munk\u00e1csy Hotel","description":"The hotel is located a comfortable 5-minute walk from the heart of the city, next to the picturesque and peaceful Sz\u00e9chenyi Garden dotted with ancient trees, which is a great place for those who want to relax.  The visitor center of B\u00e9k\u00e9scsaba, created in its original natural environment, the Sz\u00e9chenyi Garden, is located on the banks of the Living Water Canal that crosses the city.  The entrance to the park is marked by the Sz\u00e9kely-Gate, a gift from the sister city Sz\u00e9kelyudvarhely in 1991.  Its area is about 0.5 km\u00b2. The Living Water Canal Promenade is a nature conservation area of \u200b\u200blocal importance due to its chestnut and oak trees.","robots":{"index":"index","follow":"follow","max-snippet":"max-snippet:-1","max-image-preview":"max-image-preview:large","max-video-preview":"max-video-preview:-1"},"canonical":"https:\/\/www.munkacsyhotel.hu\/en\/free-time\/","og_locale":"en_US","og_type":"article","og_title":"Free Time &#8211; Munk\u00e1csy Hotel","og_description":"The hotel is located a comfortable 5-minute walk from the heart of the city, next to the picturesque and peaceful Sz\u00e9chenyi Garden dotted with ancient trees, which is a great place for those who want to relax.  The visitor center of B\u00e9k\u00e9scsaba, created in its original natural environment, the Sz\u00e9chenyi Garden, is located on the banks of the Living Water Canal that crosses the city.  The entrance to the park is marked by the Sz\u00e9kely-Gate, a gift from the sister city Sz\u00e9kelyudvarhely in 1991.  Its area is about 0.5 km\u00b2. The Living Water Canal Promenade is a nature conservation area of \u200b\u200blocal importance due to its chestnut and oak trees.","og_url":"https:\/\/www.munkacsyhotel.hu\/en\/free-time\/","og_site_name":"Munk\u00e1csy Hotel","article_publisher":"https:\/\/www.facebook.com\/munkacsyhotel","article_modified_time":"2024-10-18T16:42:09+00:00","og_image":[{"width":1200,"height":355,"url":"https:\/\/www.munkacsyhotel.hu\/wp-content\/uploads\/sites\/155\/2024\/06\/terasz_munkacsy_hotel.jpg","type":"image\/jpeg"}],"twitter_card":"summary_large_image","twitter_site":"@Munkacsy_Hotel","twitter_misc":{"Est. reading time":"1 minute"},"schema":{"@context":"https:\/\/schema.org","@graph":[{"@type":"WebPage","@id":"https:\/\/www.munkacsyhotel.hu\/en\/free-time\/","url":"https:\/\/www.munkacsyhotel.hu\/en\/free-time\/","name":"Free Time &#8211; Munk\u00e1csy Hotel","isPartOf":{"@id":"https:\/\/www.munkacsyhotel.hu\/en\/#website"},"datePublished":"2024-07-05T09:19:03+00:00","dateModified":"2024-10-18T16:42:09+00:00","description":"The hotel is located a comfortable 5-minute walk from the heart of the city, next to the picturesque and peaceful Sz\u00e9chenyi Garden dotted with ancient trees, which is a great place for those who want to relax. The visitor center of B\u00e9k\u00e9scsaba, created in its original natural environment, the Sz\u00e9chenyi Garden, is located on the banks of the Living Water Canal that crosses the city. The entrance to the park is marked by the Sz\u00e9kely-Gate, a gift from the sister city Sz\u00e9kelyudvarhely in 1991. Its area is about 0.5 km\u00b2. The Living Water Canal Promenade is a nature conservation area of \u200b\u200blocal importance due to its chestnut and oak trees.","breadcrumb":{"@id":"https:\/\/www.munkacsyhotel.hu\/en\/free-time\/#breadcrumb"},"inLanguage":"en-US","potentialAction":[{"@type":"ReadAction","target":["https:\/\/www.munkacsyhotel.hu\/en\/free-time\/"]}]},{"@type":"BreadcrumbList","@id":"https:\/\/www.munkacsyhotel.hu\/en\/free-time\/#breadcrumb","itemListElement":[{"@type":"ListItem","position":1,"name":"Home","item":"https:\/\/www.munkacsyhotel.hu\/en\/"},{"@type":"ListItem","position":2,"name":"Free Time"}]},{"@type":"WebSite","@id":"https:\/\/www.munkacsyhotel.hu\/en\/#website","url":"https:\/\/www.munkacsyhotel.hu\/en\/","name":"Munk\u00e1csy Hotel","description":"Wellness \u00e9s Konferencia Bekescsaba","publisher":{"@id":"https:\/\/www.munkacsyhotel.hu\/en\/#organization"},"alternateName":"Munk\u00e1csy Hotel","potentialAction":[{"@type":"SearchAction","target":{"@type":"EntryPoint","urlTemplate":"https:\/\/www.munkacsyhotel.hu\/en\/?s={search_term_string}"},"query-input":{"@type":"PropertyValueSpecification","valueRequired":true,"valueName":"search_term_string"}}],"inLanguage":"en-US"},{"@type":"Organization","@id":"https:\/\/www.munkacsyhotel.hu\/en\/#organization","name":"Munk\u00e1csy Hotel","alternateName":"Munkacsy Hotel\u2605\u2605\u2605\u2605","url":"https:\/\/www.munkacsyhotel.hu\/en\/","logo":{"@type":"ImageObject","inLanguage":"en-US","@id":"https:\/\/www.munkacsyhotel.hu\/en\/#\/schema\/logo\/image\/","url":"https:\/\/www.munkacsyhotel.hu\/wp-content\/uploads\/sites\/155\/2024\/06\/munkacsy_hotel_bekescsaba.png","contentUrl":"https:\/\/www.munkacsyhotel.hu\/wp-content\/uploads\/sites\/155\/2024\/06\/munkacsy_hotel_bekescsaba.png","width":300,"height":119,"caption":"Munk\u00e1csy Hotel"},"image":{"@id":"https:\/\/www.munkacsyhotel.hu\/en\/#\/schema\/logo\/image\/"},"sameAs":["https:\/\/www.facebook.com\/munkacsyhotel","https:\/\/x.com\/Munkacsy_Hotel"]}]}},"acf":[],"_links":{"self":[{"href":"https:\/\/www.munkacsyhotel.hu\/en\/wp-json\/wp\/v2\/pages\/179","targetHints":{"allow":["GET"]}}],"collection":[{"href":"https:\/\/www.munkacsyhotel.hu\/en\/wp-json\/wp\/v2\/pages"}],"about":[{"href":"https:\/\/www.munkacsyhotel.hu\/en\/wp-json\/wp\/v2\/types\/page"}],"author":[{"embeddable":true,"href":"https:\/\/www.munkacsyhotel.hu\/en\/wp-json\/wp\/v2\/users\/12"}],"replies":[{"embeddable":true,"href":"https:\/\/www.munkacsyhotel.hu\/en\/wp-json\/wp\/v2\/comments?post=179"}],"version-history":[{"count":0,"href":"https:\/\/www.munkacsyhotel.hu\/en\/wp-json\/wp\/v2\/pages\/179\/revisions"}],"wp:attachment":[{"href":"https:\/\/www.munkacsyhotel.hu\/en\/wp-json\/wp\/v2\/media?parent=179"}],"curies":[{"name":"wp","href":"https:\/\/api.w.org\/{rel}","templated":true}]}}