{"id":173,"date":"2024-07-04T08:17:12","date_gmt":"2024-07-04T08:17:12","guid":{"rendered":"https:\/\/munkacsy-hotel.ms2.decms.eu\/a-regi-szarny\/"},"modified":"2024-07-31T14:14:49","modified_gmt":"2024-07-31T14:14:49","slug":"the-old-wing","status":"publish","type":"page","link":"https:\/\/www.munkacsyhotel.hu\/en\/the-old-wing\/","title":{"rendered":"The old wing"},"content":{"rendered":"<p>The old wing, formerly known as the &#8220;Serh\u00e1z,&#8221; was a significant hub of social life in B\u00e9k\u00e9scsaba in times past. It has been fittingly restored to enhance the quality of stay for our visiting guests.<br \/>\nThis building houses the hotel&#8217;s first and second floors (labeled as the 100 and 200 levels).<\/p>\n<ul>\n<li>4 attic, single-room Classic-type rooms,<\/li>\n<li>4 Superior-type single-room rooms,<\/li>\n<li>4 Junior single-room suites, and<\/li>\n<li>2 Deluxe two-room suites.<\/li>\n<\/ul>\n<p><b>In this wing, all floors are accessible only by stairs.<\/b><\/p>\n","protected":false},"excerpt":{"rendered":"<p>The old wing, formerly known as the &#8220;Serh\u00e1z,&#8221; was a significant hub of social life in B\u00e9k\u00e9scsaba in times past. It has been fittingly restored to enhance the quality of stay for our visiting guests. This building houses the hotel&#8217;s first and second floors (labeled as the 100 and 200 levels). 4 attic, single-room Classic-type [&hellip;]<\/p>\n","protected":false},"author":12,"featured_media":0,"parent":0,"menu_order":900,"comment_status":"closed","ping_status":"closed","template":"","meta":{"footnotes":""},"yoast_head":"<!-- This site is optimized with the Yoast SEO plugin v22.3 - https:\/\/yoast.com\/wordpress\/plugins\/seo\/ -->\n<title>The old wing &#8211; Munk\u00e1csy Hotel<\/title>\n<meta name=\"description\" content=\"The old wing, formerly known as the &quot;Serh\u00e1z,&quot; was a significant hub of social life in B\u00e9k\u00e9scsaba in times past. It has been fittingly restored to enhance the quality of stay for our visiting guests. This building houses the hotel&#039;s first and second floors (labeled as the 100 and 200 levels).   4 attic, single-room Classic-type rooms,  4 Superior-type single-room rooms,  4 Junior single-room suites, and  2 Deluxe two-room suites.  In this wing, all floors are accessible only by stairs.\" \/>\n<meta name=\"robots\" content=\"index, follow, max-snippet:-1, max-image-preview:large, max-video-preview:-1\" \/>\n<link rel=\"canonical\" href=\"https:\/\/www.munkacsyhotel.hu\/en\/the-old-wing\/\" \/>\n<meta property=\"og:locale\" content=\"en_US\" \/>\n<meta property=\"og:type\" content=\"article\" \/>\n<meta property=\"og:title\" content=\"The old wing &#8211; Munk\u00e1csy Hotel\" \/>\n<meta property=\"og:description\" content=\"The old wing, formerly known as the &quot;Serh\u00e1z,&quot; was a significant hub of social life in B\u00e9k\u00e9scsaba in times past. It has been fittingly restored to enhance the quality of stay for our visiting guests. This building houses the hotel&#039;s first and second floors (labeled as the 100 and 200 levels).   4 attic, single-room Classic-type rooms,  4 Superior-type single-room rooms,  4 Junior single-room suites, and  2 Deluxe two-room suites.  In this wing, all floors are accessible only by stairs.\" \/>\n<meta property=\"og:url\" content=\"https:\/\/www.munkacsyhotel.hu\/en\/the-old-wing\/\" \/>\n<meta property=\"og:site_name\" content=\"Munk\u00e1csy Hotel\" \/>\n<meta property=\"article:publisher\" content=\"https:\/\/www.facebook.com\/munkacsyhotel\" \/>\n<meta property=\"article:modified_time\" content=\"2024-07-31T14:14:49+00:00\" \/>\n<meta property=\"og:image\" content=\"https:\/\/www.munkacsyhotel.hu\/wp-content\/uploads\/sites\/155\/2024\/06\/terasz_munkacsy_hotel.jpg\" \/>\n\t<meta property=\"og:image:width\" content=\"1200\" \/>\n\t<meta property=\"og:image:height\" content=\"355\" \/>\n\t<meta property=\"og:image:type\" content=\"image\/jpeg\" \/>\n<meta name=\"twitter:card\" content=\"summary_large_image\" \/>\n<meta name=\"twitter:site\" content=\"@Munkacsy_Hotel\" \/>\n<meta name=\"twitter:label1\" content=\"Est. reading time\" \/>\n\t<meta name=\"twitter:data1\" content=\"1 minute\" \/>\n<script type=\"application\/ld+json\" class=\"yoast-schema-graph\">{\"@context\":\"https:\/\/schema.org\",\"@graph\":[{\"@type\":\"WebPage\",\"@id\":\"https:\/\/www.munkacsyhotel.hu\/en\/the-old-wing\/\",\"url\":\"https:\/\/www.munkacsyhotel.hu\/en\/the-old-wing\/\",\"name\":\"The old wing &#8211; Munk\u00e1csy Hotel\",\"isPartOf\":{\"@id\":\"https:\/\/www.munkacsyhotel.hu\/en\/#website\"},\"datePublished\":\"2024-07-04T08:17:12+00:00\",\"dateModified\":\"2024-07-31T14:14:49+00:00\",\"description\":\"The old wing, formerly known as the \\\"Serh\u00e1z,\\\" was a significant hub of social life in B\u00e9k\u00e9scsaba in times past. It has been fittingly restored to enhance the quality of stay for our visiting guests. This building houses the hotel's first and second floors (labeled as the 100 and 200 levels). \u2022 4 attic, single-room Classic-type rooms, \u2022 4 Superior-type single-room rooms, \u2022 4 Junior single-room suites, and \u2022 2 Deluxe two-room suites. In this wing, all floors are accessible only by stairs.\",\"breadcrumb\":{\"@id\":\"https:\/\/www.munkacsyhotel.hu\/en\/the-old-wing\/#breadcrumb\"},\"inLanguage\":\"en-US\",\"potentialAction\":[{\"@type\":\"ReadAction\",\"target\":[\"https:\/\/www.munkacsyhotel.hu\/en\/the-old-wing\/\"]}]},{\"@type\":\"BreadcrumbList\",\"@id\":\"https:\/\/www.munkacsyhotel.hu\/en\/the-old-wing\/#breadcrumb\",\"itemListElement\":[{\"@type\":\"ListItem\",\"position\":1,\"name\":\"Home\",\"item\":\"https:\/\/www.munkacsyhotel.hu\/en\/\"},{\"@type\":\"ListItem\",\"position\":2,\"name\":\"The old wing\"}]},{\"@type\":\"WebSite\",\"@id\":\"https:\/\/www.munkacsyhotel.hu\/en\/#website\",\"url\":\"https:\/\/www.munkacsyhotel.hu\/en\/\",\"name\":\"Munk\u00e1csy Hotel\",\"description\":\"Wellness \u00e9s Konferencia Bekescsaba\",\"publisher\":{\"@id\":\"https:\/\/www.munkacsyhotel.hu\/en\/#organization\"},\"alternateName\":\"Munk\u00e1csy Hotel\",\"potentialAction\":[{\"@type\":\"SearchAction\",\"target\":{\"@type\":\"EntryPoint\",\"urlTemplate\":\"https:\/\/www.munkacsyhotel.hu\/en\/?s={search_term_string}\"},\"query-input\":\"required name=search_term_string\"}],\"inLanguage\":\"en-US\"},{\"@type\":\"Organization\",\"@id\":\"https:\/\/www.munkacsyhotel.hu\/en\/#organization\",\"name\":\"Munk\u00e1csy Hotel\",\"alternateName\":\"Munkacsy Hotel\u2605\u2605\u2605\u2605\",\"url\":\"https:\/\/www.munkacsyhotel.hu\/en\/\",\"logo\":{\"@type\":\"ImageObject\",\"inLanguage\":\"en-US\",\"@id\":\"https:\/\/www.munkacsyhotel.hu\/en\/#\/schema\/logo\/image\/\",\"url\":\"https:\/\/www.munkacsyhotel.hu\/wp-content\/uploads\/sites\/155\/2024\/06\/munkacsy_hotel_bekescsaba.png\",\"contentUrl\":\"https:\/\/www.munkacsyhotel.hu\/wp-content\/uploads\/sites\/155\/2024\/06\/munkacsy_hotel_bekescsaba.png\",\"width\":300,\"height\":119,\"caption\":\"Munk\u00e1csy Hotel\"},\"image\":{\"@id\":\"https:\/\/www.munkacsyhotel.hu\/en\/#\/schema\/logo\/image\/\"},\"sameAs\":[\"https:\/\/www.facebook.com\/munkacsyhotel\",\"https:\/\/twitter.com\/Munkacsy_Hotel\"]}]}<\/script>\n<!-- \/ Yoast SEO plugin. -->","yoast_head_json":{"title":"The old wing &#8211; Munk\u00e1csy Hotel","description":"The old wing, formerly known as the \"Serh\u00e1z,\" was a significant hub of social life in B\u00e9k\u00e9scsaba in times past. It has been fittingly restored to enhance the quality of stay for our visiting guests. This building houses the hotel's first and second floors (labeled as the 100 and 200 levels).   4 attic, single-room Classic-type rooms,  4 Superior-type single-room rooms,  4 Junior single-room suites, and  2 Deluxe two-room suites.  In this wing, all floors are accessible only by stairs.","robots":{"index":"index","follow":"follow","max-snippet":"max-snippet:-1","max-image-preview":"max-image-preview:large","max-video-preview":"max-video-preview:-1"},"canonical":"https:\/\/www.munkacsyhotel.hu\/en\/the-old-wing\/","og_locale":"en_US","og_type":"article","og_title":"The old wing &#8211; Munk\u00e1csy Hotel","og_description":"The old wing, formerly known as the \"Serh\u00e1z,\" was a significant hub of social life in B\u00e9k\u00e9scsaba in times past. It has been fittingly restored to enhance the quality of stay for our visiting guests. This building houses the hotel's first and second floors (labeled as the 100 and 200 levels).   4 attic, single-room Classic-type rooms,  4 Superior-type single-room rooms,  4 Junior single-room suites, and  2 Deluxe two-room suites.  In this wing, all floors are accessible only by stairs.","og_url":"https:\/\/www.munkacsyhotel.hu\/en\/the-old-wing\/","og_site_name":"Munk\u00e1csy Hotel","article_publisher":"https:\/\/www.facebook.com\/munkacsyhotel","article_modified_time":"2024-07-31T14:14:49+00:00","og_image":[{"width":1200,"height":355,"url":"https:\/\/www.munkacsyhotel.hu\/wp-content\/uploads\/sites\/155\/2024\/06\/terasz_munkacsy_hotel.jpg","type":"image\/jpeg"}],"twitter_card":"summary_large_image","twitter_site":"@Munkacsy_Hotel","twitter_misc":{"Est. reading time":"1 minute"},"schema":{"@context":"https:\/\/schema.org","@graph":[{"@type":"WebPage","@id":"https:\/\/www.munkacsyhotel.hu\/en\/the-old-wing\/","url":"https:\/\/www.munkacsyhotel.hu\/en\/the-old-wing\/","name":"The old wing &#8211; Munk\u00e1csy Hotel","isPartOf":{"@id":"https:\/\/www.munkacsyhotel.hu\/en\/#website"},"datePublished":"2024-07-04T08:17:12+00:00","dateModified":"2024-07-31T14:14:49+00:00","description":"The old wing, formerly known as the \"Serh\u00e1z,\" was a significant hub of social life in B\u00e9k\u00e9scsaba in times past. It has been fittingly restored to enhance the quality of stay for our visiting guests. This building houses the hotel's first and second floors (labeled as the 100 and 200 levels). \u2022 4 attic, single-room Classic-type rooms, \u2022 4 Superior-type single-room rooms, \u2022 4 Junior single-room suites, and \u2022 2 Deluxe two-room suites. In this wing, all floors are accessible only by stairs.","breadcrumb":{"@id":"https:\/\/www.munkacsyhotel.hu\/en\/the-old-wing\/#breadcrumb"},"inLanguage":"en-US","potentialAction":[{"@type":"ReadAction","target":["https:\/\/www.munkacsyhotel.hu\/en\/the-old-wing\/"]}]},{"@type":"BreadcrumbList","@id":"https:\/\/www.munkacsyhotel.hu\/en\/the-old-wing\/#breadcrumb","itemListElement":[{"@type":"ListItem","position":1,"name":"Home","item":"https:\/\/www.munkacsyhotel.hu\/en\/"},{"@type":"ListItem","position":2,"name":"The old wing"}]},{"@type":"WebSite","@id":"https:\/\/www.munkacsyhotel.hu\/en\/#website","url":"https:\/\/www.munkacsyhotel.hu\/en\/","name":"Munk\u00e1csy Hotel","description":"Wellness \u00e9s Konferencia Bekescsaba","publisher":{"@id":"https:\/\/www.munkacsyhotel.hu\/en\/#organization"},"alternateName":"Munk\u00e1csy Hotel","potentialAction":[{"@type":"SearchAction","target":{"@type":"EntryPoint","urlTemplate":"https:\/\/www.munkacsyhotel.hu\/en\/?s={search_term_string}"},"query-input":"required name=search_term_string"}],"inLanguage":"en-US"},{"@type":"Organization","@id":"https:\/\/www.munkacsyhotel.hu\/en\/#organization","name":"Munk\u00e1csy Hotel","alternateName":"Munkacsy Hotel\u2605\u2605\u2605\u2605","url":"https:\/\/www.munkacsyhotel.hu\/en\/","logo":{"@type":"ImageObject","inLanguage":"en-US","@id":"https:\/\/www.munkacsyhotel.hu\/en\/#\/schema\/logo\/image\/","url":"https:\/\/www.munkacsyhotel.hu\/wp-content\/uploads\/sites\/155\/2024\/06\/munkacsy_hotel_bekescsaba.png","contentUrl":"https:\/\/www.munkacsyhotel.hu\/wp-content\/uploads\/sites\/155\/2024\/06\/munkacsy_hotel_bekescsaba.png","width":300,"height":119,"caption":"Munk\u00e1csy Hotel"},"image":{"@id":"https:\/\/www.munkacsyhotel.hu\/en\/#\/schema\/logo\/image\/"},"sameAs":["https:\/\/www.facebook.com\/munkacsyhotel","https:\/\/twitter.com\/Munkacsy_Hotel"]}]}},"acf":[],"_links":{"self":[{"href":"https:\/\/www.munkacsyhotel.hu\/en\/wp-json\/wp\/v2\/pages\/173"}],"collection":[{"href":"https:\/\/www.munkacsyhotel.hu\/en\/wp-json\/wp\/v2\/pages"}],"about":[{"href":"https:\/\/www.munkacsyhotel.hu\/en\/wp-json\/wp\/v2\/types\/page"}],"author":[{"embeddable":true,"href":"https:\/\/www.munkacsyhotel.hu\/en\/wp-json\/wp\/v2\/users\/12"}],"replies":[{"embeddable":true,"href":"https:\/\/www.munkacsyhotel.hu\/en\/wp-json\/wp\/v2\/comments?post=173"}],"version-history":[{"count":0,"href":"https:\/\/www.munkacsyhotel.hu\/en\/wp-json\/wp\/v2\/pages\/173\/revisions"}],"wp:attachment":[{"href":"https:\/\/www.munkacsyhotel.hu\/en\/wp-json\/wp\/v2\/media?parent=173"}],"curies":[{"name":"wp","href":"https:\/\/api.w.org\/{rel}","templated":true}]}}