{"id":154,"date":"2024-06-27T12:23:09","date_gmt":"2024-06-27T12:23:09","guid":{"rendered":"https:\/\/munkacsy-hotel.ms2.decms.eu\/sample-page\/"},"modified":"2024-07-31T14:28:19","modified_gmt":"2024-07-31T14:28:19","slug":"sample-page","status":"publish","type":"page","link":"https:\/\/www.munkacsyhotel.hu\/en\/","title":{"rendered":"Munk\u00e1csy Hotel"},"content":{"rendered":"<p><span style=\"font-weight: 400;\">The Hotel Munk\u00e1csy is a 4-star Hotel which is located 5 minutes walking distance from the city centre and in the neighbourhood of the quiet, picturesque Sz\u00e9chenyi liget with its hundred years old trees.<\/span><\/p>\n<p><span style=\"font-weight: 400;\">The Hotel was built in 2014 as a wellness and conference Hotel which has a unique business facility as well as wellness and fitness centre.<\/span><\/p>\n<p><span style=\"font-weight: 400;\">We divide our Hotel for two buildings. <\/span><span style=\"font-weight: 400;\">The old part of the Hotel is the late \u201eserh\u00e1z\u201d where in the past B\u00e9k\u00e9scsaba\u2019s main social life was active. This part has been renovated to make our guests\u2019 stay more enjoyable.\u00a0<\/span><\/p>\n<p><span style=\"font-weight: 400;\">The Hotel has 24 bedrooms waiting for our guests, exclusive interior spaces, personalizes business facilities and family friendly design.<\/span><\/p>\n<p><span style=\"font-weight: 400;\">The Hotel Munk\u00e1csy**** has a unique and impressive environment, offering an excellent service and elegance with many years of experience to allow your business trip or holiday be perfect.<\/span><\/p>\n","protected":false},"excerpt":{"rendered":"<p>The Hotel Munk\u00e1csy is a 4-star Hotel which is located 5 minutes walking distance from the city centre and in the neighbourhood of the quiet, picturesque Sz\u00e9chenyi liget with its hundred years old trees. The Hotel was built in 2014 as a wellness and conference Hotel which has a unique business facility as well as [&hellip;]<\/p>\n","protected":false},"author":160,"featured_media":0,"parent":0,"menu_order":0,"comment_status":"closed","ping_status":"closed","template":"","meta":{"footnotes":""},"class_list":["post-154","page","type-page","status-publish","hentry"],"yoast_head":"<!-- This site is optimized with the Yoast SEO plugin v27.3 - https:\/\/yoast.com\/product\/yoast-seo-wordpress\/ -->\n<title>Munk\u00e1csy Hotel &#8211; Munk\u00e1csy Hotel<\/title>\n<meta name=\"description\" content=\"The Hotel Munk\u00e1csy is a 4-star Hotel which is located 5 minutes walking distance from the city centre and in the neighbourhood of the quiet, picturesque Sz\u00e9chenyi liget with its hundred years old trees.  The Hotel was built in 2014 as a wellness and conference Hotel which has a unique business facility as well as wellness and fitness centre.  We divide our Hotel for two buildings. The old part of the Hotel is the late \u201eserh\u00e1z\u201d where in the past B\u00e9k\u00e9scsaba\u2019s main social life was active\" \/>\n<meta name=\"robots\" content=\"index, follow, max-snippet:-1, max-image-preview:large, max-video-preview:-1\" \/>\n<link rel=\"canonical\" href=\"https:\/\/www.munkacsyhotel.hu\/en\/\" \/>\n<meta property=\"og:locale\" content=\"en_US\" \/>\n<meta property=\"og:type\" content=\"article\" \/>\n<meta property=\"og:title\" content=\"Munk\u00e1csy Hotel &#8211; Munk\u00e1csy Hotel\" \/>\n<meta property=\"og:description\" content=\"The Hotel Munk\u00e1csy is a 4-star Hotel which is located 5 minutes walking distance from the city centre and in the neighbourhood of the quiet, picturesque Sz\u00e9chenyi liget with its hundred years old trees.  The Hotel was built in 2014 as a wellness and conference Hotel which has a unique business facility as well as wellness and fitness centre.  We divide our Hotel for two buildings. The old part of the Hotel is the late \u201eserh\u00e1z\u201d where in the past B\u00e9k\u00e9scsaba\u2019s main social life was active\" \/>\n<meta property=\"og:url\" content=\"https:\/\/www.munkacsyhotel.hu\/en\/\" \/>\n<meta property=\"og:site_name\" content=\"Munk\u00e1csy Hotel\" \/>\n<meta property=\"article:publisher\" content=\"https:\/\/www.facebook.com\/munkacsyhotel\" \/>\n<meta property=\"article:modified_time\" content=\"2024-07-31T14:28:19+00:00\" \/>\n<meta property=\"og:image\" content=\"https:\/\/www.munkacsyhotel.hu\/wp-content\/uploads\/sites\/155\/2024\/06\/terasz_munkacsy_hotel.jpg\" \/>\n\t<meta property=\"og:image:width\" content=\"1200\" \/>\n\t<meta property=\"og:image:height\" content=\"355\" \/>\n\t<meta property=\"og:image:type\" content=\"image\/jpeg\" \/>\n<meta name=\"twitter:card\" content=\"summary_large_image\" \/>\n<meta name=\"twitter:site\" content=\"@Munkacsy_Hotel\" \/>\n<meta name=\"twitter:label1\" content=\"Est. reading time\" \/>\n\t<meta name=\"twitter:data1\" content=\"1 minute\" \/>\n<script type=\"application\/ld+json\" class=\"yoast-schema-graph\">{\"@context\":\"https:\\\/\\\/schema.org\",\"@graph\":[{\"@type\":\"WebPage\",\"@id\":\"https:\\\/\\\/www.munkacsyhotel.hu\\\/en\\\/\",\"url\":\"https:\\\/\\\/www.munkacsyhotel.hu\\\/en\\\/\",\"name\":\"Munk\u00e1csy Hotel &#8211; Munk\u00e1csy Hotel\",\"isPartOf\":{\"@id\":\"https:\\\/\\\/www.munkacsyhotel.hu\\\/en\\\/#website\"},\"datePublished\":\"2024-06-27T12:23:09+00:00\",\"dateModified\":\"2024-07-31T14:28:19+00:00\",\"description\":\"The Hotel Munk\u00e1csy is a 4-star Hotel which is located 5 minutes walking distance from the city centre and in the neighbourhood of the quiet, picturesque Sz\u00e9chenyi liget with its hundred years old trees. The Hotel was built in 2014 as a wellness and conference Hotel which has a unique business facility as well as wellness and fitness centre. We divide our Hotel for two buildings. The old part of the Hotel is the late \u201eserh\u00e1z\u201d where in the past B\u00e9k\u00e9scsaba\u2019s main social life was active\",\"breadcrumb\":{\"@id\":\"https:\\\/\\\/www.munkacsyhotel.hu\\\/en\\\/#breadcrumb\"},\"inLanguage\":\"en-US\",\"potentialAction\":[{\"@type\":\"ReadAction\",\"target\":[\"https:\\\/\\\/www.munkacsyhotel.hu\\\/en\\\/\"]}]},{\"@type\":\"BreadcrumbList\",\"@id\":\"https:\\\/\\\/www.munkacsyhotel.hu\\\/en\\\/#breadcrumb\",\"itemListElement\":[{\"@type\":\"ListItem\",\"position\":1,\"name\":\"Home\",\"item\":\"https:\\\/\\\/www.munkacsyhotel.hu\\\/en\\\/\"},{\"@type\":\"ListItem\",\"position\":2,\"name\":\"Munk\u00e1csy Hotel\"}]},{\"@type\":\"WebSite\",\"@id\":\"https:\\\/\\\/www.munkacsyhotel.hu\\\/en\\\/#website\",\"url\":\"https:\\\/\\\/www.munkacsyhotel.hu\\\/en\\\/\",\"name\":\"Munk\u00e1csy Hotel\",\"description\":\"Wellness \u00e9s Konferencia Bekescsaba\",\"publisher\":{\"@id\":\"https:\\\/\\\/www.munkacsyhotel.hu\\\/en\\\/#organization\"},\"alternateName\":\"Munk\u00e1csy Hotel\",\"potentialAction\":[{\"@type\":\"SearchAction\",\"target\":{\"@type\":\"EntryPoint\",\"urlTemplate\":\"https:\\\/\\\/www.munkacsyhotel.hu\\\/en\\\/?s={search_term_string}\"},\"query-input\":{\"@type\":\"PropertyValueSpecification\",\"valueRequired\":true,\"valueName\":\"search_term_string\"}}],\"inLanguage\":\"en-US\"},{\"@type\":\"Organization\",\"@id\":\"https:\\\/\\\/www.munkacsyhotel.hu\\\/en\\\/#organization\",\"name\":\"Munk\u00e1csy Hotel\",\"alternateName\":\"Munkacsy Hotel\u2605\u2605\u2605\u2605\",\"url\":\"https:\\\/\\\/www.munkacsyhotel.hu\\\/en\\\/\",\"logo\":{\"@type\":\"ImageObject\",\"inLanguage\":\"en-US\",\"@id\":\"https:\\\/\\\/www.munkacsyhotel.hu\\\/en\\\/#\\\/schema\\\/logo\\\/image\\\/\",\"url\":\"https:\\\/\\\/www.munkacsyhotel.hu\\\/wp-content\\\/uploads\\\/sites\\\/155\\\/2024\\\/06\\\/munkacsy_hotel_bekescsaba.png\",\"contentUrl\":\"https:\\\/\\\/www.munkacsyhotel.hu\\\/wp-content\\\/uploads\\\/sites\\\/155\\\/2024\\\/06\\\/munkacsy_hotel_bekescsaba.png\",\"width\":300,\"height\":119,\"caption\":\"Munk\u00e1csy Hotel\"},\"image\":{\"@id\":\"https:\\\/\\\/www.munkacsyhotel.hu\\\/en\\\/#\\\/schema\\\/logo\\\/image\\\/\"},\"sameAs\":[\"https:\\\/\\\/www.facebook.com\\\/munkacsyhotel\",\"https:\\\/\\\/x.com\\\/Munkacsy_Hotel\"]}]}<\/script>\n<!-- \/ Yoast SEO plugin. -->","yoast_head_json":{"title":"Munk\u00e1csy Hotel &#8211; Munk\u00e1csy Hotel","description":"The Hotel Munk\u00e1csy is a 4-star Hotel which is located 5 minutes walking distance from the city centre and in the neighbourhood of the quiet, picturesque Sz\u00e9chenyi liget with its hundred years old trees.  The Hotel was built in 2014 as a wellness and conference Hotel which has a unique business facility as well as wellness and fitness centre.  We divide our Hotel for two buildings. The old part of the Hotel is the late \u201eserh\u00e1z\u201d where in the past B\u00e9k\u00e9scsaba\u2019s main social life was active","robots":{"index":"index","follow":"follow","max-snippet":"max-snippet:-1","max-image-preview":"max-image-preview:large","max-video-preview":"max-video-preview:-1"},"canonical":"https:\/\/www.munkacsyhotel.hu\/en\/","og_locale":"en_US","og_type":"article","og_title":"Munk\u00e1csy Hotel &#8211; Munk\u00e1csy Hotel","og_description":"The Hotel Munk\u00e1csy is a 4-star Hotel which is located 5 minutes walking distance from the city centre and in the neighbourhood of the quiet, picturesque Sz\u00e9chenyi liget with its hundred years old trees.  The Hotel was built in 2014 as a wellness and conference Hotel which has a unique business facility as well as wellness and fitness centre.  We divide our Hotel for two buildings. The old part of the Hotel is the late \u201eserh\u00e1z\u201d where in the past B\u00e9k\u00e9scsaba\u2019s main social life was active","og_url":"https:\/\/www.munkacsyhotel.hu\/en\/","og_site_name":"Munk\u00e1csy Hotel","article_publisher":"https:\/\/www.facebook.com\/munkacsyhotel","article_modified_time":"2024-07-31T14:28:19+00:00","og_image":[{"width":1200,"height":355,"url":"https:\/\/www.munkacsyhotel.hu\/wp-content\/uploads\/sites\/155\/2024\/06\/terasz_munkacsy_hotel.jpg","type":"image\/jpeg"}],"twitter_card":"summary_large_image","twitter_site":"@Munkacsy_Hotel","twitter_misc":{"Est. reading time":"1 minute"},"schema":{"@context":"https:\/\/schema.org","@graph":[{"@type":"WebPage","@id":"https:\/\/www.munkacsyhotel.hu\/en\/","url":"https:\/\/www.munkacsyhotel.hu\/en\/","name":"Munk\u00e1csy Hotel &#8211; Munk\u00e1csy Hotel","isPartOf":{"@id":"https:\/\/www.munkacsyhotel.hu\/en\/#website"},"datePublished":"2024-06-27T12:23:09+00:00","dateModified":"2024-07-31T14:28:19+00:00","description":"The Hotel Munk\u00e1csy is a 4-star Hotel which is located 5 minutes walking distance from the city centre and in the neighbourhood of the quiet, picturesque Sz\u00e9chenyi liget with its hundred years old trees. The Hotel was built in 2014 as a wellness and conference Hotel which has a unique business facility as well as wellness and fitness centre. We divide our Hotel for two buildings. The old part of the Hotel is the late \u201eserh\u00e1z\u201d where in the past B\u00e9k\u00e9scsaba\u2019s main social life was active","breadcrumb":{"@id":"https:\/\/www.munkacsyhotel.hu\/en\/#breadcrumb"},"inLanguage":"en-US","potentialAction":[{"@type":"ReadAction","target":["https:\/\/www.munkacsyhotel.hu\/en\/"]}]},{"@type":"BreadcrumbList","@id":"https:\/\/www.munkacsyhotel.hu\/en\/#breadcrumb","itemListElement":[{"@type":"ListItem","position":1,"name":"Home","item":"https:\/\/www.munkacsyhotel.hu\/en\/"},{"@type":"ListItem","position":2,"name":"Munk\u00e1csy Hotel"}]},{"@type":"WebSite","@id":"https:\/\/www.munkacsyhotel.hu\/en\/#website","url":"https:\/\/www.munkacsyhotel.hu\/en\/","name":"Munk\u00e1csy Hotel","description":"Wellness \u00e9s Konferencia Bekescsaba","publisher":{"@id":"https:\/\/www.munkacsyhotel.hu\/en\/#organization"},"alternateName":"Munk\u00e1csy Hotel","potentialAction":[{"@type":"SearchAction","target":{"@type":"EntryPoint","urlTemplate":"https:\/\/www.munkacsyhotel.hu\/en\/?s={search_term_string}"},"query-input":{"@type":"PropertyValueSpecification","valueRequired":true,"valueName":"search_term_string"}}],"inLanguage":"en-US"},{"@type":"Organization","@id":"https:\/\/www.munkacsyhotel.hu\/en\/#organization","name":"Munk\u00e1csy Hotel","alternateName":"Munkacsy Hotel\u2605\u2605\u2605\u2605","url":"https:\/\/www.munkacsyhotel.hu\/en\/","logo":{"@type":"ImageObject","inLanguage":"en-US","@id":"https:\/\/www.munkacsyhotel.hu\/en\/#\/schema\/logo\/image\/","url":"https:\/\/www.munkacsyhotel.hu\/wp-content\/uploads\/sites\/155\/2024\/06\/munkacsy_hotel_bekescsaba.png","contentUrl":"https:\/\/www.munkacsyhotel.hu\/wp-content\/uploads\/sites\/155\/2024\/06\/munkacsy_hotel_bekescsaba.png","width":300,"height":119,"caption":"Munk\u00e1csy Hotel"},"image":{"@id":"https:\/\/www.munkacsyhotel.hu\/en\/#\/schema\/logo\/image\/"},"sameAs":["https:\/\/www.facebook.com\/munkacsyhotel","https:\/\/x.com\/Munkacsy_Hotel"]}]}},"acf":[],"_links":{"self":[{"href":"https:\/\/www.munkacsyhotel.hu\/en\/wp-json\/wp\/v2\/pages\/154","targetHints":{"allow":["GET"]}}],"collection":[{"href":"https:\/\/www.munkacsyhotel.hu\/en\/wp-json\/wp\/v2\/pages"}],"about":[{"href":"https:\/\/www.munkacsyhotel.hu\/en\/wp-json\/wp\/v2\/types\/page"}],"author":[{"embeddable":true,"href":"https:\/\/www.munkacsyhotel.hu\/en\/wp-json\/wp\/v2\/users\/160"}],"replies":[{"embeddable":true,"href":"https:\/\/www.munkacsyhotel.hu\/en\/wp-json\/wp\/v2\/comments?post=154"}],"version-history":[{"count":0,"href":"https:\/\/www.munkacsyhotel.hu\/en\/wp-json\/wp\/v2\/pages\/154\/revisions"}],"wp:attachment":[{"href":"https:\/\/www.munkacsyhotel.hu\/en\/wp-json\/wp\/v2\/media?parent=154"}],"curies":[{"name":"wp","href":"https:\/\/api.w.org\/{rel}","templated":true}]}}