{"id":335,"date":"2024-06-28T13:58:19","date_gmt":"2024-06-28T13:58:19","guid":{"rendered":"https:\/\/munkacsy-hotel.ms2.decms.eu\/wellness-oazis\/"},"modified":"2024-08-23T12:01:27","modified_gmt":"2024-08-23T12:01:27","slug":"wellness-oase","status":"publish","type":"page","link":"https:\/\/www.munkacsyhotel.hu\/de\/wellness-oase\/","title":{"rendered":"Wellness Oase"},"content":{"rendered":"<p>Der Wellnessbereich des Hotels bietet den G\u00e4sten die Harmonie der Vollkommenheit und erm\u00f6glicht es ihnen, in ein echtes Luxus-Erlebnis einzutauchen und sowohl k\u00f6rperliche als auch geistige Erneuerung und Erfrischung zu erfahren.<\/p>\n<p>Wussten Sie schon?<\/p>\n<p>Wellness ist ein Trendkonzept, das in den 1950er Jahren in Amerika seinen globalen Weg begann und mit Dr. Halbert L. Dunn, einem Arzt, verbunden wird. Der Begriff ist eine Kombination aus \u201ewell-being\u201c (guter Geisteszustand) und \u201efitness\u201c (gute k\u00f6rperliche Verfassung). Auf Ungarisch bedeutet Wellness: \u201eF\u00fchl dich gut!\u201c<\/p>\n","protected":false},"excerpt":{"rendered":"<p>Der Wellnessbereich des Hotels bietet den G\u00e4sten die Harmonie der Vollkommenheit und erm\u00f6glicht es ihnen, in ein echtes Luxus-Erlebnis einzutauchen und sowohl k\u00f6rperliche als auch geistige Erneuerung und Erfrischung zu erfahren. Wussten Sie schon? Wellness ist ein Trendkonzept, das in den 1950er Jahren in Amerika seinen globalen Weg begann und mit Dr. Halbert L. Dunn, [&hellip;]<\/p>\n","protected":false},"author":12,"featured_media":0,"parent":0,"menu_order":50,"comment_status":"closed","ping_status":"closed","template":"template-spa.php","meta":{"footnotes":""},"yoast_head":"<!-- This site is optimized with the Yoast SEO plugin v22.3 - https:\/\/yoast.com\/wordpress\/plugins\/seo\/ -->\n<title>Wellness Oase &#8211; Munk\u00e1csy Hotel<\/title>\n<meta name=\"description\" content=\"Der Wellnessbereich des Hotels bietet den G\u00e4sten die Harmonie der Vollkommenheit und erm\u00f6glicht es ihnen, in ein echtes Luxus-Erlebnis einzutauchen und sowohl k\u00f6rperliche als auch geistige Erneuerung und Erfrischung zu erfahren.  Wussten Sie schon?  Wellness ist ein Trendkonzept, das in den 1950er Jahren in Amerika seinen globalen Weg begann und mit Dr. Halbert L\" \/>\n<meta name=\"robots\" content=\"index, follow, max-snippet:-1, max-image-preview:large, max-video-preview:-1\" \/>\n<link rel=\"canonical\" href=\"https:\/\/www.munkacsyhotel.hu\/de\/wellness-oase\/\" \/>\n<meta property=\"og:locale\" content=\"de_DE\" \/>\n<meta property=\"og:type\" content=\"article\" \/>\n<meta property=\"og:title\" content=\"Wellness Oase &#8211; Munk\u00e1csy Hotel\" \/>\n<meta property=\"og:description\" content=\"Der Wellnessbereich des Hotels bietet den G\u00e4sten die Harmonie der Vollkommenheit und erm\u00f6glicht es ihnen, in ein echtes Luxus-Erlebnis einzutauchen und sowohl k\u00f6rperliche als auch geistige Erneuerung und Erfrischung zu erfahren.  Wussten Sie schon?  Wellness ist ein Trendkonzept, das in den 1950er Jahren in Amerika seinen globalen Weg begann und mit Dr. Halbert L\" \/>\n<meta property=\"og:url\" content=\"https:\/\/www.munkacsyhotel.hu\/de\/wellness-oase\/\" \/>\n<meta property=\"og:site_name\" content=\"Munk\u00e1csy Hotel\" \/>\n<meta property=\"article:publisher\" content=\"https:\/\/www.facebook.com\/munkacsyhotel\" \/>\n<meta property=\"article:modified_time\" content=\"2024-08-23T12:01:27+00:00\" \/>\n<meta property=\"og:image\" content=\"https:\/\/www.munkacsyhotel.hu\/wp-content\/uploads\/sites\/155\/2024\/06\/terasz_munkacsy_hotel.jpg\" \/>\n\t<meta property=\"og:image:width\" content=\"1200\" \/>\n\t<meta property=\"og:image:height\" content=\"355\" \/>\n\t<meta property=\"og:image:type\" content=\"image\/jpeg\" \/>\n<meta name=\"twitter:card\" content=\"summary_large_image\" \/>\n<meta name=\"twitter:site\" content=\"@Munkacsy_Hotel\" \/>\n<meta name=\"twitter:label1\" content=\"Gesch\u00e4tzte Lesezeit\" \/>\n\t<meta name=\"twitter:data1\" content=\"1 Minute\" \/>\n<script type=\"application\/ld+json\" class=\"yoast-schema-graph\">{\"@context\":\"https:\/\/schema.org\",\"@graph\":[{\"@type\":\"WebPage\",\"@id\":\"https:\/\/www.munkacsyhotel.hu\/de\/wellness-oase\/\",\"url\":\"https:\/\/www.munkacsyhotel.hu\/de\/wellness-oase\/\",\"name\":\"Wellness Oase &#8211; Munk\u00e1csy Hotel\",\"isPartOf\":{\"@id\":\"https:\/\/www.munkacsyhotel.hu\/de\/#website\"},\"datePublished\":\"2024-06-28T13:58:19+00:00\",\"dateModified\":\"2024-08-23T12:01:27+00:00\",\"description\":\"Der Wellnessbereich des Hotels bietet den G\u00e4sten die Harmonie der Vollkommenheit und erm\u00f6glicht es ihnen, in ein echtes Luxus-Erlebnis einzutauchen und sowohl k\u00f6rperliche als auch geistige Erneuerung und Erfrischung zu erfahren. Wussten Sie schon? Wellness ist ein Trendkonzept, das in den 1950er Jahren in Amerika seinen globalen Weg begann und mit Dr. Halbert L\",\"breadcrumb\":{\"@id\":\"https:\/\/www.munkacsyhotel.hu\/de\/wellness-oase\/#breadcrumb\"},\"inLanguage\":\"de-DE\",\"potentialAction\":[{\"@type\":\"ReadAction\",\"target\":[\"https:\/\/www.munkacsyhotel.hu\/de\/wellness-oase\/\"]}]},{\"@type\":\"BreadcrumbList\",\"@id\":\"https:\/\/www.munkacsyhotel.hu\/de\/wellness-oase\/#breadcrumb\",\"itemListElement\":[{\"@type\":\"ListItem\",\"position\":1,\"name\":\"Home\",\"item\":\"https:\/\/www.munkacsyhotel.hu\/de\/\"},{\"@type\":\"ListItem\",\"position\":2,\"name\":\"Wellness Oase\"}]},{\"@type\":\"WebSite\",\"@id\":\"https:\/\/www.munkacsyhotel.hu\/de\/#website\",\"url\":\"https:\/\/www.munkacsyhotel.hu\/de\/\",\"name\":\"Munk\u00e1csy Hotel\",\"description\":\"Wellness \u00e9s Konferencia Bekescsaba\",\"publisher\":{\"@id\":\"https:\/\/www.munkacsyhotel.hu\/de\/#organization\"},\"alternateName\":\"Munk\u00e1csy Hotel\",\"potentialAction\":[{\"@type\":\"SearchAction\",\"target\":{\"@type\":\"EntryPoint\",\"urlTemplate\":\"https:\/\/www.munkacsyhotel.hu\/de\/?s={search_term_string}\"},\"query-input\":\"required name=search_term_string\"}],\"inLanguage\":\"de-DE\"},{\"@type\":\"Organization\",\"@id\":\"https:\/\/www.munkacsyhotel.hu\/de\/#organization\",\"name\":\"Munk\u00e1csy Hotel\",\"alternateName\":\"Munkacsy Hotel\u2605\u2605\u2605\u2605\",\"url\":\"https:\/\/www.munkacsyhotel.hu\/de\/\",\"logo\":{\"@type\":\"ImageObject\",\"inLanguage\":\"de-DE\",\"@id\":\"https:\/\/www.munkacsyhotel.hu\/de\/#\/schema\/logo\/image\/\",\"url\":\"https:\/\/www.munkacsyhotel.hu\/wp-content\/uploads\/sites\/155\/2024\/06\/munkacsy_hotel_bekescsaba.png\",\"contentUrl\":\"https:\/\/www.munkacsyhotel.hu\/wp-content\/uploads\/sites\/155\/2024\/06\/munkacsy_hotel_bekescsaba.png\",\"width\":300,\"height\":119,\"caption\":\"Munk\u00e1csy Hotel\"},\"image\":{\"@id\":\"https:\/\/www.munkacsyhotel.hu\/de\/#\/schema\/logo\/image\/\"},\"sameAs\":[\"https:\/\/www.facebook.com\/munkacsyhotel\",\"https:\/\/twitter.com\/Munkacsy_Hotel\"]}]}<\/script>\n<!-- \/ Yoast SEO plugin. -->","yoast_head_json":{"title":"Wellness Oase &#8211; Munk\u00e1csy Hotel","description":"Der Wellnessbereich des Hotels bietet den G\u00e4sten die Harmonie der Vollkommenheit und erm\u00f6glicht es ihnen, in ein echtes Luxus-Erlebnis einzutauchen und sowohl k\u00f6rperliche als auch geistige Erneuerung und Erfrischung zu erfahren.  Wussten Sie schon?  Wellness ist ein Trendkonzept, das in den 1950er Jahren in Amerika seinen globalen Weg begann und mit Dr. Halbert L","robots":{"index":"index","follow":"follow","max-snippet":"max-snippet:-1","max-image-preview":"max-image-preview:large","max-video-preview":"max-video-preview:-1"},"canonical":"https:\/\/www.munkacsyhotel.hu\/de\/wellness-oase\/","og_locale":"de_DE","og_type":"article","og_title":"Wellness Oase &#8211; Munk\u00e1csy Hotel","og_description":"Der Wellnessbereich des Hotels bietet den G\u00e4sten die Harmonie der Vollkommenheit und erm\u00f6glicht es ihnen, in ein echtes Luxus-Erlebnis einzutauchen und sowohl k\u00f6rperliche als auch geistige Erneuerung und Erfrischung zu erfahren.  Wussten Sie schon?  Wellness ist ein Trendkonzept, das in den 1950er Jahren in Amerika seinen globalen Weg begann und mit Dr. Halbert L","og_url":"https:\/\/www.munkacsyhotel.hu\/de\/wellness-oase\/","og_site_name":"Munk\u00e1csy Hotel","article_publisher":"https:\/\/www.facebook.com\/munkacsyhotel","article_modified_time":"2024-08-23T12:01:27+00:00","og_image":[{"width":1200,"height":355,"url":"https:\/\/www.munkacsyhotel.hu\/wp-content\/uploads\/sites\/155\/2024\/06\/terasz_munkacsy_hotel.jpg","type":"image\/jpeg"}],"twitter_card":"summary_large_image","twitter_site":"@Munkacsy_Hotel","twitter_misc":{"Gesch\u00e4tzte Lesezeit":"1 Minute"},"schema":{"@context":"https:\/\/schema.org","@graph":[{"@type":"WebPage","@id":"https:\/\/www.munkacsyhotel.hu\/de\/wellness-oase\/","url":"https:\/\/www.munkacsyhotel.hu\/de\/wellness-oase\/","name":"Wellness Oase &#8211; Munk\u00e1csy Hotel","isPartOf":{"@id":"https:\/\/www.munkacsyhotel.hu\/de\/#website"},"datePublished":"2024-06-28T13:58:19+00:00","dateModified":"2024-08-23T12:01:27+00:00","description":"Der Wellnessbereich des Hotels bietet den G\u00e4sten die Harmonie der Vollkommenheit und erm\u00f6glicht es ihnen, in ein echtes Luxus-Erlebnis einzutauchen und sowohl k\u00f6rperliche als auch geistige Erneuerung und Erfrischung zu erfahren. Wussten Sie schon? Wellness ist ein Trendkonzept, das in den 1950er Jahren in Amerika seinen globalen Weg begann und mit Dr. Halbert L","breadcrumb":{"@id":"https:\/\/www.munkacsyhotel.hu\/de\/wellness-oase\/#breadcrumb"},"inLanguage":"de-DE","potentialAction":[{"@type":"ReadAction","target":["https:\/\/www.munkacsyhotel.hu\/de\/wellness-oase\/"]}]},{"@type":"BreadcrumbList","@id":"https:\/\/www.munkacsyhotel.hu\/de\/wellness-oase\/#breadcrumb","itemListElement":[{"@type":"ListItem","position":1,"name":"Home","item":"https:\/\/www.munkacsyhotel.hu\/de\/"},{"@type":"ListItem","position":2,"name":"Wellness Oase"}]},{"@type":"WebSite","@id":"https:\/\/www.munkacsyhotel.hu\/de\/#website","url":"https:\/\/www.munkacsyhotel.hu\/de\/","name":"Munk\u00e1csy Hotel","description":"Wellness \u00e9s Konferencia Bekescsaba","publisher":{"@id":"https:\/\/www.munkacsyhotel.hu\/de\/#organization"},"alternateName":"Munk\u00e1csy Hotel","potentialAction":[{"@type":"SearchAction","target":{"@type":"EntryPoint","urlTemplate":"https:\/\/www.munkacsyhotel.hu\/de\/?s={search_term_string}"},"query-input":"required name=search_term_string"}],"inLanguage":"de-DE"},{"@type":"Organization","@id":"https:\/\/www.munkacsyhotel.hu\/de\/#organization","name":"Munk\u00e1csy Hotel","alternateName":"Munkacsy Hotel\u2605\u2605\u2605\u2605","url":"https:\/\/www.munkacsyhotel.hu\/de\/","logo":{"@type":"ImageObject","inLanguage":"de-DE","@id":"https:\/\/www.munkacsyhotel.hu\/de\/#\/schema\/logo\/image\/","url":"https:\/\/www.munkacsyhotel.hu\/wp-content\/uploads\/sites\/155\/2024\/06\/munkacsy_hotel_bekescsaba.png","contentUrl":"https:\/\/www.munkacsyhotel.hu\/wp-content\/uploads\/sites\/155\/2024\/06\/munkacsy_hotel_bekescsaba.png","width":300,"height":119,"caption":"Munk\u00e1csy Hotel"},"image":{"@id":"https:\/\/www.munkacsyhotel.hu\/de\/#\/schema\/logo\/image\/"},"sameAs":["https:\/\/www.facebook.com\/munkacsyhotel","https:\/\/twitter.com\/Munkacsy_Hotel"]}]}},"acf":[],"_links":{"self":[{"href":"https:\/\/www.munkacsyhotel.hu\/de\/wp-json\/wp\/v2\/pages\/335"}],"collection":[{"href":"https:\/\/www.munkacsyhotel.hu\/de\/wp-json\/wp\/v2\/pages"}],"about":[{"href":"https:\/\/www.munkacsyhotel.hu\/de\/wp-json\/wp\/v2\/types\/page"}],"author":[{"embeddable":true,"href":"https:\/\/www.munkacsyhotel.hu\/de\/wp-json\/wp\/v2\/users\/12"}],"replies":[{"embeddable":true,"href":"https:\/\/www.munkacsyhotel.hu\/de\/wp-json\/wp\/v2\/comments?post=335"}],"version-history":[{"count":0,"href":"https:\/\/www.munkacsyhotel.hu\/de\/wp-json\/wp\/v2\/pages\/335\/revisions"}],"wp:attachment":[{"href":"https:\/\/www.munkacsyhotel.hu\/de\/wp-json\/wp\/v2\/media?parent=335"}],"curies":[{"name":"wp","href":"https:\/\/api.w.org\/{rel}","templated":true}]}}