{"id":230,"date":"2024-07-01T14:34:09","date_gmt":"2024-07-01T14:34:09","guid":{"rendered":"https:\/\/munkacsy-hotel.ms2.decms.eu\/gasztronomia\/"},"modified":"2024-08-07T15:57:22","modified_gmt":"2024-08-07T15:57:22","slug":"gastronomie","status":"publish","type":"page","link":"https:\/\/www.munkacsyhotel.hu\/de\/gastronomie\/","title":{"rendered":"Gastronomie"},"content":{"rendered":"<p>Bei Speisen ist die Auswahl der Zutaten ebenso wichtig, wie die sorgf\u00e4ltig ausgew\u00e4hlten und gut vorbereiteten Bausteine, die beim Bau einer Kathedrale auf ein sicheres, hochwertiges Fundament gelegt werden.<\/p>\n<p>Wandern wir doch in eine andere Dimension, in die Welt der Musik, wo immergr\u00fcne, unvergessliche Melodien aus der harmonischen Verflechtung der Noten entstehen.<br \/>\nWir haben das Konzept des Restaurants und der Bar \u201eGoldpinsel\u201c &#8211; anhand \u00e4hnlicher Ideen und Gedanken definiert.<\/p>\n<p>Um das wahre gastronomische Erlebnis zu genie\u00dfen, haben wir die lokalen Produzenten und Handwerksmeister eingeladen: \u201eLasst uns gemeinsam etwas komponieren!\u201c.<\/p>\n","protected":false},"excerpt":{"rendered":"<p>Bei Speisen ist die Auswahl der Zutaten ebenso wichtig, wie die sorgf\u00e4ltig ausgew\u00e4hlten und gut vorbereiteten Bausteine, die beim Bau einer Kathedrale auf ein sicheres, hochwertiges Fundament gelegt werden. Wandern wir doch in eine andere Dimension, in die Welt der Musik, wo immergr\u00fcne, unvergessliche Melodien aus der harmonischen Verflechtung der Noten entstehen. Wir haben das [&hellip;]<\/p>\n","protected":false},"author":12,"featured_media":0,"parent":0,"menu_order":75,"comment_status":"closed","ping_status":"closed","template":"template-single-restaurant.php","meta":{"footnotes":""},"yoast_head":"<!-- This site is optimized with the Yoast SEO plugin v22.3 - https:\/\/yoast.com\/wordpress\/plugins\/seo\/ -->\n<title>Gastronomie &#8211; Munk\u00e1csy Hotel<\/title>\n<meta name=\"description\" content=\"Bei Speisen ist die Auswahl der Zutaten ebenso wichtig, wie die sorgf\u00e4ltig ausgew\u00e4hlten und gut vorbereiteten Bausteine, die beim Bau einer Kathedrale auf ein sicheres, hochwertiges Fundament gelegt werden.  Wandern wir doch in eine andere Dimension, in die Welt der Musik, wo immergr\u00fcne, unvergessliche Melodien aus der harmonischen Verflechtung der Noten entstehen. Wir haben das Konzept des Restaurants und der Bar \u201eGoldpinsel\u201c - anhand \u00e4hnlicher Ideen und Gedanken definiert.  Um das wahre gastronomische Erlebnis zu genie\u00dfen, haben wir die lokalen Produzenten und Handwerksmeister eingeladen: \u201eLasst uns gemeinsam etwas komponieren!\u201c..\" \/>\n<meta name=\"robots\" content=\"index, follow, max-snippet:-1, max-image-preview:large, max-video-preview:-1\" \/>\n<link rel=\"canonical\" href=\"https:\/\/www.munkacsyhotel.hu\/de\/gastronomie\/\" \/>\n<meta property=\"og:locale\" content=\"de_DE\" \/>\n<meta property=\"og:type\" content=\"article\" \/>\n<meta property=\"og:title\" content=\"Gastronomie &#8211; Munk\u00e1csy Hotel\" \/>\n<meta property=\"og:description\" content=\"Bei Speisen ist die Auswahl der Zutaten ebenso wichtig, wie die sorgf\u00e4ltig ausgew\u00e4hlten und gut vorbereiteten Bausteine, die beim Bau einer Kathedrale auf ein sicheres, hochwertiges Fundament gelegt werden.  Wandern wir doch in eine andere Dimension, in die Welt der Musik, wo immergr\u00fcne, unvergessliche Melodien aus der harmonischen Verflechtung der Noten entstehen. Wir haben das Konzept des Restaurants und der Bar \u201eGoldpinsel\u201c - anhand \u00e4hnlicher Ideen und Gedanken definiert.  Um das wahre gastronomische Erlebnis zu genie\u00dfen, haben wir die lokalen Produzenten und Handwerksmeister eingeladen: \u201eLasst uns gemeinsam etwas komponieren!\u201c..\" \/>\n<meta property=\"og:url\" content=\"https:\/\/www.munkacsyhotel.hu\/de\/gastronomie\/\" \/>\n<meta property=\"og:site_name\" content=\"Munk\u00e1csy Hotel\" \/>\n<meta property=\"article:publisher\" content=\"https:\/\/www.facebook.com\/munkacsyhotel\" \/>\n<meta property=\"article:modified_time\" content=\"2024-08-07T15:57:22+00:00\" \/>\n<meta property=\"og:image\" content=\"https:\/\/www.munkacsyhotel.hu\/wp-content\/uploads\/sites\/155\/2024\/06\/terasz_munkacsy_hotel.jpg\" \/>\n\t<meta property=\"og:image:width\" content=\"1200\" \/>\n\t<meta property=\"og:image:height\" content=\"355\" \/>\n\t<meta property=\"og:image:type\" content=\"image\/jpeg\" \/>\n<meta name=\"twitter:card\" content=\"summary_large_image\" \/>\n<meta name=\"twitter:site\" content=\"@Munkacsy_Hotel\" \/>\n<meta name=\"twitter:label1\" content=\"Gesch\u00e4tzte Lesezeit\" \/>\n\t<meta name=\"twitter:data1\" content=\"1 Minute\" \/>\n<script type=\"application\/ld+json\" class=\"yoast-schema-graph\">{\"@context\":\"https:\/\/schema.org\",\"@graph\":[{\"@type\":\"WebPage\",\"@id\":\"https:\/\/www.munkacsyhotel.hu\/de\/gastronomie\/\",\"url\":\"https:\/\/www.munkacsyhotel.hu\/de\/gastronomie\/\",\"name\":\"Gastronomie &#8211; Munk\u00e1csy Hotel\",\"isPartOf\":{\"@id\":\"https:\/\/www.munkacsyhotel.hu\/de\/#website\"},\"datePublished\":\"2024-07-01T14:34:09+00:00\",\"dateModified\":\"2024-08-07T15:57:22+00:00\",\"description\":\"Bei Speisen ist die Auswahl der Zutaten ebenso wichtig, wie die sorgf\u00e4ltig ausgew\u00e4hlten und gut vorbereiteten Bausteine, die beim Bau einer Kathedrale auf ein sicheres, hochwertiges Fundament gelegt werden. Wandern wir doch in eine andere Dimension, in die Welt der Musik, wo immergr\u00fcne, unvergessliche Melodien aus der harmonischen Verflechtung der Noten entstehen. Wir haben das Konzept des Restaurants und der Bar \u201eGoldpinsel\u201c - anhand \u00e4hnlicher Ideen und Gedanken definiert. Um das wahre gastronomische Erlebnis zu genie\u00dfen, haben wir die lokalen Produzenten und Handwerksmeister eingeladen: \u201eLasst uns gemeinsam etwas komponieren!\u201c..\",\"breadcrumb\":{\"@id\":\"https:\/\/www.munkacsyhotel.hu\/de\/gastronomie\/#breadcrumb\"},\"inLanguage\":\"de-DE\",\"potentialAction\":[{\"@type\":\"ReadAction\",\"target\":[\"https:\/\/www.munkacsyhotel.hu\/de\/gastronomie\/\"]}]},{\"@type\":\"BreadcrumbList\",\"@id\":\"https:\/\/www.munkacsyhotel.hu\/de\/gastronomie\/#breadcrumb\",\"itemListElement\":[{\"@type\":\"ListItem\",\"position\":1,\"name\":\"Home\",\"item\":\"https:\/\/www.munkacsyhotel.hu\/de\/\"},{\"@type\":\"ListItem\",\"position\":2,\"name\":\"Gastronomie\"}]},{\"@type\":\"WebSite\",\"@id\":\"https:\/\/www.munkacsyhotel.hu\/de\/#website\",\"url\":\"https:\/\/www.munkacsyhotel.hu\/de\/\",\"name\":\"Munk\u00e1csy Hotel\",\"description\":\"Wellness \u00e9s Konferencia Bekescsaba\",\"publisher\":{\"@id\":\"https:\/\/www.munkacsyhotel.hu\/de\/#organization\"},\"alternateName\":\"Munk\u00e1csy Hotel\",\"potentialAction\":[{\"@type\":\"SearchAction\",\"target\":{\"@type\":\"EntryPoint\",\"urlTemplate\":\"https:\/\/www.munkacsyhotel.hu\/de\/?s={search_term_string}\"},\"query-input\":\"required name=search_term_string\"}],\"inLanguage\":\"de-DE\"},{\"@type\":\"Organization\",\"@id\":\"https:\/\/www.munkacsyhotel.hu\/de\/#organization\",\"name\":\"Munk\u00e1csy Hotel\",\"alternateName\":\"Munkacsy Hotel\u2605\u2605\u2605\u2605\",\"url\":\"https:\/\/www.munkacsyhotel.hu\/de\/\",\"logo\":{\"@type\":\"ImageObject\",\"inLanguage\":\"de-DE\",\"@id\":\"https:\/\/www.munkacsyhotel.hu\/de\/#\/schema\/logo\/image\/\",\"url\":\"https:\/\/www.munkacsyhotel.hu\/wp-content\/uploads\/sites\/155\/2024\/06\/munkacsy_hotel_bekescsaba.png\",\"contentUrl\":\"https:\/\/www.munkacsyhotel.hu\/wp-content\/uploads\/sites\/155\/2024\/06\/munkacsy_hotel_bekescsaba.png\",\"width\":300,\"height\":119,\"caption\":\"Munk\u00e1csy Hotel\"},\"image\":{\"@id\":\"https:\/\/www.munkacsyhotel.hu\/de\/#\/schema\/logo\/image\/\"},\"sameAs\":[\"https:\/\/www.facebook.com\/munkacsyhotel\",\"https:\/\/twitter.com\/Munkacsy_Hotel\"]}]}<\/script>\n<!-- \/ Yoast SEO plugin. -->","yoast_head_json":{"title":"Gastronomie &#8211; Munk\u00e1csy Hotel","description":"Bei Speisen ist die Auswahl der Zutaten ebenso wichtig, wie die sorgf\u00e4ltig ausgew\u00e4hlten und gut vorbereiteten Bausteine, die beim Bau einer Kathedrale auf ein sicheres, hochwertiges Fundament gelegt werden.  Wandern wir doch in eine andere Dimension, in die Welt der Musik, wo immergr\u00fcne, unvergessliche Melodien aus der harmonischen Verflechtung der Noten entstehen. Wir haben das Konzept des Restaurants und der Bar \u201eGoldpinsel\u201c - anhand \u00e4hnlicher Ideen und Gedanken definiert.  Um das wahre gastronomische Erlebnis zu genie\u00dfen, haben wir die lokalen Produzenten und Handwerksmeister eingeladen: \u201eLasst uns gemeinsam etwas komponieren!\u201c..","robots":{"index":"index","follow":"follow","max-snippet":"max-snippet:-1","max-image-preview":"max-image-preview:large","max-video-preview":"max-video-preview:-1"},"canonical":"https:\/\/www.munkacsyhotel.hu\/de\/gastronomie\/","og_locale":"de_DE","og_type":"article","og_title":"Gastronomie &#8211; Munk\u00e1csy Hotel","og_description":"Bei Speisen ist die Auswahl der Zutaten ebenso wichtig, wie die sorgf\u00e4ltig ausgew\u00e4hlten und gut vorbereiteten Bausteine, die beim Bau einer Kathedrale auf ein sicheres, hochwertiges Fundament gelegt werden.  Wandern wir doch in eine andere Dimension, in die Welt der Musik, wo immergr\u00fcne, unvergessliche Melodien aus der harmonischen Verflechtung der Noten entstehen. Wir haben das Konzept des Restaurants und der Bar \u201eGoldpinsel\u201c - anhand \u00e4hnlicher Ideen und Gedanken definiert.  Um das wahre gastronomische Erlebnis zu genie\u00dfen, haben wir die lokalen Produzenten und Handwerksmeister eingeladen: \u201eLasst uns gemeinsam etwas komponieren!\u201c..","og_url":"https:\/\/www.munkacsyhotel.hu\/de\/gastronomie\/","og_site_name":"Munk\u00e1csy Hotel","article_publisher":"https:\/\/www.facebook.com\/munkacsyhotel","article_modified_time":"2024-08-07T15:57:22+00:00","og_image":[{"width":1200,"height":355,"url":"https:\/\/www.munkacsyhotel.hu\/wp-content\/uploads\/sites\/155\/2024\/06\/terasz_munkacsy_hotel.jpg","type":"image\/jpeg"}],"twitter_card":"summary_large_image","twitter_site":"@Munkacsy_Hotel","twitter_misc":{"Gesch\u00e4tzte Lesezeit":"1 Minute"},"schema":{"@context":"https:\/\/schema.org","@graph":[{"@type":"WebPage","@id":"https:\/\/www.munkacsyhotel.hu\/de\/gastronomie\/","url":"https:\/\/www.munkacsyhotel.hu\/de\/gastronomie\/","name":"Gastronomie &#8211; Munk\u00e1csy Hotel","isPartOf":{"@id":"https:\/\/www.munkacsyhotel.hu\/de\/#website"},"datePublished":"2024-07-01T14:34:09+00:00","dateModified":"2024-08-07T15:57:22+00:00","description":"Bei Speisen ist die Auswahl der Zutaten ebenso wichtig, wie die sorgf\u00e4ltig ausgew\u00e4hlten und gut vorbereiteten Bausteine, die beim Bau einer Kathedrale auf ein sicheres, hochwertiges Fundament gelegt werden. Wandern wir doch in eine andere Dimension, in die Welt der Musik, wo immergr\u00fcne, unvergessliche Melodien aus der harmonischen Verflechtung der Noten entstehen. Wir haben das Konzept des Restaurants und der Bar \u201eGoldpinsel\u201c - anhand \u00e4hnlicher Ideen und Gedanken definiert. Um das wahre gastronomische Erlebnis zu genie\u00dfen, haben wir die lokalen Produzenten und Handwerksmeister eingeladen: \u201eLasst uns gemeinsam etwas komponieren!\u201c..","breadcrumb":{"@id":"https:\/\/www.munkacsyhotel.hu\/de\/gastronomie\/#breadcrumb"},"inLanguage":"de-DE","potentialAction":[{"@type":"ReadAction","target":["https:\/\/www.munkacsyhotel.hu\/de\/gastronomie\/"]}]},{"@type":"BreadcrumbList","@id":"https:\/\/www.munkacsyhotel.hu\/de\/gastronomie\/#breadcrumb","itemListElement":[{"@type":"ListItem","position":1,"name":"Home","item":"https:\/\/www.munkacsyhotel.hu\/de\/"},{"@type":"ListItem","position":2,"name":"Gastronomie"}]},{"@type":"WebSite","@id":"https:\/\/www.munkacsyhotel.hu\/de\/#website","url":"https:\/\/www.munkacsyhotel.hu\/de\/","name":"Munk\u00e1csy Hotel","description":"Wellness \u00e9s Konferencia Bekescsaba","publisher":{"@id":"https:\/\/www.munkacsyhotel.hu\/de\/#organization"},"alternateName":"Munk\u00e1csy Hotel","potentialAction":[{"@type":"SearchAction","target":{"@type":"EntryPoint","urlTemplate":"https:\/\/www.munkacsyhotel.hu\/de\/?s={search_term_string}"},"query-input":"required name=search_term_string"}],"inLanguage":"de-DE"},{"@type":"Organization","@id":"https:\/\/www.munkacsyhotel.hu\/de\/#organization","name":"Munk\u00e1csy Hotel","alternateName":"Munkacsy Hotel\u2605\u2605\u2605\u2605","url":"https:\/\/www.munkacsyhotel.hu\/de\/","logo":{"@type":"ImageObject","inLanguage":"de-DE","@id":"https:\/\/www.munkacsyhotel.hu\/de\/#\/schema\/logo\/image\/","url":"https:\/\/www.munkacsyhotel.hu\/wp-content\/uploads\/sites\/155\/2024\/06\/munkacsy_hotel_bekescsaba.png","contentUrl":"https:\/\/www.munkacsyhotel.hu\/wp-content\/uploads\/sites\/155\/2024\/06\/munkacsy_hotel_bekescsaba.png","width":300,"height":119,"caption":"Munk\u00e1csy Hotel"},"image":{"@id":"https:\/\/www.munkacsyhotel.hu\/de\/#\/schema\/logo\/image\/"},"sameAs":["https:\/\/www.facebook.com\/munkacsyhotel","https:\/\/twitter.com\/Munkacsy_Hotel"]}]}},"acf":[],"_links":{"self":[{"href":"https:\/\/www.munkacsyhotel.hu\/de\/wp-json\/wp\/v2\/pages\/230"}],"collection":[{"href":"https:\/\/www.munkacsyhotel.hu\/de\/wp-json\/wp\/v2\/pages"}],"about":[{"href":"https:\/\/www.munkacsyhotel.hu\/de\/wp-json\/wp\/v2\/types\/page"}],"author":[{"embeddable":true,"href":"https:\/\/www.munkacsyhotel.hu\/de\/wp-json\/wp\/v2\/users\/12"}],"replies":[{"embeddable":true,"href":"https:\/\/www.munkacsyhotel.hu\/de\/wp-json\/wp\/v2\/comments?post=230"}],"version-history":[{"count":0,"href":"https:\/\/www.munkacsyhotel.hu\/de\/wp-json\/wp\/v2\/pages\/230\/revisions"}],"wp:attachment":[{"href":"https:\/\/www.munkacsyhotel.hu\/de\/wp-json\/wp\/v2\/media?parent=230"}],"curies":[{"name":"wp","href":"https:\/\/api.w.org\/{rel}","templated":true}]}}