{"id":201,"date":"2024-07-04T15:37:17","date_gmt":"2024-07-04T15:37:17","guid":{"rendered":"https:\/\/munkacsy-hotel.ms2.decms.eu\/kuldetesunk\/"},"modified":"2024-08-05T09:26:43","modified_gmt":"2024-08-05T09:26:43","slug":"unser-auftrag","status":"publish","type":"page","link":"https:\/\/www.munkacsyhotel.hu\/de\/unser-auftrag\/","title":{"rendered":"Unser Mission"},"content":{"rendered":"<p>Unser Hotel ist bestrebt, in das Leben unserer G\u00e4ste in einer exclusiven Umbegung und eine besondere Atmosph\u00e4re zu schmuggeln, die Luxus und Exzellenz verbindet.<\/p>\n<p>Neben der einzigartigen Atmosph\u00e4re ist aber auch die menschliche Seite unverzichtbar, die wir als unsere wichtigste Aufgabe betrachten.<br \/>\nGemeinsam mit unseren qualifizierten Kollegen bem\u00fchen wir uns Ihnen &#8211; von Ihrer Ankunft bis zu Ihrer Abreise &#8211; ein perfektes G\u00e4steerlebnis zu bieten.<\/p>\n","protected":false},"excerpt":{"rendered":"<p>Unser Hotel ist bestrebt, in das Leben unserer G\u00e4ste in einer exclusiven Umbegung und eine besondere Atmosph\u00e4re zu schmuggeln, die Luxus und Exzellenz verbindet. Neben der einzigartigen Atmosph\u00e4re ist aber auch die menschliche Seite unverzichtbar, die wir als unsere wichtigste Aufgabe betrachten. Gemeinsam mit unseren qualifizierten Kollegen bem\u00fchen wir uns Ihnen &#8211; von Ihrer Ankunft [&hellip;]<\/p>\n","protected":false},"author":12,"featured_media":0,"parent":0,"menu_order":65,"comment_status":"closed","ping_status":"closed","template":"template-services.php","meta":{"footnotes":""},"class_list":["post-201","page","type-page","status-publish","hentry"],"yoast_head":"<!-- This site is optimized with the Yoast SEO plugin v27.3 - https:\/\/yoast.com\/product\/yoast-seo-wordpress\/ -->\n<title>Unser Mission &#8211; Munk\u00e1csy Hotel<\/title>\n<meta name=\"description\" content=\"Unser Hotel ist bestrebt, in das Leben unserer G\u00e4ste in einer exclusiven Umbegung und eine besondere Atmosph\u00e4re zu schmuggeln, die Luxus und Exzellenz verbindet.  Neben der einzigartigen Atmosph\u00e4re ist aber auch die menschliche Seite unverzichtbar, die wir als unsere wichtigste Aufgabe betrachten. Gemeinsam mit unseren qualifizierten Kollegen bem\u00fchen wir uns Ihnen - von Ihrer Ankunft bis zu Ihrer Abreise - ein perfektes G\u00e4steerlebnis zu bieten..\" \/>\n<meta name=\"robots\" content=\"index, follow, max-snippet:-1, max-image-preview:large, max-video-preview:-1\" \/>\n<link rel=\"canonical\" href=\"https:\/\/www.munkacsyhotel.hu\/de\/unser-auftrag\/\" \/>\n<meta property=\"og:locale\" content=\"de_DE\" \/>\n<meta property=\"og:type\" content=\"article\" \/>\n<meta property=\"og:title\" content=\"Unser Mission &#8211; Munk\u00e1csy Hotel\" \/>\n<meta property=\"og:description\" content=\"Unser Hotel ist bestrebt, in das Leben unserer G\u00e4ste in einer exclusiven Umbegung und eine besondere Atmosph\u00e4re zu schmuggeln, die Luxus und Exzellenz verbindet.  Neben der einzigartigen Atmosph\u00e4re ist aber auch die menschliche Seite unverzichtbar, die wir als unsere wichtigste Aufgabe betrachten. Gemeinsam mit unseren qualifizierten Kollegen bem\u00fchen wir uns Ihnen - von Ihrer Ankunft bis zu Ihrer Abreise - ein perfektes G\u00e4steerlebnis zu bieten..\" \/>\n<meta property=\"og:url\" content=\"https:\/\/www.munkacsyhotel.hu\/de\/unser-auftrag\/\" \/>\n<meta property=\"og:site_name\" content=\"Munk\u00e1csy Hotel\" \/>\n<meta property=\"article:publisher\" content=\"https:\/\/www.facebook.com\/munkacsyhotel\" \/>\n<meta property=\"article:modified_time\" content=\"2024-08-05T09:26:43+00:00\" \/>\n<meta property=\"og:image\" content=\"https:\/\/www.munkacsyhotel.hu\/wp-content\/uploads\/sites\/155\/2024\/06\/terasz_munkacsy_hotel.jpg\" \/>\n\t<meta property=\"og:image:width\" content=\"1200\" \/>\n\t<meta property=\"og:image:height\" content=\"355\" \/>\n\t<meta property=\"og:image:type\" content=\"image\/jpeg\" \/>\n<meta name=\"twitter:card\" content=\"summary_large_image\" \/>\n<meta name=\"twitter:site\" content=\"@Munkacsy_Hotel\" \/>\n<meta name=\"twitter:label1\" content=\"Gesch\u00e4tzte Lesezeit\" \/>\n\t<meta name=\"twitter:data1\" content=\"1 Minute\" \/>\n<script type=\"application\/ld+json\" class=\"yoast-schema-graph\">{\"@context\":\"https:\\\/\\\/schema.org\",\"@graph\":[{\"@type\":\"WebPage\",\"@id\":\"https:\\\/\\\/www.munkacsyhotel.hu\\\/de\\\/unser-auftrag\\\/\",\"url\":\"https:\\\/\\\/www.munkacsyhotel.hu\\\/de\\\/unser-auftrag\\\/\",\"name\":\"Unser Mission &#8211; Munk\u00e1csy Hotel\",\"isPartOf\":{\"@id\":\"https:\\\/\\\/www.munkacsyhotel.hu\\\/de\\\/#website\"},\"datePublished\":\"2024-07-04T15:37:17+00:00\",\"dateModified\":\"2024-08-05T09:26:43+00:00\",\"description\":\"Unser Hotel ist bestrebt, in das Leben unserer G\u00e4ste in einer exclusiven Umbegung und eine besondere Atmosph\u00e4re zu schmuggeln, die Luxus und Exzellenz verbindet. Neben der einzigartigen Atmosph\u00e4re ist aber auch die menschliche Seite unverzichtbar, die wir als unsere wichtigste Aufgabe betrachten. Gemeinsam mit unseren qualifizierten Kollegen bem\u00fchen wir uns Ihnen - von Ihrer Ankunft bis zu Ihrer Abreise - ein perfektes G\u00e4steerlebnis zu bieten..\",\"breadcrumb\":{\"@id\":\"https:\\\/\\\/www.munkacsyhotel.hu\\\/de\\\/unser-auftrag\\\/#breadcrumb\"},\"inLanguage\":\"de-DE\",\"potentialAction\":[{\"@type\":\"ReadAction\",\"target\":[\"https:\\\/\\\/www.munkacsyhotel.hu\\\/de\\\/unser-auftrag\\\/\"]}]},{\"@type\":\"BreadcrumbList\",\"@id\":\"https:\\\/\\\/www.munkacsyhotel.hu\\\/de\\\/unser-auftrag\\\/#breadcrumb\",\"itemListElement\":[{\"@type\":\"ListItem\",\"position\":1,\"name\":\"Home\",\"item\":\"https:\\\/\\\/www.munkacsyhotel.hu\\\/de\\\/\"},{\"@type\":\"ListItem\",\"position\":2,\"name\":\"Unser Mission\"}]},{\"@type\":\"WebSite\",\"@id\":\"https:\\\/\\\/www.munkacsyhotel.hu\\\/de\\\/#website\",\"url\":\"https:\\\/\\\/www.munkacsyhotel.hu\\\/de\\\/\",\"name\":\"Munk\u00e1csy Hotel\",\"description\":\"Wellness \u00e9s Konferencia Bekescsaba\",\"publisher\":{\"@id\":\"https:\\\/\\\/www.munkacsyhotel.hu\\\/de\\\/#organization\"},\"alternateName\":\"Munk\u00e1csy Hotel\",\"potentialAction\":[{\"@type\":\"SearchAction\",\"target\":{\"@type\":\"EntryPoint\",\"urlTemplate\":\"https:\\\/\\\/www.munkacsyhotel.hu\\\/de\\\/?s={search_term_string}\"},\"query-input\":{\"@type\":\"PropertyValueSpecification\",\"valueRequired\":true,\"valueName\":\"search_term_string\"}}],\"inLanguage\":\"de-DE\"},{\"@type\":\"Organization\",\"@id\":\"https:\\\/\\\/www.munkacsyhotel.hu\\\/de\\\/#organization\",\"name\":\"Munk\u00e1csy Hotel\",\"alternateName\":\"Munkacsy Hotel\u2605\u2605\u2605\u2605\",\"url\":\"https:\\\/\\\/www.munkacsyhotel.hu\\\/de\\\/\",\"logo\":{\"@type\":\"ImageObject\",\"inLanguage\":\"de-DE\",\"@id\":\"https:\\\/\\\/www.munkacsyhotel.hu\\\/de\\\/#\\\/schema\\\/logo\\\/image\\\/\",\"url\":\"https:\\\/\\\/www.munkacsyhotel.hu\\\/wp-content\\\/uploads\\\/sites\\\/155\\\/2024\\\/06\\\/munkacsy_hotel_bekescsaba.png\",\"contentUrl\":\"https:\\\/\\\/www.munkacsyhotel.hu\\\/wp-content\\\/uploads\\\/sites\\\/155\\\/2024\\\/06\\\/munkacsy_hotel_bekescsaba.png\",\"width\":300,\"height\":119,\"caption\":\"Munk\u00e1csy Hotel\"},\"image\":{\"@id\":\"https:\\\/\\\/www.munkacsyhotel.hu\\\/de\\\/#\\\/schema\\\/logo\\\/image\\\/\"},\"sameAs\":[\"https:\\\/\\\/www.facebook.com\\\/munkacsyhotel\",\"https:\\\/\\\/x.com\\\/Munkacsy_Hotel\"]}]}<\/script>\n<!-- \/ Yoast SEO plugin. -->","yoast_head_json":{"title":"Unser Mission &#8211; Munk\u00e1csy Hotel","description":"Unser Hotel ist bestrebt, in das Leben unserer G\u00e4ste in einer exclusiven Umbegung und eine besondere Atmosph\u00e4re zu schmuggeln, die Luxus und Exzellenz verbindet.  Neben der einzigartigen Atmosph\u00e4re ist aber auch die menschliche Seite unverzichtbar, die wir als unsere wichtigste Aufgabe betrachten. Gemeinsam mit unseren qualifizierten Kollegen bem\u00fchen wir uns Ihnen - von Ihrer Ankunft bis zu Ihrer Abreise - ein perfektes G\u00e4steerlebnis zu bieten..","robots":{"index":"index","follow":"follow","max-snippet":"max-snippet:-1","max-image-preview":"max-image-preview:large","max-video-preview":"max-video-preview:-1"},"canonical":"https:\/\/www.munkacsyhotel.hu\/de\/unser-auftrag\/","og_locale":"de_DE","og_type":"article","og_title":"Unser Mission &#8211; Munk\u00e1csy Hotel","og_description":"Unser Hotel ist bestrebt, in das Leben unserer G\u00e4ste in einer exclusiven Umbegung und eine besondere Atmosph\u00e4re zu schmuggeln, die Luxus und Exzellenz verbindet.  Neben der einzigartigen Atmosph\u00e4re ist aber auch die menschliche Seite unverzichtbar, die wir als unsere wichtigste Aufgabe betrachten. Gemeinsam mit unseren qualifizierten Kollegen bem\u00fchen wir uns Ihnen - von Ihrer Ankunft bis zu Ihrer Abreise - ein perfektes G\u00e4steerlebnis zu bieten..","og_url":"https:\/\/www.munkacsyhotel.hu\/de\/unser-auftrag\/","og_site_name":"Munk\u00e1csy Hotel","article_publisher":"https:\/\/www.facebook.com\/munkacsyhotel","article_modified_time":"2024-08-05T09:26:43+00:00","og_image":[{"width":1200,"height":355,"url":"https:\/\/www.munkacsyhotel.hu\/wp-content\/uploads\/sites\/155\/2024\/06\/terasz_munkacsy_hotel.jpg","type":"image\/jpeg"}],"twitter_card":"summary_large_image","twitter_site":"@Munkacsy_Hotel","twitter_misc":{"Gesch\u00e4tzte Lesezeit":"1 Minute"},"schema":{"@context":"https:\/\/schema.org","@graph":[{"@type":"WebPage","@id":"https:\/\/www.munkacsyhotel.hu\/de\/unser-auftrag\/","url":"https:\/\/www.munkacsyhotel.hu\/de\/unser-auftrag\/","name":"Unser Mission &#8211; Munk\u00e1csy Hotel","isPartOf":{"@id":"https:\/\/www.munkacsyhotel.hu\/de\/#website"},"datePublished":"2024-07-04T15:37:17+00:00","dateModified":"2024-08-05T09:26:43+00:00","description":"Unser Hotel ist bestrebt, in das Leben unserer G\u00e4ste in einer exclusiven Umbegung und eine besondere Atmosph\u00e4re zu schmuggeln, die Luxus und Exzellenz verbindet. Neben der einzigartigen Atmosph\u00e4re ist aber auch die menschliche Seite unverzichtbar, die wir als unsere wichtigste Aufgabe betrachten. Gemeinsam mit unseren qualifizierten Kollegen bem\u00fchen wir uns Ihnen - von Ihrer Ankunft bis zu Ihrer Abreise - ein perfektes G\u00e4steerlebnis zu bieten..","breadcrumb":{"@id":"https:\/\/www.munkacsyhotel.hu\/de\/unser-auftrag\/#breadcrumb"},"inLanguage":"de-DE","potentialAction":[{"@type":"ReadAction","target":["https:\/\/www.munkacsyhotel.hu\/de\/unser-auftrag\/"]}]},{"@type":"BreadcrumbList","@id":"https:\/\/www.munkacsyhotel.hu\/de\/unser-auftrag\/#breadcrumb","itemListElement":[{"@type":"ListItem","position":1,"name":"Home","item":"https:\/\/www.munkacsyhotel.hu\/de\/"},{"@type":"ListItem","position":2,"name":"Unser Mission"}]},{"@type":"WebSite","@id":"https:\/\/www.munkacsyhotel.hu\/de\/#website","url":"https:\/\/www.munkacsyhotel.hu\/de\/","name":"Munk\u00e1csy Hotel","description":"Wellness \u00e9s Konferencia Bekescsaba","publisher":{"@id":"https:\/\/www.munkacsyhotel.hu\/de\/#organization"},"alternateName":"Munk\u00e1csy Hotel","potentialAction":[{"@type":"SearchAction","target":{"@type":"EntryPoint","urlTemplate":"https:\/\/www.munkacsyhotel.hu\/de\/?s={search_term_string}"},"query-input":{"@type":"PropertyValueSpecification","valueRequired":true,"valueName":"search_term_string"}}],"inLanguage":"de-DE"},{"@type":"Organization","@id":"https:\/\/www.munkacsyhotel.hu\/de\/#organization","name":"Munk\u00e1csy Hotel","alternateName":"Munkacsy Hotel\u2605\u2605\u2605\u2605","url":"https:\/\/www.munkacsyhotel.hu\/de\/","logo":{"@type":"ImageObject","inLanguage":"de-DE","@id":"https:\/\/www.munkacsyhotel.hu\/de\/#\/schema\/logo\/image\/","url":"https:\/\/www.munkacsyhotel.hu\/wp-content\/uploads\/sites\/155\/2024\/06\/munkacsy_hotel_bekescsaba.png","contentUrl":"https:\/\/www.munkacsyhotel.hu\/wp-content\/uploads\/sites\/155\/2024\/06\/munkacsy_hotel_bekescsaba.png","width":300,"height":119,"caption":"Munk\u00e1csy Hotel"},"image":{"@id":"https:\/\/www.munkacsyhotel.hu\/de\/#\/schema\/logo\/image\/"},"sameAs":["https:\/\/www.facebook.com\/munkacsyhotel","https:\/\/x.com\/Munkacsy_Hotel"]}]}},"acf":[],"_links":{"self":[{"href":"https:\/\/www.munkacsyhotel.hu\/de\/wp-json\/wp\/v2\/pages\/201","targetHints":{"allow":["GET"]}}],"collection":[{"href":"https:\/\/www.munkacsyhotel.hu\/de\/wp-json\/wp\/v2\/pages"}],"about":[{"href":"https:\/\/www.munkacsyhotel.hu\/de\/wp-json\/wp\/v2\/types\/page"}],"author":[{"embeddable":true,"href":"https:\/\/www.munkacsyhotel.hu\/de\/wp-json\/wp\/v2\/users\/12"}],"replies":[{"embeddable":true,"href":"https:\/\/www.munkacsyhotel.hu\/de\/wp-json\/wp\/v2\/comments?post=201"}],"version-history":[{"count":0,"href":"https:\/\/www.munkacsyhotel.hu\/de\/wp-json\/wp\/v2\/pages\/201\/revisions"}],"wp:attachment":[{"href":"https:\/\/www.munkacsyhotel.hu\/de\/wp-json\/wp\/v2\/media?parent=201"}],"curies":[{"name":"wp","href":"https:\/\/api.w.org\/{rel}","templated":true}]}}