{"id":186,"date":"2024-07-04T08:17:12","date_gmt":"2024-07-04T08:17:12","guid":{"rendered":"https:\/\/munkacsy-hotel.ms2.decms.eu\/a-regi-szarny\/"},"modified":"2024-08-01T13:13:24","modified_gmt":"2024-08-01T13:13:24","slug":"der-alte-fluegel","status":"publish","type":"page","link":"https:\/\/www.munkacsyhotel.hu\/de\/der-alte-fluegel\/","title":{"rendered":"Der alte Fl\u00fcgel"},"content":{"rendered":"<p><span style=\"font-weight: 400;\">Das alte Geb\u00e4ude unseres Hotels, das ehemalige \u201eBierhaus\u201c, in dem in der Vergangenheit das wichtigste gesellschaftliche Leben von B\u00e9k\u00e9scsaba stattfand, wurde renoviert um den Aufenthalt unserer G\u00e4ste in jeder Hinsicht zu verbessern.<\/span><br \/>\n<span style=\"font-weight: 400;\">Im alten Fl\u00fcgel des Geb\u00e4udes befinden sich die erste und zweite Etage unseres Hotels (\u201e100-er\u201c und \u201e200-er\u201c Stock)<\/span><\/p>\n<ul>\n<li><span style=\"font-weight: 400;\">4 Classic-Zimmer, mit Doppelbett<\/span><\/li>\n<li><span style=\"font-weight: 400;\">4 Superior-Zimmer, mit Doppelbett<\/span><\/li>\n<li><span style=\"font-weight: 400;\">4 Junior-Suiten, mit Doppelbett und Klappcouch<\/span><\/li>\n<li><span style=\"font-weight: 400;\">2 Deluxe-Suiten mit Doppelzimmer\u00a0<\/span><\/li>\n<\/ul>\n<p><b>In diesem Fl\u00fcgel sind alle Ebenen \u00fcber Treppen erreichbar.<\/b><\/p>\n","protected":false},"excerpt":{"rendered":"<p>Das alte Geb\u00e4ude unseres Hotels, das ehemalige \u201eBierhaus\u201c, in dem in der Vergangenheit das wichtigste gesellschaftliche Leben von B\u00e9k\u00e9scsaba stattfand, wurde renoviert um den Aufenthalt unserer G\u00e4ste in jeder Hinsicht zu verbessern. Im alten Fl\u00fcgel des Geb\u00e4udes befinden sich die erste und zweite Etage unseres Hotels (\u201e100-er\u201c und \u201e200-er\u201c Stock) 4 Classic-Zimmer, mit Doppelbett 4 [&hellip;]<\/p>\n","protected":false},"author":12,"featured_media":0,"parent":0,"menu_order":900,"comment_status":"closed","ping_status":"closed","template":"","meta":{"footnotes":""},"yoast_head":"<!-- This site is optimized with the Yoast SEO plugin v22.3 - https:\/\/yoast.com\/wordpress\/plugins\/seo\/ -->\n<title>Der alte Fl\u00fcgel &#8211; Munk\u00e1csy Hotel<\/title>\n<meta name=\"description\" content=\"Das alte Geb\u00e4ude unseres Hotels, das ehemalige \u201eBierhaus\u201c, in dem in der Vergangenheit das wichtigste gesellschaftliche Leben von B\u00e9k\u00e9scsaba stattfand, wurde renoviert um den Aufenthalt unserer G\u00e4ste in jeder Hinsicht zu verbessern. Im alten Fl\u00fcgel des Geb\u00e4udes befinden sich die erste und zweite Etage unseres Hotels (\u201e100-er\u201c und \u201e200-er\u201c Stock)   4 Classic-Zimmer, mit Doppelbett  4 Superior-Zimmer, mit Doppelbett  4 Junior-Suiten, mit Doppelbett und Klappcouch  2 Deluxe-Suiten mit Doppelzimmer\u00a0  In diesem Fl\u00fcgel sind alle Ebenen \u00fcber Treppen erreichbar..\" \/>\n<meta name=\"robots\" content=\"index, follow, max-snippet:-1, max-image-preview:large, max-video-preview:-1\" \/>\n<link rel=\"canonical\" href=\"https:\/\/www.munkacsyhotel.hu\/de\/der-alte-fluegel\/\" \/>\n<meta property=\"og:locale\" content=\"de_DE\" \/>\n<meta property=\"og:type\" content=\"article\" \/>\n<meta property=\"og:title\" content=\"Der alte Fl\u00fcgel &#8211; Munk\u00e1csy Hotel\" \/>\n<meta property=\"og:description\" content=\"Das alte Geb\u00e4ude unseres Hotels, das ehemalige \u201eBierhaus\u201c, in dem in der Vergangenheit das wichtigste gesellschaftliche Leben von B\u00e9k\u00e9scsaba stattfand, wurde renoviert um den Aufenthalt unserer G\u00e4ste in jeder Hinsicht zu verbessern. Im alten Fl\u00fcgel des Geb\u00e4udes befinden sich die erste und zweite Etage unseres Hotels (\u201e100-er\u201c und \u201e200-er\u201c Stock)   4 Classic-Zimmer, mit Doppelbett  4 Superior-Zimmer, mit Doppelbett  4 Junior-Suiten, mit Doppelbett und Klappcouch  2 Deluxe-Suiten mit Doppelzimmer\u00a0  In diesem Fl\u00fcgel sind alle Ebenen \u00fcber Treppen erreichbar..\" \/>\n<meta property=\"og:url\" content=\"https:\/\/www.munkacsyhotel.hu\/de\/der-alte-fluegel\/\" \/>\n<meta property=\"og:site_name\" content=\"Munk\u00e1csy Hotel\" \/>\n<meta property=\"article:publisher\" content=\"https:\/\/www.facebook.com\/munkacsyhotel\" \/>\n<meta property=\"article:modified_time\" content=\"2024-08-01T13:13:24+00:00\" \/>\n<meta property=\"og:image\" content=\"https:\/\/www.munkacsyhotel.hu\/wp-content\/uploads\/sites\/155\/2024\/06\/terasz_munkacsy_hotel.jpg\" \/>\n\t<meta property=\"og:image:width\" content=\"1200\" \/>\n\t<meta property=\"og:image:height\" content=\"355\" \/>\n\t<meta property=\"og:image:type\" content=\"image\/jpeg\" \/>\n<meta name=\"twitter:card\" content=\"summary_large_image\" \/>\n<meta name=\"twitter:site\" content=\"@Munkacsy_Hotel\" \/>\n<meta name=\"twitter:label1\" content=\"Gesch\u00e4tzte Lesezeit\" \/>\n\t<meta name=\"twitter:data1\" content=\"1 Minute\" \/>\n<script type=\"application\/ld+json\" class=\"yoast-schema-graph\">{\"@context\":\"https:\/\/schema.org\",\"@graph\":[{\"@type\":\"WebPage\",\"@id\":\"https:\/\/www.munkacsyhotel.hu\/de\/der-alte-fluegel\/\",\"url\":\"https:\/\/www.munkacsyhotel.hu\/de\/der-alte-fluegel\/\",\"name\":\"Der alte Fl\u00fcgel &#8211; Munk\u00e1csy Hotel\",\"isPartOf\":{\"@id\":\"https:\/\/www.munkacsyhotel.hu\/de\/#website\"},\"datePublished\":\"2024-07-04T08:17:12+00:00\",\"dateModified\":\"2024-08-01T13:13:24+00:00\",\"description\":\"Das alte Geb\u00e4ude unseres Hotels, das ehemalige \u201eBierhaus\u201c, in dem in der Vergangenheit das wichtigste gesellschaftliche Leben von B\u00e9k\u00e9scsaba stattfand, wurde renoviert um den Aufenthalt unserer G\u00e4ste in jeder Hinsicht zu verbessern. Im alten Fl\u00fcgel des Geb\u00e4udes befinden sich die erste und zweite Etage unseres Hotels (\u201e100-er\u201c und \u201e200-er\u201c Stock) \u2022 4 Classic-Zimmer, mit Doppelbett \u2022 4 Superior-Zimmer, mit Doppelbett \u2022 4 Junior-Suiten, mit Doppelbett und Klappcouch \u2022 2 Deluxe-Suiten mit Doppelzimmer\u00a0 In diesem Fl\u00fcgel sind alle Ebenen \u00fcber Treppen erreichbar..\",\"breadcrumb\":{\"@id\":\"https:\/\/www.munkacsyhotel.hu\/de\/der-alte-fluegel\/#breadcrumb\"},\"inLanguage\":\"de-DE\",\"potentialAction\":[{\"@type\":\"ReadAction\",\"target\":[\"https:\/\/www.munkacsyhotel.hu\/de\/der-alte-fluegel\/\"]}]},{\"@type\":\"BreadcrumbList\",\"@id\":\"https:\/\/www.munkacsyhotel.hu\/de\/der-alte-fluegel\/#breadcrumb\",\"itemListElement\":[{\"@type\":\"ListItem\",\"position\":1,\"name\":\"Home\",\"item\":\"https:\/\/www.munkacsyhotel.hu\/de\/\"},{\"@type\":\"ListItem\",\"position\":2,\"name\":\"Der alte Fl\u00fcgel\"}]},{\"@type\":\"WebSite\",\"@id\":\"https:\/\/www.munkacsyhotel.hu\/de\/#website\",\"url\":\"https:\/\/www.munkacsyhotel.hu\/de\/\",\"name\":\"Munk\u00e1csy Hotel\",\"description\":\"Wellness \u00e9s Konferencia Bekescsaba\",\"publisher\":{\"@id\":\"https:\/\/www.munkacsyhotel.hu\/de\/#organization\"},\"alternateName\":\"Munk\u00e1csy Hotel\",\"potentialAction\":[{\"@type\":\"SearchAction\",\"target\":{\"@type\":\"EntryPoint\",\"urlTemplate\":\"https:\/\/www.munkacsyhotel.hu\/de\/?s={search_term_string}\"},\"query-input\":\"required name=search_term_string\"}],\"inLanguage\":\"de-DE\"},{\"@type\":\"Organization\",\"@id\":\"https:\/\/www.munkacsyhotel.hu\/de\/#organization\",\"name\":\"Munk\u00e1csy Hotel\",\"alternateName\":\"Munkacsy Hotel\u2605\u2605\u2605\u2605\",\"url\":\"https:\/\/www.munkacsyhotel.hu\/de\/\",\"logo\":{\"@type\":\"ImageObject\",\"inLanguage\":\"de-DE\",\"@id\":\"https:\/\/www.munkacsyhotel.hu\/de\/#\/schema\/logo\/image\/\",\"url\":\"https:\/\/www.munkacsyhotel.hu\/wp-content\/uploads\/sites\/155\/2024\/06\/munkacsy_hotel_bekescsaba.png\",\"contentUrl\":\"https:\/\/www.munkacsyhotel.hu\/wp-content\/uploads\/sites\/155\/2024\/06\/munkacsy_hotel_bekescsaba.png\",\"width\":300,\"height\":119,\"caption\":\"Munk\u00e1csy Hotel\"},\"image\":{\"@id\":\"https:\/\/www.munkacsyhotel.hu\/de\/#\/schema\/logo\/image\/\"},\"sameAs\":[\"https:\/\/www.facebook.com\/munkacsyhotel\",\"https:\/\/twitter.com\/Munkacsy_Hotel\"]}]}<\/script>\n<!-- \/ Yoast SEO plugin. -->","yoast_head_json":{"title":"Der alte Fl\u00fcgel &#8211; Munk\u00e1csy Hotel","description":"Das alte Geb\u00e4ude unseres Hotels, das ehemalige \u201eBierhaus\u201c, in dem in der Vergangenheit das wichtigste gesellschaftliche Leben von B\u00e9k\u00e9scsaba stattfand, wurde renoviert um den Aufenthalt unserer G\u00e4ste in jeder Hinsicht zu verbessern. Im alten Fl\u00fcgel des Geb\u00e4udes befinden sich die erste und zweite Etage unseres Hotels (\u201e100-er\u201c und \u201e200-er\u201c Stock)   4 Classic-Zimmer, mit Doppelbett  4 Superior-Zimmer, mit Doppelbett  4 Junior-Suiten, mit Doppelbett und Klappcouch  2 Deluxe-Suiten mit Doppelzimmer\u00a0  In diesem Fl\u00fcgel sind alle Ebenen \u00fcber Treppen erreichbar..","robots":{"index":"index","follow":"follow","max-snippet":"max-snippet:-1","max-image-preview":"max-image-preview:large","max-video-preview":"max-video-preview:-1"},"canonical":"https:\/\/www.munkacsyhotel.hu\/de\/der-alte-fluegel\/","og_locale":"de_DE","og_type":"article","og_title":"Der alte Fl\u00fcgel &#8211; Munk\u00e1csy Hotel","og_description":"Das alte Geb\u00e4ude unseres Hotels, das ehemalige \u201eBierhaus\u201c, in dem in der Vergangenheit das wichtigste gesellschaftliche Leben von B\u00e9k\u00e9scsaba stattfand, wurde renoviert um den Aufenthalt unserer G\u00e4ste in jeder Hinsicht zu verbessern. Im alten Fl\u00fcgel des Geb\u00e4udes befinden sich die erste und zweite Etage unseres Hotels (\u201e100-er\u201c und \u201e200-er\u201c Stock)   4 Classic-Zimmer, mit Doppelbett  4 Superior-Zimmer, mit Doppelbett  4 Junior-Suiten, mit Doppelbett und Klappcouch  2 Deluxe-Suiten mit Doppelzimmer\u00a0  In diesem Fl\u00fcgel sind alle Ebenen \u00fcber Treppen erreichbar..","og_url":"https:\/\/www.munkacsyhotel.hu\/de\/der-alte-fluegel\/","og_site_name":"Munk\u00e1csy Hotel","article_publisher":"https:\/\/www.facebook.com\/munkacsyhotel","article_modified_time":"2024-08-01T13:13:24+00:00","og_image":[{"width":1200,"height":355,"url":"https:\/\/www.munkacsyhotel.hu\/wp-content\/uploads\/sites\/155\/2024\/06\/terasz_munkacsy_hotel.jpg","type":"image\/jpeg"}],"twitter_card":"summary_large_image","twitter_site":"@Munkacsy_Hotel","twitter_misc":{"Gesch\u00e4tzte Lesezeit":"1 Minute"},"schema":{"@context":"https:\/\/schema.org","@graph":[{"@type":"WebPage","@id":"https:\/\/www.munkacsyhotel.hu\/de\/der-alte-fluegel\/","url":"https:\/\/www.munkacsyhotel.hu\/de\/der-alte-fluegel\/","name":"Der alte Fl\u00fcgel &#8211; Munk\u00e1csy Hotel","isPartOf":{"@id":"https:\/\/www.munkacsyhotel.hu\/de\/#website"},"datePublished":"2024-07-04T08:17:12+00:00","dateModified":"2024-08-01T13:13:24+00:00","description":"Das alte Geb\u00e4ude unseres Hotels, das ehemalige \u201eBierhaus\u201c, in dem in der Vergangenheit das wichtigste gesellschaftliche Leben von B\u00e9k\u00e9scsaba stattfand, wurde renoviert um den Aufenthalt unserer G\u00e4ste in jeder Hinsicht zu verbessern. Im alten Fl\u00fcgel des Geb\u00e4udes befinden sich die erste und zweite Etage unseres Hotels (\u201e100-er\u201c und \u201e200-er\u201c Stock) \u2022 4 Classic-Zimmer, mit Doppelbett \u2022 4 Superior-Zimmer, mit Doppelbett \u2022 4 Junior-Suiten, mit Doppelbett und Klappcouch \u2022 2 Deluxe-Suiten mit Doppelzimmer\u00a0 In diesem Fl\u00fcgel sind alle Ebenen \u00fcber Treppen erreichbar..","breadcrumb":{"@id":"https:\/\/www.munkacsyhotel.hu\/de\/der-alte-fluegel\/#breadcrumb"},"inLanguage":"de-DE","potentialAction":[{"@type":"ReadAction","target":["https:\/\/www.munkacsyhotel.hu\/de\/der-alte-fluegel\/"]}]},{"@type":"BreadcrumbList","@id":"https:\/\/www.munkacsyhotel.hu\/de\/der-alte-fluegel\/#breadcrumb","itemListElement":[{"@type":"ListItem","position":1,"name":"Home","item":"https:\/\/www.munkacsyhotel.hu\/de\/"},{"@type":"ListItem","position":2,"name":"Der alte Fl\u00fcgel"}]},{"@type":"WebSite","@id":"https:\/\/www.munkacsyhotel.hu\/de\/#website","url":"https:\/\/www.munkacsyhotel.hu\/de\/","name":"Munk\u00e1csy Hotel","description":"Wellness \u00e9s Konferencia Bekescsaba","publisher":{"@id":"https:\/\/www.munkacsyhotel.hu\/de\/#organization"},"alternateName":"Munk\u00e1csy Hotel","potentialAction":[{"@type":"SearchAction","target":{"@type":"EntryPoint","urlTemplate":"https:\/\/www.munkacsyhotel.hu\/de\/?s={search_term_string}"},"query-input":"required name=search_term_string"}],"inLanguage":"de-DE"},{"@type":"Organization","@id":"https:\/\/www.munkacsyhotel.hu\/de\/#organization","name":"Munk\u00e1csy Hotel","alternateName":"Munkacsy Hotel\u2605\u2605\u2605\u2605","url":"https:\/\/www.munkacsyhotel.hu\/de\/","logo":{"@type":"ImageObject","inLanguage":"de-DE","@id":"https:\/\/www.munkacsyhotel.hu\/de\/#\/schema\/logo\/image\/","url":"https:\/\/www.munkacsyhotel.hu\/wp-content\/uploads\/sites\/155\/2024\/06\/munkacsy_hotel_bekescsaba.png","contentUrl":"https:\/\/www.munkacsyhotel.hu\/wp-content\/uploads\/sites\/155\/2024\/06\/munkacsy_hotel_bekescsaba.png","width":300,"height":119,"caption":"Munk\u00e1csy Hotel"},"image":{"@id":"https:\/\/www.munkacsyhotel.hu\/de\/#\/schema\/logo\/image\/"},"sameAs":["https:\/\/www.facebook.com\/munkacsyhotel","https:\/\/twitter.com\/Munkacsy_Hotel"]}]}},"acf":[],"_links":{"self":[{"href":"https:\/\/www.munkacsyhotel.hu\/de\/wp-json\/wp\/v2\/pages\/186"}],"collection":[{"href":"https:\/\/www.munkacsyhotel.hu\/de\/wp-json\/wp\/v2\/pages"}],"about":[{"href":"https:\/\/www.munkacsyhotel.hu\/de\/wp-json\/wp\/v2\/types\/page"}],"author":[{"embeddable":true,"href":"https:\/\/www.munkacsyhotel.hu\/de\/wp-json\/wp\/v2\/users\/12"}],"replies":[{"embeddable":true,"href":"https:\/\/www.munkacsyhotel.hu\/de\/wp-json\/wp\/v2\/comments?post=186"}],"version-history":[{"count":0,"href":"https:\/\/www.munkacsyhotel.hu\/de\/wp-json\/wp\/v2\/pages\/186\/revisions"}],"wp:attachment":[{"href":"https:\/\/www.munkacsyhotel.hu\/de\/wp-json\/wp\/v2\/media?parent=186"}],"curies":[{"name":"wp","href":"https:\/\/api.w.org\/{rel}","templated":true}]}}