{"id":181,"date":"2024-06-27T12:23:09","date_gmt":"2024-06-27T12:23:09","guid":{"rendered":"https:\/\/munkacsy-hotel.ms2.decms.eu\/sample-page\/"},"modified":"2024-08-26T07:28:07","modified_gmt":"2024-08-26T07:28:07","slug":"sample-page","status":"publish","type":"page","link":"https:\/\/www.munkacsyhotel.hu\/de\/","title":{"rendered":"Munk\u00e1csy Hotel"},"content":{"rendered":"<p>Das Hotel Munk\u00e1csy**** ist ein 4-Sterne-Hotel, und liegt 5 Gehminuten vom Stadtzentrum entfernt, in der Nachbarschaft des malerischen und ruhigen Sz\u00e9chenyi-Parks mit seinen jahrhundertealten B\u00e4umen.<\/p>\n<p>Das im Jahr 2014 erbaute Hotel erwartet seine G\u00e4ste als Wellness- und Konferenzhotel mit einzigartigen Business-Dienstleistungen und einem Wellness- und Fitnesscenter.<\/p>\n<p>Das Hotel mit 24 Zimmern bietet exklusive Innenausstattung, ma\u00dfgeschneiderte Gesch\u00e4ftsdienstleistungen und eine familienfreundliche Gestaltung f\u00fcr seine G\u00e4ste. Unser Hotel ist in zwei Geb\u00e4ude unterteilt. Der alte Fl\u00fcgel, das ehemalige &#8222;Serh\u00e1z&#8220; (Bierhaus), das einst das Zentrum des gesellschaftlichen Lebens in B\u00e9k\u00e9scsaba war, wurde w\u00fcrdig renoviert, um den Standard der Erholung der hier ankommenden G\u00e4ste zu erh\u00f6hen.<\/p>\n<p>In der friedlichen Umgebung, die alle Bed\u00fcrfnisse erf\u00fcllt, k\u00f6nnen sich die G\u00e4ste in der luxuri\u00f6sen Bade- und Saunawelt, bei entspannenden Massagen und in der Freizeitgestaltung erholen.<\/p>\n","protected":false},"excerpt":{"rendered":"<p>Das Hotel Munk\u00e1csy**** ist ein 4-Sterne-Hotel, und liegt 5 Gehminuten vom Stadtzentrum entfernt, in der Nachbarschaft des malerischen und ruhigen Sz\u00e9chenyi-Parks mit seinen jahrhundertealten B\u00e4umen. Das im Jahr 2014 erbaute Hotel erwartet seine G\u00e4ste als Wellness- und Konferenzhotel mit einzigartigen Business-Dienstleistungen und einem Wellness- und Fitnesscenter. Das Hotel mit 24 Zimmern bietet exklusive Innenausstattung, ma\u00dfgeschneiderte [&hellip;]<\/p>\n","protected":false},"author":160,"featured_media":0,"parent":0,"menu_order":0,"comment_status":"closed","ping_status":"closed","template":"","meta":{"footnotes":""},"yoast_head":"<!-- This site is optimized with the Yoast SEO plugin v22.3 - https:\/\/yoast.com\/wordpress\/plugins\/seo\/ -->\n<title>Munk\u00e1csy Hotel &#8211; Munk\u00e1csy Hotel<\/title>\n<meta name=\"description\" content=\"Das Hotel Munk\u00e1csy**** ist ein 4-Sterne-Hotel, und liegt 5 Gehminuten vom Stadtzentrum entfernt, in der Nachbarschaft des malerischen und ruhigen Sz\u00e9chenyi-Parks mit seinen jahrhundertealten B\u00e4umen.  Das im Jahr 2014 erbaute Hotel erwartet seine G\u00e4ste als Wellness- und Konferenzhotel mit einzigartigen Business-Dienstleistungen und einem Wellness- und Fitnesscenter.  Das Hotel mit 24 Zimmern bietet exklusive Innenausstattung, ma\u00dfgeschneiderte Gesch\u00e4ftsdienstleistungen und eine familienfreundliche Gestaltung f\u00fcr seine G\u00e4ste. Unser Hotel ist in zwei Geb\u00e4ude unterteilt\" \/>\n<meta name=\"robots\" content=\"index, follow, max-snippet:-1, max-image-preview:large, max-video-preview:-1\" \/>\n<link rel=\"canonical\" href=\"https:\/\/www.munkacsyhotel.hu\/de\/\" \/>\n<meta property=\"og:locale\" content=\"de_DE\" \/>\n<meta property=\"og:type\" content=\"article\" \/>\n<meta property=\"og:title\" content=\"Munk\u00e1csy Hotel &#8211; Munk\u00e1csy Hotel\" \/>\n<meta property=\"og:description\" content=\"Das Hotel Munk\u00e1csy**** ist ein 4-Sterne-Hotel, und liegt 5 Gehminuten vom Stadtzentrum entfernt, in der Nachbarschaft des malerischen und ruhigen Sz\u00e9chenyi-Parks mit seinen jahrhundertealten B\u00e4umen.  Das im Jahr 2014 erbaute Hotel erwartet seine G\u00e4ste als Wellness- und Konferenzhotel mit einzigartigen Business-Dienstleistungen und einem Wellness- und Fitnesscenter.  Das Hotel mit 24 Zimmern bietet exklusive Innenausstattung, ma\u00dfgeschneiderte Gesch\u00e4ftsdienstleistungen und eine familienfreundliche Gestaltung f\u00fcr seine G\u00e4ste. Unser Hotel ist in zwei Geb\u00e4ude unterteilt\" \/>\n<meta property=\"og:url\" content=\"https:\/\/www.munkacsyhotel.hu\/de\/\" \/>\n<meta property=\"og:site_name\" content=\"Munk\u00e1csy Hotel\" \/>\n<meta property=\"article:publisher\" content=\"https:\/\/www.facebook.com\/munkacsyhotel\" \/>\n<meta property=\"article:modified_time\" content=\"2024-08-26T07:28:07+00:00\" \/>\n<meta property=\"og:image\" content=\"https:\/\/www.munkacsyhotel.hu\/wp-content\/uploads\/sites\/155\/2024\/06\/terasz_munkacsy_hotel.jpg\" \/>\n\t<meta property=\"og:image:width\" content=\"1200\" \/>\n\t<meta property=\"og:image:height\" content=\"355\" \/>\n\t<meta property=\"og:image:type\" content=\"image\/jpeg\" \/>\n<meta name=\"twitter:card\" content=\"summary_large_image\" \/>\n<meta name=\"twitter:site\" content=\"@Munkacsy_Hotel\" \/>\n<meta name=\"twitter:label1\" content=\"Gesch\u00e4tzte Lesezeit\" \/>\n\t<meta name=\"twitter:data1\" content=\"1 Minute\" \/>\n<script type=\"application\/ld+json\" class=\"yoast-schema-graph\">{\"@context\":\"https:\/\/schema.org\",\"@graph\":[{\"@type\":\"WebPage\",\"@id\":\"https:\/\/www.munkacsyhotel.hu\/de\/\",\"url\":\"https:\/\/www.munkacsyhotel.hu\/de\/\",\"name\":\"Munk\u00e1csy Hotel &#8211; Munk\u00e1csy Hotel\",\"isPartOf\":{\"@id\":\"https:\/\/www.munkacsyhotel.hu\/de\/#website\"},\"datePublished\":\"2024-06-27T12:23:09+00:00\",\"dateModified\":\"2024-08-26T07:28:07+00:00\",\"description\":\"Das Hotel Munk\u00e1csy**** ist ein 4-Sterne-Hotel, und liegt 5 Gehminuten vom Stadtzentrum entfernt, in der Nachbarschaft des malerischen und ruhigen Sz\u00e9chenyi-Parks mit seinen jahrhundertealten B\u00e4umen. Das im Jahr 2014 erbaute Hotel erwartet seine G\u00e4ste als Wellness- und Konferenzhotel mit einzigartigen Business-Dienstleistungen und einem Wellness- und Fitnesscenter. Das Hotel mit 24 Zimmern bietet exklusive Innenausstattung, ma\u00dfgeschneiderte Gesch\u00e4ftsdienstleistungen und eine familienfreundliche Gestaltung f\u00fcr seine G\u00e4ste. Unser Hotel ist in zwei Geb\u00e4ude unterteilt\",\"breadcrumb\":{\"@id\":\"https:\/\/www.munkacsyhotel.hu\/de\/#breadcrumb\"},\"inLanguage\":\"de-DE\",\"potentialAction\":[{\"@type\":\"ReadAction\",\"target\":[\"https:\/\/www.munkacsyhotel.hu\/de\/\"]}]},{\"@type\":\"BreadcrumbList\",\"@id\":\"https:\/\/www.munkacsyhotel.hu\/de\/#breadcrumb\",\"itemListElement\":[{\"@type\":\"ListItem\",\"position\":1,\"name\":\"Home\",\"item\":\"https:\/\/www.munkacsyhotel.hu\/de\/\"},{\"@type\":\"ListItem\",\"position\":2,\"name\":\"Munk\u00e1csy Hotel\"}]},{\"@type\":\"WebSite\",\"@id\":\"https:\/\/www.munkacsyhotel.hu\/de\/#website\",\"url\":\"https:\/\/www.munkacsyhotel.hu\/de\/\",\"name\":\"Munk\u00e1csy Hotel\",\"description\":\"Wellness \u00e9s Konferencia Bekescsaba\",\"publisher\":{\"@id\":\"https:\/\/www.munkacsyhotel.hu\/de\/#organization\"},\"alternateName\":\"Munk\u00e1csy Hotel\",\"potentialAction\":[{\"@type\":\"SearchAction\",\"target\":{\"@type\":\"EntryPoint\",\"urlTemplate\":\"https:\/\/www.munkacsyhotel.hu\/de\/?s={search_term_string}\"},\"query-input\":\"required name=search_term_string\"}],\"inLanguage\":\"de-DE\"},{\"@type\":\"Organization\",\"@id\":\"https:\/\/www.munkacsyhotel.hu\/de\/#organization\",\"name\":\"Munk\u00e1csy Hotel\",\"alternateName\":\"Munkacsy Hotel\u2605\u2605\u2605\u2605\",\"url\":\"https:\/\/www.munkacsyhotel.hu\/de\/\",\"logo\":{\"@type\":\"ImageObject\",\"inLanguage\":\"de-DE\",\"@id\":\"https:\/\/www.munkacsyhotel.hu\/de\/#\/schema\/logo\/image\/\",\"url\":\"https:\/\/www.munkacsyhotel.hu\/wp-content\/uploads\/sites\/155\/2024\/06\/munkacsy_hotel_bekescsaba.png\",\"contentUrl\":\"https:\/\/www.munkacsyhotel.hu\/wp-content\/uploads\/sites\/155\/2024\/06\/munkacsy_hotel_bekescsaba.png\",\"width\":300,\"height\":119,\"caption\":\"Munk\u00e1csy Hotel\"},\"image\":{\"@id\":\"https:\/\/www.munkacsyhotel.hu\/de\/#\/schema\/logo\/image\/\"},\"sameAs\":[\"https:\/\/www.facebook.com\/munkacsyhotel\",\"https:\/\/twitter.com\/Munkacsy_Hotel\"]}]}<\/script>\n<!-- \/ Yoast SEO plugin. -->","yoast_head_json":{"title":"Munk\u00e1csy Hotel &#8211; Munk\u00e1csy Hotel","description":"Das Hotel Munk\u00e1csy**** ist ein 4-Sterne-Hotel, und liegt 5 Gehminuten vom Stadtzentrum entfernt, in der Nachbarschaft des malerischen und ruhigen Sz\u00e9chenyi-Parks mit seinen jahrhundertealten B\u00e4umen.  Das im Jahr 2014 erbaute Hotel erwartet seine G\u00e4ste als Wellness- und Konferenzhotel mit einzigartigen Business-Dienstleistungen und einem Wellness- und Fitnesscenter.  Das Hotel mit 24 Zimmern bietet exklusive Innenausstattung, ma\u00dfgeschneiderte Gesch\u00e4ftsdienstleistungen und eine familienfreundliche Gestaltung f\u00fcr seine G\u00e4ste. Unser Hotel ist in zwei Geb\u00e4ude unterteilt","robots":{"index":"index","follow":"follow","max-snippet":"max-snippet:-1","max-image-preview":"max-image-preview:large","max-video-preview":"max-video-preview:-1"},"canonical":"https:\/\/www.munkacsyhotel.hu\/de\/","og_locale":"de_DE","og_type":"article","og_title":"Munk\u00e1csy Hotel &#8211; Munk\u00e1csy Hotel","og_description":"Das Hotel Munk\u00e1csy**** ist ein 4-Sterne-Hotel, und liegt 5 Gehminuten vom Stadtzentrum entfernt, in der Nachbarschaft des malerischen und ruhigen Sz\u00e9chenyi-Parks mit seinen jahrhundertealten B\u00e4umen.  Das im Jahr 2014 erbaute Hotel erwartet seine G\u00e4ste als Wellness- und Konferenzhotel mit einzigartigen Business-Dienstleistungen und einem Wellness- und Fitnesscenter.  Das Hotel mit 24 Zimmern bietet exklusive Innenausstattung, ma\u00dfgeschneiderte Gesch\u00e4ftsdienstleistungen und eine familienfreundliche Gestaltung f\u00fcr seine G\u00e4ste. Unser Hotel ist in zwei Geb\u00e4ude unterteilt","og_url":"https:\/\/www.munkacsyhotel.hu\/de\/","og_site_name":"Munk\u00e1csy Hotel","article_publisher":"https:\/\/www.facebook.com\/munkacsyhotel","article_modified_time":"2024-08-26T07:28:07+00:00","og_image":[{"width":1200,"height":355,"url":"https:\/\/www.munkacsyhotel.hu\/wp-content\/uploads\/sites\/155\/2024\/06\/terasz_munkacsy_hotel.jpg","type":"image\/jpeg"}],"twitter_card":"summary_large_image","twitter_site":"@Munkacsy_Hotel","twitter_misc":{"Gesch\u00e4tzte Lesezeit":"1 Minute"},"schema":{"@context":"https:\/\/schema.org","@graph":[{"@type":"WebPage","@id":"https:\/\/www.munkacsyhotel.hu\/de\/","url":"https:\/\/www.munkacsyhotel.hu\/de\/","name":"Munk\u00e1csy Hotel &#8211; Munk\u00e1csy Hotel","isPartOf":{"@id":"https:\/\/www.munkacsyhotel.hu\/de\/#website"},"datePublished":"2024-06-27T12:23:09+00:00","dateModified":"2024-08-26T07:28:07+00:00","description":"Das Hotel Munk\u00e1csy**** ist ein 4-Sterne-Hotel, und liegt 5 Gehminuten vom Stadtzentrum entfernt, in der Nachbarschaft des malerischen und ruhigen Sz\u00e9chenyi-Parks mit seinen jahrhundertealten B\u00e4umen. Das im Jahr 2014 erbaute Hotel erwartet seine G\u00e4ste als Wellness- und Konferenzhotel mit einzigartigen Business-Dienstleistungen und einem Wellness- und Fitnesscenter. Das Hotel mit 24 Zimmern bietet exklusive Innenausstattung, ma\u00dfgeschneiderte Gesch\u00e4ftsdienstleistungen und eine familienfreundliche Gestaltung f\u00fcr seine G\u00e4ste. Unser Hotel ist in zwei Geb\u00e4ude unterteilt","breadcrumb":{"@id":"https:\/\/www.munkacsyhotel.hu\/de\/#breadcrumb"},"inLanguage":"de-DE","potentialAction":[{"@type":"ReadAction","target":["https:\/\/www.munkacsyhotel.hu\/de\/"]}]},{"@type":"BreadcrumbList","@id":"https:\/\/www.munkacsyhotel.hu\/de\/#breadcrumb","itemListElement":[{"@type":"ListItem","position":1,"name":"Home","item":"https:\/\/www.munkacsyhotel.hu\/de\/"},{"@type":"ListItem","position":2,"name":"Munk\u00e1csy Hotel"}]},{"@type":"WebSite","@id":"https:\/\/www.munkacsyhotel.hu\/de\/#website","url":"https:\/\/www.munkacsyhotel.hu\/de\/","name":"Munk\u00e1csy Hotel","description":"Wellness \u00e9s Konferencia Bekescsaba","publisher":{"@id":"https:\/\/www.munkacsyhotel.hu\/de\/#organization"},"alternateName":"Munk\u00e1csy Hotel","potentialAction":[{"@type":"SearchAction","target":{"@type":"EntryPoint","urlTemplate":"https:\/\/www.munkacsyhotel.hu\/de\/?s={search_term_string}"},"query-input":"required name=search_term_string"}],"inLanguage":"de-DE"},{"@type":"Organization","@id":"https:\/\/www.munkacsyhotel.hu\/de\/#organization","name":"Munk\u00e1csy Hotel","alternateName":"Munkacsy Hotel\u2605\u2605\u2605\u2605","url":"https:\/\/www.munkacsyhotel.hu\/de\/","logo":{"@type":"ImageObject","inLanguage":"de-DE","@id":"https:\/\/www.munkacsyhotel.hu\/de\/#\/schema\/logo\/image\/","url":"https:\/\/www.munkacsyhotel.hu\/wp-content\/uploads\/sites\/155\/2024\/06\/munkacsy_hotel_bekescsaba.png","contentUrl":"https:\/\/www.munkacsyhotel.hu\/wp-content\/uploads\/sites\/155\/2024\/06\/munkacsy_hotel_bekescsaba.png","width":300,"height":119,"caption":"Munk\u00e1csy Hotel"},"image":{"@id":"https:\/\/www.munkacsyhotel.hu\/de\/#\/schema\/logo\/image\/"},"sameAs":["https:\/\/www.facebook.com\/munkacsyhotel","https:\/\/twitter.com\/Munkacsy_Hotel"]}]}},"acf":[],"_links":{"self":[{"href":"https:\/\/www.munkacsyhotel.hu\/de\/wp-json\/wp\/v2\/pages\/181"}],"collection":[{"href":"https:\/\/www.munkacsyhotel.hu\/de\/wp-json\/wp\/v2\/pages"}],"about":[{"href":"https:\/\/www.munkacsyhotel.hu\/de\/wp-json\/wp\/v2\/types\/page"}],"author":[{"embeddable":true,"href":"https:\/\/www.munkacsyhotel.hu\/de\/wp-json\/wp\/v2\/users\/160"}],"replies":[{"embeddable":true,"href":"https:\/\/www.munkacsyhotel.hu\/de\/wp-json\/wp\/v2\/comments?post=181"}],"version-history":[{"count":0,"href":"https:\/\/www.munkacsyhotel.hu\/de\/wp-json\/wp\/v2\/pages\/181\/revisions"}],"wp:attachment":[{"href":"https:\/\/www.munkacsyhotel.hu\/de\/wp-json\/wp\/v2\/media?parent=181"}],"curies":[{"name":"wp","href":"https:\/\/api.w.org\/{rel}","templated":true}]}}